{"id":8927,"date":"2020-07-15T14:22:36","date_gmt":"2020-07-15T14:22:36","guid":{"rendered":"https:\/\/basakcilastik.com.tr\/?post_type=product&#038;p=8927"},"modified":"2020-07-15T14:22:36","modified_gmt":"2020-07-15T14:22:36","slug":"einhell-te-id-500-e-darbeli-matkap","status":"publish","type":"product","link":"http:\/\/basakcilastik.com.tr\/?product=einhell-te-id-500-e-darbeli-matkap","title":{"rendered":"Einhell TE-ID 500 E Darbeli Matkap"},"content":{"rendered":"<p><strong>\u00dcr\u00fcn a\u00e7\u0131klamas\u0131<\/strong><\/p>\n<p>Einhell TE-ID 500 E Darbeli Matkap, ufak, kullan\u0131\u015fl\u0131 bir alet olup vidalama, delme ve darbeli delme i\u015fleriniz i\u00e7in evde ve at\u00f6lyede bir\u00e7ok yerde kullanabilece\u011finiz bir cihazd\u0131r. Kullan\u0131c\u0131 dostu, y\u00fcksek kaliteli matkap mandreni ile kolayca alet de\u011fi\u015ftirebilirsiniz. Aral\u0131ks\u0131z ayarlan\u0131labilen derinlik mesnedi ile tekrarlayan delme i\u015flerinizde h\u0131z\u0131n\u0131za h\u0131z katar. Ergonomik yumu\u015fak tutamaklar konforlu bir kullan\u0131m sunar. Ek tutamakda olan girintiler ile daha g\u00fcvenli bir tutu\u015f sa\u011flar. Pratik \u00f6nse\u00e7imli h\u0131z ayarlar\u0131, uzun servis \u00f6m\u00fcrl\u00fc metal di\u015fli tertibat\u0131 ile her zaman \u00e7al\u0131\u015fmaya haz\u0131rd\u0131r. Pratik saklama ve ta\u015f\u0131ma \u00e7antas\u0131 dahildir.<\/p>\n<p><strong>\u00a0<\/strong><\/p>\n<table>\n<tbody>\n<tr>\n<td colspan=\"2\"><strong>Teknik \u00d6zellikler<\/strong><\/td>\n<\/tr>\n<tr>\n<td><strong>Giri\u015f voltaj\u0131<\/strong><\/td>\n<td>220-240 V | 50 Hz<\/td>\n<\/tr>\n<tr>\n<td><strong>G\u00fc\u00e7<\/strong><\/td>\n<td>550 W<\/td>\n<\/tr>\n<tr>\n<td><strong>Di\u015fli say\u0131s\u0131<\/strong><\/td>\n<td>1<\/td>\n<\/tr>\n<tr>\n<td><strong>Bo\u015fta \u00e7al\u0131\u015fma h\u0131z\u0131 (1. vites)<\/strong><\/td>\n<td>0-3000 min^-1<\/td>\n<\/tr>\n<tr>\n<td><strong>Darbe oran\u0131 (1. vites)<\/strong><\/td>\n<td>0-48000 min^-1<\/td>\n<\/tr>\n<tr>\n<td><strong>Mandren<\/strong><\/td>\n<td>1.5 mm &#8211; 13 mm<\/td>\n<\/tr>\n<tr>\n<td><strong>Ah\u015fap delme kapasitesi<\/strong><\/td>\n<td>25 mm<\/td>\n<\/tr>\n<tr>\n<td><strong>Metal delme kapasitesi<\/strong><\/td>\n<td>8 mm<\/td>\n<\/tr>\n<tr>\n<td><strong>Beton delme kapasitesi<\/strong><\/td>\n<td>10 mm<\/td>\n<\/tr>\n<\/tbody>\n<\/table>\n","protected":false},"excerpt":{"rendered":"<p>\u00dcr\u00fcn a\u00e7\u0131klamas\u0131 Einhell TE-ID 500 E Darbeli Matkap, ufak, kullan\u0131\u015fl\u0131 bir alet olup vidalama, delme ve darbeli delme i\u015fleriniz i\u00e7in evde ve at\u00f6lyede bir\u00e7ok yerde kullanabilece\u011finiz bir cihazd\u0131r. Kullan\u0131c\u0131 dostu, y\u00fcksek kaliteli matkap mandreni ile kolayca alet de\u011fi\u015ftirebilirsiniz. Aral\u0131ks\u0131z ayarlan\u0131labilen derinlik mesnedi ile tekrarlayan delme i\u015flerinizde h\u0131z\u0131n\u0131za h\u0131z katar. Ergonomik yumu\u015fak tutamaklar konforlu bir kullan\u0131m sunar. Ek tutamakda olan girintiler [&hellip;]<\/p>\n","protected":false},"featured_media":8928,"comment_status":"open","ping_status":"closed","template":"","meta":[],"product_brand":[],"product_cat":[15,52,61],"product_tag":[],"class_list":{"0":"post-8927","1":"product","2":"type-product","3":"status-publish","4":"has-post-thumbnail","6":"product_cat-genel","7":"product_cat-akulu-aletler","8":"product_cat-matkaplar","10":"first","11":"instock","12":"shipping-taxable","13":"product-type-simple"},"_links":{"self":[{"href":"http:\/\/basakcilastik.com.tr\/index.php?rest_route=\/wp\/v2\/product\/8927","targetHints":{"allow":["GET"]}}],"collection":[{"href":"http:\/\/basakcilastik.com.tr\/index.php?rest_route=\/wp\/v2\/product"}],"about":[{"href":"http:\/\/basakcilastik.com.tr\/index.php?rest_route=\/wp\/v2\/types\/product"}],"replies":[{"embeddable":true,"href":"http:\/\/basakcilastik.com.tr\/index.php?rest_route=%2Fwp%2Fv2%2Fcomments&post=8927"}],"wp:featuredmedia":[{"embeddable":true,"href":"http:\/\/basakcilastik.com.tr\/index.php?rest_route=\/wp\/v2\/media\/8928"}],"wp:attachment":[{"href":"http:\/\/basakcilastik.com.tr\/index.php?rest_route=%2Fwp%2Fv2%2Fmedia&parent=8927"}],"wp:term":[{"taxonomy":"product_brand","embeddable":true,"href":"http:\/\/basakcilastik.com.tr\/index.php?rest_route=%2Fwp%2Fv2%2Fproduct_brand&post=8927"},{"taxonomy":"product_cat","embeddable":true,"href":"http:\/\/basakcilastik.com.tr\/index.php?rest_route=%2Fwp%2Fv2%2Fproduct_cat&post=8927"},{"taxonomy":"product_tag","embeddable":true,"href":"http:\/\/basakcilastik.com.tr\/index.php?rest_route=%2Fwp%2Fv2%2Fproduct_tag&post=8927"}],"curies":[{"name":"wp","href":"https:\/\/api.w.org\/{rel}","templated":true}]}}