{"id":8923,"date":"2020-07-15T13:26:27","date_gmt":"2020-07-15T13:26:27","guid":{"rendered":"https:\/\/basakcilastik.com.tr\/?post_type=product&#038;p=8923"},"modified":"2020-07-15T13:26:27","modified_gmt":"2020-07-15T13:26:27","slug":"einhell-tc-id-1000-e-kit-darbeli-matkap","status":"publish","type":"product","link":"http:\/\/basakcilastik.com.tr\/?product=einhell-tc-id-1000-e-kit-darbeli-matkap","title":{"rendered":"Einhell TC-ID 1000 E Kit Darbeli Matkap"},"content":{"rendered":"<p><strong>\u00dcr\u00fcn a\u00e7\u0131klamas\u0131<\/strong><\/p>\n<p>Einhell TC-ID 1000 E Kit Darbeli Matkap Seti her delme ve darbeli delme i\u015flemi i\u00e7in yeterince g\u00fcc\u00fc alabilece\u011finiz \u00e7ok y\u00f6nl\u00fc ve i\u015flevli bir \u00fcr\u00fcn olup beraberinde gelen toplamda 16 adet (5 ah\u015fap, 6 metal ve 5 beton delme) matkap u\u00e7lar\u0131 ile delme\/darbeli delme i\u015fleriniz i\u00e7in haz\u0131r bir settir. Delme yapaca\u011f\u0131n\u0131z plastik, metal veya ah\u015fap gib materyale g\u00f6re delme se\u00e7ene\u011fi veya tu\u011fla, beton ve kaya gibi sert materyellerde darbeli delme se\u00e7ene\u011fiyle \u00e7al\u0131\u015fabilirsiniz. Elektronik h\u0131z kontrol\u00fc ile \u00e7al\u0131\u015fmak istedi\u011finiz materyale g\u00f6re hassas h\u0131z ayar\u0131 yaparak optimum deme\/darbeli delme performans\u0131 elde edersiniz. Geni\u015f ergonomik yumu\u015fak kaplama y\u00fczeyler s\u0131k\u0131 bir tutu\u015f ve uzun s\u00fcren i\u015flerde bile konforlu bir \u00e7al\u0131\u015fma sunar. Ek tutamakta daha s\u0131k\u0131 bir tutu\u015f i\u00e7in girintili bir yap\u0131ya sahiptir. Matkap stand\u0131nda durmaya uygundur. 16 par\u00e7a matkap seti ile pratik saklama ve ta\u015f\u0131ma \u00e7antas\u0131 ile birlikte gelir.<\/p>\n<p><strong>\u00a0<\/strong><\/p>\n<p><strong>\u00d6zellikler<\/strong><\/p>\n<p>Darbeli Matkap Seti TC-ID 1000 E Kit i\u00e7in detaylar, \u015fekiller ve bilgiler: burada ayr\u0131nt\u0131l\u0131 teknik veriler ve bu Einhell \u00fcr\u00fcn\u00fcn\u00fcn boyutlar\u0131, a\u011f\u0131rl\u0131\u011f\u0131 ve ambalaj\u0131 hakk\u0131nda \u00f6zel bilgiler bulacaks\u0131n\u0131z.<\/p>\n<table>\n<tbody>\n<tr>\n<td colspan=\"2\"><strong>Teknik \u00d6zellikler<\/strong><\/td>\n<\/tr>\n<tr>\n<td><strong>Giri\u015f voltaj\u0131<\/strong><\/td>\n<td>230-240 V | 50 Hz<\/td>\n<\/tr>\n<tr>\n<td><strong>G\u00fc\u00e7<\/strong><\/td>\n<td>1010 W<\/td>\n<\/tr>\n<tr>\n<td><strong>Di\u015fli say\u0131s\u0131<\/strong><\/td>\n<td>1<\/td>\n<\/tr>\n<tr>\n<td><strong>Bo\u015fta \u00e7al\u0131\u015fma h\u0131z\u0131 (1. vites)<\/strong><\/td>\n<td>0-3000 min^-1<\/td>\n<\/tr>\n<tr>\n<td><strong>Darbe oran\u0131 (1. vites)<\/strong><\/td>\n<td>0-48000 min^-1<\/td>\n<\/tr>\n<tr>\n<td><strong>Mandren<\/strong><\/td>\n<td>1 mm &#8211; 13 mm<\/td>\n<\/tr>\n<tr>\n<td><strong>Ah\u015fap delme kapasitesi<\/strong><\/td>\n<td>32 mm<\/td>\n<\/tr>\n<tr>\n<td><strong>Metal delme kapasitesi<\/strong><\/td>\n<td>13 mm<\/td>\n<\/tr>\n<tr>\n<td><strong>Beton delme kapasitesi<\/strong><\/td>\n<td>16 mm<\/td>\n<\/tr>\n<\/tbody>\n<\/table>\n","protected":false},"excerpt":{"rendered":"<p>\u00dcr\u00fcn a\u00e7\u0131klamas\u0131 Einhell TC-ID 1000 E Kit Darbeli Matkap Seti her delme ve darbeli delme i\u015flemi i\u00e7in yeterince g\u00fcc\u00fc alabilece\u011finiz \u00e7ok y\u00f6nl\u00fc ve i\u015flevli bir \u00fcr\u00fcn olup beraberinde gelen toplamda 16 adet (5 ah\u015fap, 6 metal ve 5 beton delme) matkap u\u00e7lar\u0131 ile delme\/darbeli delme i\u015fleriniz i\u00e7in haz\u0131r bir settir. Delme yapaca\u011f\u0131n\u0131z plastik, metal veya ah\u015fap gib materyale g\u00f6re delme [&hellip;]<\/p>\n","protected":false},"featured_media":8924,"comment_status":"open","ping_status":"closed","template":"","meta":[],"product_brand":[],"product_cat":[15,52,61],"product_tag":[],"class_list":{"0":"post-8923","1":"product","2":"type-product","3":"status-publish","4":"has-post-thumbnail","6":"product_cat-genel","7":"product_cat-akulu-aletler","8":"product_cat-matkaplar","10":"first","11":"instock","12":"shipping-taxable","13":"product-type-simple"},"_links":{"self":[{"href":"http:\/\/basakcilastik.com.tr\/index.php?rest_route=\/wp\/v2\/product\/8923","targetHints":{"allow":["GET"]}}],"collection":[{"href":"http:\/\/basakcilastik.com.tr\/index.php?rest_route=\/wp\/v2\/product"}],"about":[{"href":"http:\/\/basakcilastik.com.tr\/index.php?rest_route=\/wp\/v2\/types\/product"}],"replies":[{"embeddable":true,"href":"http:\/\/basakcilastik.com.tr\/index.php?rest_route=%2Fwp%2Fv2%2Fcomments&post=8923"}],"wp:featuredmedia":[{"embeddable":true,"href":"http:\/\/basakcilastik.com.tr\/index.php?rest_route=\/wp\/v2\/media\/8924"}],"wp:attachment":[{"href":"http:\/\/basakcilastik.com.tr\/index.php?rest_route=%2Fwp%2Fv2%2Fmedia&parent=8923"}],"wp:term":[{"taxonomy":"product_brand","embeddable":true,"href":"http:\/\/basakcilastik.com.tr\/index.php?rest_route=%2Fwp%2Fv2%2Fproduct_brand&post=8923"},{"taxonomy":"product_cat","embeddable":true,"href":"http:\/\/basakcilastik.com.tr\/index.php?rest_route=%2Fwp%2Fv2%2Fproduct_cat&post=8923"},{"taxonomy":"product_tag","embeddable":true,"href":"http:\/\/basakcilastik.com.tr\/index.php?rest_route=%2Fwp%2Fv2%2Fproduct_tag&post=8923"}],"curies":[{"name":"wp","href":"https:\/\/api.w.org\/{rel}","templated":true}]}}