{"id":8919,"date":"2020-07-15T13:24:19","date_gmt":"2020-07-15T13:24:19","guid":{"rendered":"https:\/\/basakcilastik.com.tr\/?post_type=product&#038;p=8919"},"modified":"2020-07-15T13:24:20","modified_gmt":"2020-07-15T13:24:20","slug":"einhell-tc-id-550-e-darbeli-matkap","status":"publish","type":"product","link":"http:\/\/basakcilastik.com.tr\/?product=einhell-tc-id-550-e-darbeli-matkap","title":{"rendered":"Einhell TC-ID 550 E Darbeli Matkap"},"content":{"rendered":"<p><strong>\u00dcr\u00fcn a\u00e7\u0131klamas\u0131<\/strong><\/p>\n<p>Einhell TC-ID 550 E Darbeli Matkap ufak dizayn\u0131 ve rahat tutu\u015fu ile ev aletleri setiniz i\u00e7in ideal bir alettir. Yeni ba\u015flayanlar ve ustalar i\u00e7in e\u015fit uygunlukta, kullan\u0131c\u0131 dostu ve g\u00fc\u00e7l\u00fc bir cihazd\u0131r. \u00d6nse\u00e7imli elektronik h\u0131z ayar\u0131, yava\u015f ba\u015flang\u0131\u00e7 i\u00e7in ayarlanarak fayans ve beton gibi materyaller i\u00e7in ayarlanarak i\u015finizi kolayla\u015ft\u0131r\u0131r. Ayn\u0131 hassasiyeti sert materyaller i\u00e7in de kullanarak son derece iyi sonu\u00e7lar alabilirsiniz. Ayn\u0131 zamanda geri d\u00f6nme fonksiyonu ile deme ve vidalama i\u015fleri i\u00e7in de kullanabilirsiniz. Sa\u011flam metal derinlik mesnedi ile delme i\u015flerinizi h\u0131zl\u0131ca ve istedi\u011finiz derinlikte yapman\u0131z\u0131 sa\u011flar. Ek tutamak ile \u00e7ift el kullanarak g\u00fcvenli bir tutu\u015fu ve istedi\u011finiz kadar g\u00fcc\u00fc uygulayabilmenizi m\u00fcmk\u00fcn k\u0131lar. Kolayca alet de\u011fi\u015ftirebilece\u011finiz 13 mm mandren ile birlikte gelir.<\/p>\n<p><strong>\u00a0<\/strong><\/p>\n<table>\n<tbody>\n<tr>\n<td colspan=\"2\"><strong>Teknik \u00d6zellikler<\/strong><\/td>\n<\/tr>\n<tr>\n<td><strong>Giri\u015f voltaj\u0131<\/strong><\/td>\n<td>220-240 V | 50\/60 Hz<\/td>\n<\/tr>\n<tr>\n<td><strong>G\u00fc\u00e7<\/strong><\/td>\n<td>550 W<\/td>\n<\/tr>\n<tr>\n<td><strong>Di\u015fli say\u0131s\u0131<\/strong><\/td>\n<td>1<\/td>\n<\/tr>\n<tr>\n<td><strong>Bo\u015fta \u00e7al\u0131\u015fma h\u0131z\u0131 (1. vites)<\/strong><\/td>\n<td>0-2800 min^-1<\/td>\n<\/tr>\n<tr>\n<td><strong>Darbe oran\u0131 (1. vites)<\/strong><\/td>\n<td>0-44800 min^-1<\/td>\n<\/tr>\n<tr>\n<td><strong>Mandren<\/strong><\/td>\n<td>1.5 mm &#8211; 13 mm<\/td>\n<\/tr>\n<tr>\n<td><strong>Ah\u015fap delme kapasitesi<\/strong><\/td>\n<td>25 mm<\/td>\n<\/tr>\n<tr>\n<td><strong>Metal delme kapasitesi<\/strong><\/td>\n<td>10 mm<\/td>\n<\/tr>\n<tr>\n<td><strong>Beton delme kapasitesi<\/strong><\/td>\n<td>13 mm<\/td>\n<\/tr>\n<\/tbody>\n<\/table>\n","protected":false},"excerpt":{"rendered":"<p>\u00dcr\u00fcn a\u00e7\u0131klamas\u0131 Einhell TC-ID 550 E Darbeli Matkap ufak dizayn\u0131 ve rahat tutu\u015fu ile ev aletleri setiniz i\u00e7in ideal bir alettir. Yeni ba\u015flayanlar ve ustalar i\u00e7in e\u015fit uygunlukta, kullan\u0131c\u0131 dostu ve g\u00fc\u00e7l\u00fc bir cihazd\u0131r. \u00d6nse\u00e7imli elektronik h\u0131z ayar\u0131, yava\u015f ba\u015flang\u0131\u00e7 i\u00e7in ayarlanarak fayans ve beton gibi materyaller i\u00e7in ayarlanarak i\u015finizi kolayla\u015ft\u0131r\u0131r. Ayn\u0131 hassasiyeti sert materyaller i\u00e7in de kullanarak son derece [&hellip;]<\/p>\n","protected":false},"featured_media":8920,"comment_status":"open","ping_status":"closed","template":"","meta":[],"product_brand":[],"product_cat":[15,52,61],"product_tag":[],"class_list":{"0":"post-8919","1":"product","2":"type-product","3":"status-publish","4":"has-post-thumbnail","6":"product_cat-genel","7":"product_cat-akulu-aletler","8":"product_cat-matkaplar","10":"first","11":"instock","12":"shipping-taxable","13":"product-type-simple"},"_links":{"self":[{"href":"http:\/\/basakcilastik.com.tr\/index.php?rest_route=\/wp\/v2\/product\/8919","targetHints":{"allow":["GET"]}}],"collection":[{"href":"http:\/\/basakcilastik.com.tr\/index.php?rest_route=\/wp\/v2\/product"}],"about":[{"href":"http:\/\/basakcilastik.com.tr\/index.php?rest_route=\/wp\/v2\/types\/product"}],"replies":[{"embeddable":true,"href":"http:\/\/basakcilastik.com.tr\/index.php?rest_route=%2Fwp%2Fv2%2Fcomments&post=8919"}],"wp:featuredmedia":[{"embeddable":true,"href":"http:\/\/basakcilastik.com.tr\/index.php?rest_route=\/wp\/v2\/media\/8920"}],"wp:attachment":[{"href":"http:\/\/basakcilastik.com.tr\/index.php?rest_route=%2Fwp%2Fv2%2Fmedia&parent=8919"}],"wp:term":[{"taxonomy":"product_brand","embeddable":true,"href":"http:\/\/basakcilastik.com.tr\/index.php?rest_route=%2Fwp%2Fv2%2Fproduct_brand&post=8919"},{"taxonomy":"product_cat","embeddable":true,"href":"http:\/\/basakcilastik.com.tr\/index.php?rest_route=%2Fwp%2Fv2%2Fproduct_cat&post=8919"},{"taxonomy":"product_tag","embeddable":true,"href":"http:\/\/basakcilastik.com.tr\/index.php?rest_route=%2Fwp%2Fv2%2Fproduct_tag&post=8919"}],"curies":[{"name":"wp","href":"https:\/\/api.w.org\/{rel}","templated":true}]}}