{"id":8911,"date":"2020-07-15T13:18:21","date_gmt":"2020-07-15T13:18:21","guid":{"rendered":"https:\/\/basakcilastik.com.tr\/?post_type=product&#038;p=8911"},"modified":"2020-07-15T13:18:21","modified_gmt":"2020-07-15T13:18:21","slug":"dewalt-dwd112s-qs-700w-darbesiz-matkap","status":"publish","type":"product","link":"http:\/\/basakcilastik.com.tr\/?product=dewalt-dwd112s-qs-700w-darbesiz-matkap","title":{"rendered":"DEWALT DWD112S-QS 700W Darbesiz Matkap"},"content":{"rendered":"<p><strong>\u00d6zellikleri<\/strong><\/p>\n<ul>\n<li>Kau\u00e7uk kaplamalar delmede kullan\u0131rken kullan\u0131c\u0131ya maksimum konfor sunar<\/li>\n<li>Ah\u015fap ve plaka metalde k\u00fc\u00e7\u00fck \u00e7apl\u0131 delik delmek i\u00e7in ideal<\/li>\n<li>H\u0131zl\u0131 ve kolay u\u00e7 de\u011fi\u015ftirmek i\u00e7in tamam\u0131 metal 10mm anahtars\u0131z\u00a0mandren<\/li>\n<li>Tek el kullan\u0131m i\u00e7in tasarlanm\u0131\u015f boyut, denge ve a\u011f\u0131rl\u0131k<\/li>\n<li>Farkl\u0131 malzemelerde kontroll\u00fc kullan\u0131m i\u00e7in de\u011fi\u015fken h\u0131z ayar\u0131<\/li>\n<li>Entegre kemere ge\u00e7me kancas\u0131 iki eli serbest b\u0131rakacak \u015fekilde matkab\u0131 ta\u015f\u0131may\u0131 sa\u011flar<\/li>\n<\/ul>\n<p>M\u00fckemmel g\u00fc\u00e7\/boyut oran\u0131 sonucunda kompakt yap\u0131l\u0131 g\u00fc\u00e7l\u00fc ve dayan\u0131kl\u0131 matkap<\/p>\n","protected":false},"excerpt":{"rendered":"<p>\u00d6zellikleri Kau\u00e7uk kaplamalar delmede kullan\u0131rken kullan\u0131c\u0131ya maksimum konfor sunar Ah\u015fap ve plaka metalde k\u00fc\u00e7\u00fck \u00e7apl\u0131 delik delmek i\u00e7in ideal H\u0131zl\u0131 ve kolay u\u00e7 de\u011fi\u015ftirmek i\u00e7in tamam\u0131 metal 10mm anahtars\u0131z\u00a0mandren Tek el kullan\u0131m i\u00e7in tasarlanm\u0131\u015f boyut, denge ve a\u011f\u0131rl\u0131k Farkl\u0131 malzemelerde kontroll\u00fc kullan\u0131m i\u00e7in de\u011fi\u015fken h\u0131z ayar\u0131 Entegre kemere ge\u00e7me kancas\u0131 iki eli serbest b\u0131rakacak \u015fekilde matkab\u0131 ta\u015f\u0131may\u0131 sa\u011flar M\u00fckemmel g\u00fc\u00e7\/boyut [&hellip;]<\/p>\n","protected":false},"featured_media":8912,"comment_status":"open","ping_status":"closed","template":"","meta":[],"product_brand":[],"product_cat":[15,52,61],"product_tag":[],"class_list":{"0":"post-8911","1":"product","2":"type-product","3":"status-publish","4":"has-post-thumbnail","6":"product_cat-genel","7":"product_cat-akulu-aletler","8":"product_cat-matkaplar","10":"first","11":"instock","12":"shipping-taxable","13":"product-type-simple"},"_links":{"self":[{"href":"http:\/\/basakcilastik.com.tr\/index.php?rest_route=\/wp\/v2\/product\/8911","targetHints":{"allow":["GET"]}}],"collection":[{"href":"http:\/\/basakcilastik.com.tr\/index.php?rest_route=\/wp\/v2\/product"}],"about":[{"href":"http:\/\/basakcilastik.com.tr\/index.php?rest_route=\/wp\/v2\/types\/product"}],"replies":[{"embeddable":true,"href":"http:\/\/basakcilastik.com.tr\/index.php?rest_route=%2Fwp%2Fv2%2Fcomments&post=8911"}],"wp:featuredmedia":[{"embeddable":true,"href":"http:\/\/basakcilastik.com.tr\/index.php?rest_route=\/wp\/v2\/media\/8912"}],"wp:attachment":[{"href":"http:\/\/basakcilastik.com.tr\/index.php?rest_route=%2Fwp%2Fv2%2Fmedia&parent=8911"}],"wp:term":[{"taxonomy":"product_brand","embeddable":true,"href":"http:\/\/basakcilastik.com.tr\/index.php?rest_route=%2Fwp%2Fv2%2Fproduct_brand&post=8911"},{"taxonomy":"product_cat","embeddable":true,"href":"http:\/\/basakcilastik.com.tr\/index.php?rest_route=%2Fwp%2Fv2%2Fproduct_cat&post=8911"},{"taxonomy":"product_tag","embeddable":true,"href":"http:\/\/basakcilastik.com.tr\/index.php?rest_route=%2Fwp%2Fv2%2Fproduct_tag&post=8911"}],"curies":[{"name":"wp","href":"https:\/\/api.w.org\/{rel}","templated":true}]}}