{"id":8909,"date":"2020-07-14T15:52:03","date_gmt":"2020-07-14T15:52:03","guid":{"rendered":"https:\/\/basakcilastik.com.tr\/?post_type=product&#038;p=8909"},"modified":"2020-07-14T15:52:03","modified_gmt":"2020-07-14T15:52:03","slug":"dewalt-dwd024ks-650w-darbeli-matkap","status":"publish","type":"product","link":"http:\/\/basakcilastik.com.tr\/?product=dewalt-dwd024ks-650w-darbeli-matkap","title":{"rendered":"Dewalt DWD024KS 650W Darbeli Matkap"},"content":{"rendered":"<table width=\"1016\">\n<tbody>\n<tr>\n<td>Darbeli matkap, 650W, 13mm anahtars\u0131z mandren, sa\u011f-sol d\u00f6n\u00fc\u015f, elektronik h\u0131z ayar\u0131, 0-2800 dev\/dak, yan sap, derinlik \u00e7ubu\u011fu, kau\u00e7uk kapl\u0131 sap, a\u011f\u0131r hizmet tipi ta\u015f\u0131ma \u00e7antas\u0131<\/td>\n<\/tr>\n<\/tbody>\n<\/table>\n<p>&nbsp;<\/p>\n<table width=\"1016\">\n<tbody>\n<tr>\n<td>\n<table width=\"1016\">\n<tbody>\n<tr>\n<td><\/td>\n<\/tr>\n<\/tbody>\n<\/table>\n<p>&nbsp;<\/p>\n<table width=\"1016\">\n<tbody>\n<tr>\n<td>\n<table width=\"920\">\n<tbody>\n<tr>\n<td width=\"368\"><strong>G\u00fc\u00e7 (W)<\/strong><\/td>\n<td>650 W<\/td>\n<\/tr>\n<tr>\n<td width=\"368\"><strong>T\u00fcr\u00fc<\/strong><\/td>\n<td>Darbeli<\/td>\n<\/tr>\n<\/tbody>\n<\/table>\n<p>&nbsp;<\/p>\n<table width=\"920\">\n<tbody>\n<tr>\n<td width=\"368\"><strong>Garanti S\u00fcresi (Ay)<\/strong><\/td>\n<td>24<\/td>\n<\/tr>\n<tr>\n<td width=\"368\"><strong>Yurt D\u0131\u015f\u0131 Sat\u0131\u015f<\/strong><\/td>\n<td>Yok<\/td>\n<\/tr>\n<tr>\n<td width=\"368\"><strong>Stok Kodu<\/strong><\/td>\n<td>HRKLDWDWD024KS<\/td>\n<\/tr>\n<tr>\n<td colspan=\"2\"><strong>Di\u011fer<\/strong><\/td>\n<\/tr>\n<\/tbody>\n<\/table>\n<\/td>\n<\/tr>\n<\/tbody>\n<\/table>\n<\/td>\n<\/tr>\n<\/tbody>\n<\/table>\n","protected":false},"excerpt":{"rendered":"<p>Darbeli matkap, 650W, 13mm anahtars\u0131z mandren, sa\u011f-sol d\u00f6n\u00fc\u015f, elektronik h\u0131z ayar\u0131, 0-2800 dev\/dak, yan sap, derinlik \u00e7ubu\u011fu, kau\u00e7uk kapl\u0131 sap, a\u011f\u0131r hizmet tipi ta\u015f\u0131ma \u00e7antas\u0131 &nbsp; &nbsp; G\u00fc\u00e7 (W) 650 W T\u00fcr\u00fc Darbeli &nbsp; Garanti S\u00fcresi (Ay) 24 Yurt D\u0131\u015f\u0131 Sat\u0131\u015f Yok Stok Kodu HRKLDWDWD024KS Di\u011fer<\/p>\n","protected":false},"featured_media":8910,"comment_status":"open","ping_status":"closed","template":"","meta":[],"product_brand":[],"product_cat":[15,52,61],"product_tag":[],"class_list":{"0":"post-8909","1":"product","2":"type-product","3":"status-publish","4":"has-post-thumbnail","6":"product_cat-genel","7":"product_cat-akulu-aletler","8":"product_cat-matkaplar","10":"first","11":"instock","12":"shipping-taxable","13":"product-type-simple"},"_links":{"self":[{"href":"http:\/\/basakcilastik.com.tr\/index.php?rest_route=\/wp\/v2\/product\/8909","targetHints":{"allow":["GET"]}}],"collection":[{"href":"http:\/\/basakcilastik.com.tr\/index.php?rest_route=\/wp\/v2\/product"}],"about":[{"href":"http:\/\/basakcilastik.com.tr\/index.php?rest_route=\/wp\/v2\/types\/product"}],"replies":[{"embeddable":true,"href":"http:\/\/basakcilastik.com.tr\/index.php?rest_route=%2Fwp%2Fv2%2Fcomments&post=8909"}],"wp:featuredmedia":[{"embeddable":true,"href":"http:\/\/basakcilastik.com.tr\/index.php?rest_route=\/wp\/v2\/media\/8910"}],"wp:attachment":[{"href":"http:\/\/basakcilastik.com.tr\/index.php?rest_route=%2Fwp%2Fv2%2Fmedia&parent=8909"}],"wp:term":[{"taxonomy":"product_brand","embeddable":true,"href":"http:\/\/basakcilastik.com.tr\/index.php?rest_route=%2Fwp%2Fv2%2Fproduct_brand&post=8909"},{"taxonomy":"product_cat","embeddable":true,"href":"http:\/\/basakcilastik.com.tr\/index.php?rest_route=%2Fwp%2Fv2%2Fproduct_cat&post=8909"},{"taxonomy":"product_tag","embeddable":true,"href":"http:\/\/basakcilastik.com.tr\/index.php?rest_route=%2Fwp%2Fv2%2Fproduct_tag&post=8909"}],"curies":[{"name":"wp","href":"https:\/\/api.w.org\/{rel}","templated":true}]}}