{"id":8881,"date":"2020-07-14T15:16:22","date_gmt":"2020-07-14T15:16:22","guid":{"rendered":"https:\/\/basakcilastik.com.tr\/?post_type=product&#038;p=8881"},"modified":"2020-07-14T15:16:22","modified_gmt":"2020-07-14T15:16:22","slug":"darbeli-matkap-psb-9d-1213","status":"publish","type":"product","link":"http:\/\/basakcilastik.com.tr\/?product=darbeli-matkap-psb-9d-1213","title":{"rendered":"Darbeli Matkap PSB 9D-1213"},"content":{"rendered":"<p><strong>\u00dcr\u00fcn Teknik Bilgileri<\/strong><\/p>\n<table width=\"100%\">\n<tbody>\n<tr>\n<td width=\"50%\"><strong>G\u00fcc\u00fc<\/strong><\/td>\n<td width=\"50%\"><strong>1200 Watt<\/strong><\/td>\n<\/tr>\n<tr>\n<td><strong>Bo\u015ftaki Devir (1. \/ 2. vites)<\/strong><\/td>\n<td><strong>0-1100 \/ 0-2100 min-1<\/strong><\/td>\n<\/tr>\n<tr>\n<td><strong>Sa\u011f\/Sol<\/strong><\/td>\n<td><strong>Var<\/strong><\/td>\n<\/tr>\n<tr>\n<td><strong>Darbe G\u00fcc\u00fc (1. \/ 2. vites)<\/strong><\/td>\n<td><strong>0-20900 \/ 0-39900 min-1<\/strong><\/td>\n<\/tr>\n<tr>\n<td><strong>Mandren<\/strong><\/td>\n<td><strong>13 mm<\/strong><\/td>\n<\/tr>\n<tr>\n<td><strong>Delme Kapasitesi (Metal \/ Beton \/ Ah\u015fap)<\/strong><\/td>\n<td><strong>16 \/ 25 \/ 50 \/ 127 mm<\/strong><\/td>\n<\/tr>\n<tr>\n<td><strong>Max. Tork (1. \/ 2. vites)<\/strong><\/td>\n<td><strong>69,80 \/ 34,30 Nm<\/strong><\/td>\n<\/tr>\n<tr>\n<td><strong>A\u011f\u0131rl\u0131k<\/strong><\/td>\n<td><strong>3,3 kg<\/strong><\/td>\n<\/tr>\n<\/tbody>\n<\/table>\n","protected":false},"excerpt":{"rendered":"<p>\u00dcr\u00fcn Teknik Bilgileri G\u00fcc\u00fc 1200 Watt Bo\u015ftaki Devir (1. \/ 2. vites) 0-1100 \/ 0-2100 min-1 Sa\u011f\/Sol Var Darbe G\u00fcc\u00fc (1. \/ 2. vites) 0-20900 \/ 0-39900 min-1 Mandren 13 mm Delme Kapasitesi (Metal \/ Beton \/ Ah\u015fap) 16 \/ 25 \/ 50 \/ 127 mm Max. Tork (1. \/ 2. vites) 69,80 \/ 34,30 Nm A\u011f\u0131rl\u0131k 3,3 kg<\/p>\n","protected":false},"featured_media":8882,"comment_status":"open","ping_status":"closed","template":"","meta":[],"product_brand":[],"product_cat":[15,52,61],"product_tag":[],"class_list":{"0":"post-8881","1":"product","2":"type-product","3":"status-publish","4":"has-post-thumbnail","6":"product_cat-genel","7":"product_cat-akulu-aletler","8":"product_cat-matkaplar","10":"first","11":"instock","12":"shipping-taxable","13":"product-type-simple"},"_links":{"self":[{"href":"http:\/\/basakcilastik.com.tr\/index.php?rest_route=\/wp\/v2\/product\/8881","targetHints":{"allow":["GET"]}}],"collection":[{"href":"http:\/\/basakcilastik.com.tr\/index.php?rest_route=\/wp\/v2\/product"}],"about":[{"href":"http:\/\/basakcilastik.com.tr\/index.php?rest_route=\/wp\/v2\/types\/product"}],"replies":[{"embeddable":true,"href":"http:\/\/basakcilastik.com.tr\/index.php?rest_route=%2Fwp%2Fv2%2Fcomments&post=8881"}],"wp:featuredmedia":[{"embeddable":true,"href":"http:\/\/basakcilastik.com.tr\/index.php?rest_route=\/wp\/v2\/media\/8882"}],"wp:attachment":[{"href":"http:\/\/basakcilastik.com.tr\/index.php?rest_route=%2Fwp%2Fv2%2Fmedia&parent=8881"}],"wp:term":[{"taxonomy":"product_brand","embeddable":true,"href":"http:\/\/basakcilastik.com.tr\/index.php?rest_route=%2Fwp%2Fv2%2Fproduct_brand&post=8881"},{"taxonomy":"product_cat","embeddable":true,"href":"http:\/\/basakcilastik.com.tr\/index.php?rest_route=%2Fwp%2Fv2%2Fproduct_cat&post=8881"},{"taxonomy":"product_tag","embeddable":true,"href":"http:\/\/basakcilastik.com.tr\/index.php?rest_route=%2Fwp%2Fv2%2Fproduct_tag&post=8881"}],"curies":[{"name":"wp","href":"https:\/\/api.w.org\/{rel}","templated":true}]}}