{"id":8735,"date":"2020-07-10T14:52:04","date_gmt":"2020-07-10T14:52:04","guid":{"rendered":"https:\/\/basakcilastik.com.tr\/?post_type=product&#038;p=8735"},"modified":"2020-07-10T14:52:04","modified_gmt":"2020-07-10T14:52:04","slug":"havali-kalipci-taslama-seti-professional","status":"publish","type":"product","link":"http:\/\/basakcilastik.com.tr\/?product=havali-kalipci-taslama-seti-professional","title":{"rendered":"Haval\u0131 kal\u0131p\u00e7\u0131 ta\u015flama seti Professional"},"content":{"rendered":"<p>Teknik veriler<\/p>\n<table width=\"750\">\n<thead>\n<tr>\n<td colspan=\"2\">Ek veriler<\/td>\n<\/tr>\n<\/thead>\n<tbody>\n<tr>\n<td><strong>M\u00fcsaade edilen ta\u015flama\/z\u0131mparalama g\u00f6vdesi \u00e7ap\u0131*<\/strong><\/td>\n<td><strong>40<\/strong>\u00a0<strong>mm<\/strong><\/td>\n<\/tr>\n<tr>\n<td><strong>R\u00f6lanti devir say\u0131s\u0131*<\/strong><\/td>\n<td><strong>22.000<\/strong>\u00a0<strong>dev\/dak<\/strong><\/td>\n<\/tr>\n<tr>\n<td><strong>\u00c7\u0131k\u0131\u015f g\u00fcc\u00fc*<\/strong><\/td>\n<td><strong>290<\/strong>\u00a0<strong>W<\/strong><\/td>\n<\/tr>\n<tr>\n<td>R\u00f6lantide hava t\u00fcketimi<\/td>\n<td>13\u00a0lt\/sn<\/td>\n<\/tr>\n<tr>\n<td>A\u011f\u0131rl\u0131k<\/td>\n<td>0,5\u00a0kg<\/td>\n<\/tr>\n<tr>\n<td>U\u00e7 tutucu\/mil di\u015fi<\/td>\n<td>3 und 6-mm-Spannzange<\/td>\n<\/tr>\n<tr>\n<td>Ba\u011flant\u0131 di\u015fi<\/td>\n<td>1\/4&#8243;-NPT<\/td>\n<\/tr>\n<tr>\n<td>Hortum i\u00e7 \u00e7ap\u0131<\/td>\n<td>10\u00a0mm<\/td>\n<\/tr>\n<\/tbody>\n<\/table>\n<p>* Vurgulanan Veriler<\/p>\n","protected":false},"excerpt":{"rendered":"<p>Teknik veriler Ek veriler M\u00fcsaade edilen ta\u015flama\/z\u0131mparalama g\u00f6vdesi \u00e7ap\u0131* 40\u00a0mm R\u00f6lanti devir say\u0131s\u0131* 22.000\u00a0dev\/dak \u00c7\u0131k\u0131\u015f g\u00fcc\u00fc* 290\u00a0W R\u00f6lantide hava t\u00fcketimi 13\u00a0lt\/sn A\u011f\u0131rl\u0131k 0,5\u00a0kg U\u00e7 tutucu\/mil di\u015fi 3 und 6-mm-Spannzange Ba\u011flant\u0131 di\u015fi 1\/4&#8243;-NPT Hortum i\u00e7 \u00e7ap\u0131 10\u00a0mm * Vurgulanan Veriler<\/p>\n","protected":false},"featured_media":8736,"comment_status":"open","ping_status":"closed","template":"","meta":[],"product_brand":[],"product_cat":[15,52,59],"product_tag":[],"class_list":{"0":"post-8735","1":"product","2":"type-product","3":"status-publish","4":"has-post-thumbnail","6":"product_cat-genel","7":"product_cat-akulu-aletler","8":"product_cat-kalipci-taslamalar","10":"first","11":"instock","12":"shipping-taxable","13":"product-type-simple"},"_links":{"self":[{"href":"http:\/\/basakcilastik.com.tr\/index.php?rest_route=\/wp\/v2\/product\/8735","targetHints":{"allow":["GET"]}}],"collection":[{"href":"http:\/\/basakcilastik.com.tr\/index.php?rest_route=\/wp\/v2\/product"}],"about":[{"href":"http:\/\/basakcilastik.com.tr\/index.php?rest_route=\/wp\/v2\/types\/product"}],"replies":[{"embeddable":true,"href":"http:\/\/basakcilastik.com.tr\/index.php?rest_route=%2Fwp%2Fv2%2Fcomments&post=8735"}],"wp:featuredmedia":[{"embeddable":true,"href":"http:\/\/basakcilastik.com.tr\/index.php?rest_route=\/wp\/v2\/media\/8736"}],"wp:attachment":[{"href":"http:\/\/basakcilastik.com.tr\/index.php?rest_route=%2Fwp%2Fv2%2Fmedia&parent=8735"}],"wp:term":[{"taxonomy":"product_brand","embeddable":true,"href":"http:\/\/basakcilastik.com.tr\/index.php?rest_route=%2Fwp%2Fv2%2Fproduct_brand&post=8735"},{"taxonomy":"product_cat","embeddable":true,"href":"http:\/\/basakcilastik.com.tr\/index.php?rest_route=%2Fwp%2Fv2%2Fproduct_cat&post=8735"},{"taxonomy":"product_tag","embeddable":true,"href":"http:\/\/basakcilastik.com.tr\/index.php?rest_route=%2Fwp%2Fv2%2Fproduct_tag&post=8735"}],"curies":[{"name":"wp","href":"https:\/\/api.w.org\/{rel}","templated":true}]}}