{"id":8721,"date":"2020-07-10T14:34:06","date_gmt":"2020-07-10T14:34:06","guid":{"rendered":"https:\/\/basakcilastik.com.tr\/?post_type=product&#038;p=8721"},"modified":"2020-07-10T14:34:07","modified_gmt":"2020-07-10T14:34:07","slug":"ggs-8-sh-professional-kalipci-taslama","status":"publish","type":"product","link":"http:\/\/basakcilastik.com.tr\/?product=ggs-8-sh-professional-kalipci-taslama","title":{"rendered":"GGS 8 SH Professional Kal\u0131p\u00e7\u0131 ta\u015flama"},"content":{"rendered":"<p>Teknik veriler<\/p>\n<table width=\"750\">\n<thead>\n<tr>\n<td colspan=\"2\">Ek veriler<\/td>\n<\/tr>\n<\/thead>\n<tbody>\n<tr>\n<td><strong>R\u00f6lanti devir say\u0131s\u0131*<\/strong><\/td>\n<td><strong>8.000<\/strong>\u00a0<strong>dev\/dak<\/strong><\/td>\n<\/tr>\n<tr>\n<td><strong>Nominal giri\u015f g\u00fcc\u00fc*<\/strong><\/td>\n<td><strong>1.200<\/strong>\u00a0<strong>W<\/strong><\/td>\n<\/tr>\n<tr>\n<td><strong>U\u00e7 giri\u015fi*<\/strong><\/td>\n<td><strong>\u00d8 20 mm\/Mil M 14<\/strong><\/td>\n<\/tr>\n<tr>\n<td>U\u00e7lar<\/td>\n<td>Minimum 45 m\/s, 125 mm \u00e7apa kadar yapay re\u00e7ine ba\u011flant\u0131l\u0131 konik ta\u015flama diskleri ve 32\/26 burgulu yuvarlak f\u0131r\u00e7alar<\/td>\n<\/tr>\n<tr>\n<td>\u00c7\u0131k\u0131\u015f g\u00fcc\u00fc<\/td>\n<td>700\u00a0W<\/td>\n<\/tr>\n<tr>\n<td>A\u011f\u0131rl\u0131k<\/td>\n<td>4,4\u00a0kg<\/td>\n<\/tr>\n<tr>\n<td>Maksimum penset \u00e7ap\u0131<\/td>\n<td>20 mm\/Mil M14<\/td>\n<\/tr>\n<tr>\n<td>Maksimum z\u0131mparalama g\u00f6vdesi \u00e7ap\u0131<\/td>\n<td>125\u00a0mm<\/td>\n<\/tr>\n<tr>\n<td>\u015ealter<\/td>\n<td>Tricontrol<\/td>\n<\/tr>\n<\/tbody>\n<\/table>\n<p>&nbsp;<\/p>\n","protected":false},"excerpt":{"rendered":"<p>Teknik veriler Ek veriler R\u00f6lanti devir say\u0131s\u0131* 8.000\u00a0dev\/dak Nominal giri\u015f g\u00fcc\u00fc* 1.200\u00a0W U\u00e7 giri\u015fi* \u00d8 20 mm\/Mil M 14 U\u00e7lar Minimum 45 m\/s, 125 mm \u00e7apa kadar yapay re\u00e7ine ba\u011flant\u0131l\u0131 konik ta\u015flama diskleri ve 32\/26 burgulu yuvarlak f\u0131r\u00e7alar \u00c7\u0131k\u0131\u015f g\u00fcc\u00fc 700\u00a0W A\u011f\u0131rl\u0131k 4,4\u00a0kg Maksimum penset \u00e7ap\u0131 20 mm\/Mil M14 Maksimum z\u0131mparalama g\u00f6vdesi \u00e7ap\u0131 125\u00a0mm \u015ealter Tricontrol &nbsp;<\/p>\n","protected":false},"featured_media":8722,"comment_status":"open","ping_status":"closed","template":"","meta":[],"product_brand":[],"product_cat":[15,52,59],"product_tag":[],"class_list":{"0":"post-8721","1":"product","2":"type-product","3":"status-publish","4":"has-post-thumbnail","6":"product_cat-genel","7":"product_cat-akulu-aletler","8":"product_cat-kalipci-taslamalar","10":"first","11":"instock","12":"shipping-taxable","13":"product-type-simple"},"_links":{"self":[{"href":"http:\/\/basakcilastik.com.tr\/index.php?rest_route=\/wp\/v2\/product\/8721","targetHints":{"allow":["GET"]}}],"collection":[{"href":"http:\/\/basakcilastik.com.tr\/index.php?rest_route=\/wp\/v2\/product"}],"about":[{"href":"http:\/\/basakcilastik.com.tr\/index.php?rest_route=\/wp\/v2\/types\/product"}],"replies":[{"embeddable":true,"href":"http:\/\/basakcilastik.com.tr\/index.php?rest_route=%2Fwp%2Fv2%2Fcomments&post=8721"}],"wp:featuredmedia":[{"embeddable":true,"href":"http:\/\/basakcilastik.com.tr\/index.php?rest_route=\/wp\/v2\/media\/8722"}],"wp:attachment":[{"href":"http:\/\/basakcilastik.com.tr\/index.php?rest_route=%2Fwp%2Fv2%2Fmedia&parent=8721"}],"wp:term":[{"taxonomy":"product_brand","embeddable":true,"href":"http:\/\/basakcilastik.com.tr\/index.php?rest_route=%2Fwp%2Fv2%2Fproduct_brand&post=8721"},{"taxonomy":"product_cat","embeddable":true,"href":"http:\/\/basakcilastik.com.tr\/index.php?rest_route=%2Fwp%2Fv2%2Fproduct_cat&post=8721"},{"taxonomy":"product_tag","embeddable":true,"href":"http:\/\/basakcilastik.com.tr\/index.php?rest_route=%2Fwp%2Fv2%2Fproduct_tag&post=8721"}],"curies":[{"name":"wp","href":"https:\/\/api.w.org\/{rel}","templated":true}]}}