{"id":8719,"date":"2020-07-10T14:33:14","date_gmt":"2020-07-10T14:33:14","guid":{"rendered":"https:\/\/basakcilastik.com.tr\/?post_type=product&#038;p=8719"},"modified":"2020-07-10T14:33:14","modified_gmt":"2020-07-10T14:33:14","slug":"ggs-8-ce-professional-kalipci-taslama","status":"publish","type":"product","link":"http:\/\/basakcilastik.com.tr\/?product=ggs-8-ce-professional-kalipci-taslama","title":{"rendered":"GGS 8 CE Professional Kal\u0131p\u00e7\u0131 ta\u015flama"},"content":{"rendered":"<p>Teknik veriler<\/p>\n<table width=\"750\">\n<thead>\n<tr>\n<td colspan=\"2\">Ek veriler<\/td>\n<\/tr>\n<\/thead>\n<tbody>\n<tr>\n<td><strong>R\u00f6lanti devir say\u0131s\u0131*<\/strong><\/td>\n<td><strong>2.500 \u2013 8.000<\/strong>\u00a0<strong>dev\/dak<\/strong><\/td>\n<\/tr>\n<tr>\n<td><strong>Nominal giri\u015f g\u00fcc\u00fc*<\/strong><\/td>\n<td><strong>750<\/strong>\u00a0<strong>W<\/strong><\/td>\n<\/tr>\n<tr>\n<td><strong>U\u00e7 giri\u015fi*<\/strong><\/td>\n<td><strong>Pensetler 8 mm \u00e7apa kadar<\/strong><\/td>\n<\/tr>\n<tr>\n<td>\u00c7\u0131k\u0131\u015f g\u00fcc\u00fc<\/td>\n<td>420\u00a0W<\/td>\n<\/tr>\n<tr>\n<td>Mil boynu \u00e7ap\u0131<\/td>\n<td>43\u00a0mm<\/td>\n<\/tr>\n<tr>\n<td>A\u011f\u0131rl\u0131k<\/td>\n<td>1,7\u00a0kg<\/td>\n<\/tr>\n<tr>\n<td>Tak\u0131m \u00f6l\u00e7\u00fcleri (uzunluk)<\/td>\n<td>387\u00a0mm<\/td>\n<\/tr>\n<tr>\n<td>Tak\u0131m \u00f6l\u00e7\u00fcleri (y\u00fckseklik)<\/td>\n<td>77\u00a0mm<\/td>\n<\/tr>\n<tr>\n<td>Maksimum penset \u00e7ap\u0131<\/td>\n<td>8 mm<\/td>\n<\/tr>\n<tr>\n<td>Maksimum z\u0131mparalama g\u00f6vdesi \u00e7ap\u0131<\/td>\n<td>50\u00a0mm<\/td>\n<\/tr>\n<tr>\n<td>Germe somunu anahtar y\u00fczeyi<\/td>\n<td>19\u00a0mm\u00b2<\/td>\n<\/tr>\n<tr>\n<td>Ta\u015flama mili anahtar y\u00fczeyi<\/td>\n<td>13\u00a0mm\u00b2<\/td>\n<\/tr>\n<tr>\n<td>Maksimum polisaj makinesi \u00e7ap\u0131<\/td>\n<td>80\u00a0mm<\/td>\n<\/tr>\n<tr>\n<td>\u015ealter<\/td>\n<td>2 kanall\u0131<\/td>\n<\/tr>\n<\/tbody>\n<\/table>\n","protected":false},"excerpt":{"rendered":"<p>Teknik veriler Ek veriler R\u00f6lanti devir say\u0131s\u0131* 2.500 \u2013 8.000\u00a0dev\/dak Nominal giri\u015f g\u00fcc\u00fc* 750\u00a0W U\u00e7 giri\u015fi* Pensetler 8 mm \u00e7apa kadar \u00c7\u0131k\u0131\u015f g\u00fcc\u00fc 420\u00a0W Mil boynu \u00e7ap\u0131 43\u00a0mm A\u011f\u0131rl\u0131k 1,7\u00a0kg Tak\u0131m \u00f6l\u00e7\u00fcleri (uzunluk) 387\u00a0mm Tak\u0131m \u00f6l\u00e7\u00fcleri (y\u00fckseklik) 77\u00a0mm Maksimum penset \u00e7ap\u0131 8 mm Maksimum z\u0131mparalama g\u00f6vdesi \u00e7ap\u0131 50\u00a0mm Germe somunu anahtar y\u00fczeyi 19\u00a0mm\u00b2 Ta\u015flama mili anahtar y\u00fczeyi 13\u00a0mm\u00b2 Maksimum polisaj [&hellip;]<\/p>\n","protected":false},"featured_media":8720,"comment_status":"open","ping_status":"closed","template":"","meta":[],"product_brand":[],"product_cat":[15,52,59],"product_tag":[],"class_list":{"0":"post-8719","1":"product","2":"type-product","3":"status-publish","4":"has-post-thumbnail","6":"product_cat-genel","7":"product_cat-akulu-aletler","8":"product_cat-kalipci-taslamalar","10":"first","11":"instock","12":"shipping-taxable","13":"product-type-simple"},"_links":{"self":[{"href":"http:\/\/basakcilastik.com.tr\/index.php?rest_route=\/wp\/v2\/product\/8719","targetHints":{"allow":["GET"]}}],"collection":[{"href":"http:\/\/basakcilastik.com.tr\/index.php?rest_route=\/wp\/v2\/product"}],"about":[{"href":"http:\/\/basakcilastik.com.tr\/index.php?rest_route=\/wp\/v2\/types\/product"}],"replies":[{"embeddable":true,"href":"http:\/\/basakcilastik.com.tr\/index.php?rest_route=%2Fwp%2Fv2%2Fcomments&post=8719"}],"wp:featuredmedia":[{"embeddable":true,"href":"http:\/\/basakcilastik.com.tr\/index.php?rest_route=\/wp\/v2\/media\/8720"}],"wp:attachment":[{"href":"http:\/\/basakcilastik.com.tr\/index.php?rest_route=%2Fwp%2Fv2%2Fmedia&parent=8719"}],"wp:term":[{"taxonomy":"product_brand","embeddable":true,"href":"http:\/\/basakcilastik.com.tr\/index.php?rest_route=%2Fwp%2Fv2%2Fproduct_brand&post=8719"},{"taxonomy":"product_cat","embeddable":true,"href":"http:\/\/basakcilastik.com.tr\/index.php?rest_route=%2Fwp%2Fv2%2Fproduct_cat&post=8719"},{"taxonomy":"product_tag","embeddable":true,"href":"http:\/\/basakcilastik.com.tr\/index.php?rest_route=%2Fwp%2Fv2%2Fproduct_tag&post=8719"}],"curies":[{"name":"wp","href":"https:\/\/api.w.org\/{rel}","templated":true}]}}