{"id":8717,"date":"2020-07-10T14:32:27","date_gmt":"2020-07-10T14:32:27","guid":{"rendered":"https:\/\/basakcilastik.com.tr\/?post_type=product&#038;p=8717"},"modified":"2020-07-10T14:32:28","modified_gmt":"2020-07-10T14:32:28","slug":"dewalt-dwe4884-qs-450watt-profesyonel-kisa-kalipci-taslama","status":"publish","type":"product","link":"http:\/\/basakcilastik.com.tr\/?product=dewalt-dwe4884-qs-450watt-profesyonel-kisa-kalipci-taslama","title":{"rendered":"Dewalt DWE4884-QS 450Watt Profesyonel K\u0131sa Kal\u0131p\u00e7\u0131 Ta\u015flama"},"content":{"rendered":"<table width=\"1016\">\n<tbody>\n<tr>\n<td><strong>Dewalt DWE4884-QS 450Watt Profesyonel K\u0131sa Kal\u0131p\u00e7\u0131 Ta\u015flama<\/strong><\/p>\n<p><u>\u00dcr\u00fcn \u00d6zellikleri:<\/u><\/p>\n<p>&nbsp;<\/p>\n<p>Dewalt DWE4884 450Watt Profesyonel K\u0131sa Kal\u0131p\u00e7\u0131 Ta\u015flama<br \/>\nY\u00fcks\u00fcz h\u0131z\u0131 25000 dev\/dk<br \/>\nU\u00e7 giri\u015fi 6mm<br \/>\nSertle\u015ftirilmi\u015f u\u00e7 giri\u015fi, t\u00fcm ata\u015fmanlar\u0131n do\u011fru ve e\u015f merkezli \u00e7al\u0131\u015fmas\u0131n\u0131 sa\u011flar<br \/>\nLastik kavrama Uzun burun eri\u015fimi, konfor ve rahat kontrol\u00fc sa\u011flar<br \/>\nAnti-lock pens somunu t\u00fcm par\u00e7alar\u0131n kolayca \u00e7\u0131kar\u0131labilir olmas\u0131n\u0131 sa\u011flar<br \/>\nKompakt g\u00f6vde tasar\u0131m\u0131 sayesinde rahat kavran\u0131r ve ergonomi sa\u011flar<br \/>\nG\u00fc\u00e7l\u00fc 450W motoru zorlu uygulamalarda maksimum performans sa\u011flar<br \/>\nD\u00fc\u015f\u00fck \u00e7al\u0131\u015fma s\u0131cakl\u0131\u011f\u0131 uzun s\u00fcreli uygulamalarda kullan\u0131c\u0131 konforunu art\u0131r\u0131r<br \/>\nKullan\u0131c\u0131 g\u00fcvenli\u011fi i\u00e7in s\u00fcrg\u00fcl\u00fc a\u00e7ma \/ kapama d\u00fc\u011fmesi<br \/>\nMil kilidi ile kolay ve h\u0131zl\u0131 aksesuar de\u011fi\u015ftirme<br \/>\nProfesyonel Kullan\u0131ma uygundur<br \/>\nA\u011f\u0131rl\u0131k 1,6 Kg<br \/>\nStandart Ekipman; 6mm pens, anahtar<\/td>\n<\/tr>\n<\/tbody>\n<\/table>\n<p>&nbsp;<\/p>\n<table width=\"1016\">\n<tbody>\n<tr>\n<td>\n<table width=\"1016\">\n<tbody>\n<tr>\n<td><\/td>\n<\/tr>\n<\/tbody>\n<\/table>\n<p>&nbsp;<\/p>\n<table width=\"1016\">\n<tbody>\n<tr>\n<td>\n<table width=\"920\">\n<tbody>\n<tr>\n<td width=\"368\"><strong>Devir<\/strong><\/td>\n<td>16000 &#8211; 27000 Devir\/dk<\/td>\n<\/tr>\n<tr>\n<td width=\"368\"><strong>Watt De\u011feri<\/strong><\/td>\n<td>450 W<\/td>\n<\/tr>\n<\/tbody>\n<\/table>\n<\/td>\n<\/tr>\n<\/tbody>\n<\/table>\n<\/td>\n<\/tr>\n<\/tbody>\n<\/table>\n","protected":false},"excerpt":{"rendered":"<p>Dewalt DWE4884-QS 450Watt Profesyonel K\u0131sa Kal\u0131p\u00e7\u0131 Ta\u015flama \u00dcr\u00fcn \u00d6zellikleri: &nbsp; Dewalt DWE4884 450Watt Profesyonel K\u0131sa Kal\u0131p\u00e7\u0131 Ta\u015flama Y\u00fcks\u00fcz h\u0131z\u0131 25000 dev\/dk U\u00e7 giri\u015fi 6mm Sertle\u015ftirilmi\u015f u\u00e7 giri\u015fi, t\u00fcm ata\u015fmanlar\u0131n do\u011fru ve e\u015f merkezli \u00e7al\u0131\u015fmas\u0131n\u0131 sa\u011flar Lastik kavrama Uzun burun eri\u015fimi, konfor ve rahat kontrol\u00fc sa\u011flar Anti-lock pens somunu t\u00fcm par\u00e7alar\u0131n kolayca \u00e7\u0131kar\u0131labilir olmas\u0131n\u0131 sa\u011flar Kompakt g\u00f6vde tasar\u0131m\u0131 sayesinde rahat kavran\u0131r [&hellip;]<\/p>\n","protected":false},"featured_media":8718,"comment_status":"open","ping_status":"closed","template":"","meta":[],"product_brand":[],"product_cat":[15,52,59],"product_tag":[],"class_list":{"0":"post-8717","1":"product","2":"type-product","3":"status-publish","4":"has-post-thumbnail","6":"product_cat-genel","7":"product_cat-akulu-aletler","8":"product_cat-kalipci-taslamalar","10":"first","11":"instock","12":"shipping-taxable","13":"product-type-simple"},"_links":{"self":[{"href":"http:\/\/basakcilastik.com.tr\/index.php?rest_route=\/wp\/v2\/product\/8717","targetHints":{"allow":["GET"]}}],"collection":[{"href":"http:\/\/basakcilastik.com.tr\/index.php?rest_route=\/wp\/v2\/product"}],"about":[{"href":"http:\/\/basakcilastik.com.tr\/index.php?rest_route=\/wp\/v2\/types\/product"}],"replies":[{"embeddable":true,"href":"http:\/\/basakcilastik.com.tr\/index.php?rest_route=%2Fwp%2Fv2%2Fcomments&post=8717"}],"wp:featuredmedia":[{"embeddable":true,"href":"http:\/\/basakcilastik.com.tr\/index.php?rest_route=\/wp\/v2\/media\/8718"}],"wp:attachment":[{"href":"http:\/\/basakcilastik.com.tr\/index.php?rest_route=%2Fwp%2Fv2%2Fmedia&parent=8717"}],"wp:term":[{"taxonomy":"product_brand","embeddable":true,"href":"http:\/\/basakcilastik.com.tr\/index.php?rest_route=%2Fwp%2Fv2%2Fproduct_brand&post=8717"},{"taxonomy":"product_cat","embeddable":true,"href":"http:\/\/basakcilastik.com.tr\/index.php?rest_route=%2Fwp%2Fv2%2Fproduct_cat&post=8717"},{"taxonomy":"product_tag","embeddable":true,"href":"http:\/\/basakcilastik.com.tr\/index.php?rest_route=%2Fwp%2Fv2%2Fproduct_tag&post=8717"}],"curies":[{"name":"wp","href":"https:\/\/api.w.org\/{rel}","templated":true}]}}