{"id":8701,"date":"2020-07-10T12:57:17","date_gmt":"2020-07-10T12:57:17","guid":{"rendered":"https:\/\/basakcilastik.com.tr\/?post_type=product&#038;p=8701"},"modified":"2020-07-10T12:57:18","modified_gmt":"2020-07-10T12:57:18","slug":"yuvarlak-tablali-manyetik-matkap-sehpasi","status":"publish","type":"product","link":"http:\/\/basakcilastik.com.tr\/?product=yuvarlak-tablali-manyetik-matkap-sehpasi","title":{"rendered":"Yuvarlak Tablal\u0131 Manyetik Matkap Sehpas\u0131"},"content":{"rendered":"<p><strong>\u00dcr\u00fcn Teknik Bilgileri<\/strong><\/p>\n<table width=\"100%\">\n<tbody>\n<tr>\n<td width=\"402\"><strong>HAREKET ALANI<\/strong><\/td>\n<td width=\"404\"><strong>280mm(Derinlik)<\/strong><\/td>\n<\/tr>\n<tr>\n<td><strong>MAKS. TAKILAB\u0130L\u0130R ELEK. MATKAP<\/strong><\/td>\n<td><strong>32mm&#8217;lik Matkap<\/strong><\/td>\n<\/tr>\n<tr>\n<td><strong>ELEKTROMANYET\u0130K G\u00dc\u00c7<\/strong><\/td>\n<td><strong>1300KG (YAPI\u015eMA G\u00dcC\u00dc)<\/strong><\/td>\n<\/tr>\n<tr>\n<td><strong>TABLA \u00c7ALI\u015eMA A\u00c7ISI<\/strong><\/td>\n<td><strong>350 DERECE D\u00d6NER TABLALI<\/strong><\/td>\n<\/tr>\n<tr>\n<td><strong>KOMPLE Y\u00dcKSEKL\u0130K<\/strong><\/td>\n<td><strong>670mm<\/strong><\/td>\n<\/tr>\n<tr>\n<td><strong>VOLTAJ<\/strong><\/td>\n<td><strong>220 VOLT<\/strong><\/td>\n<\/tr>\n<tr>\n<td><strong>G\u00dcC\u00dc<\/strong><\/td>\n<td><strong>160 WATT<\/strong><\/td>\n<\/tr>\n<tr>\n<td><strong>A\u011eIRLIK<\/strong><\/td>\n<td><strong>35 KG<\/strong><\/td>\n<\/tr>\n<tr>\n<td><strong>TABLA \u00c7API<\/strong><\/td>\n<td><strong>178mm<\/strong><\/td>\n<\/tr>\n<\/tbody>\n<\/table>\n","protected":false},"excerpt":{"rendered":"<p>\u00dcr\u00fcn Teknik Bilgileri HAREKET ALANI 280mm(Derinlik) MAKS. TAKILAB\u0130L\u0130R ELEK. MATKAP 32mm&#8217;lik Matkap ELEKTROMANYET\u0130K G\u00dc\u00c7 1300KG (YAPI\u015eMA G\u00dcC\u00dc) TABLA \u00c7ALI\u015eMA A\u00c7ISI 350 DERECE D\u00d6NER TABLALI KOMPLE Y\u00dcKSEKL\u0130K 670mm VOLTAJ 220 VOLT G\u00dcC\u00dc 160 WATT A\u011eIRLIK 35 KG TABLA \u00c7API 178mm<\/p>\n","protected":false},"featured_media":8702,"comment_status":"open","ping_status":"closed","template":"","meta":[],"product_brand":[],"product_cat":[15,52,58],"product_tag":[],"class_list":{"0":"post-8701","1":"product","2":"type-product","3":"status-publish","4":"has-post-thumbnail","6":"product_cat-genel","7":"product_cat-akulu-aletler","8":"product_cat-diger-aletler","10":"first","11":"instock","12":"shipping-taxable","13":"product-type-simple"},"_links":{"self":[{"href":"http:\/\/basakcilastik.com.tr\/index.php?rest_route=\/wp\/v2\/product\/8701","targetHints":{"allow":["GET"]}}],"collection":[{"href":"http:\/\/basakcilastik.com.tr\/index.php?rest_route=\/wp\/v2\/product"}],"about":[{"href":"http:\/\/basakcilastik.com.tr\/index.php?rest_route=\/wp\/v2\/types\/product"}],"replies":[{"embeddable":true,"href":"http:\/\/basakcilastik.com.tr\/index.php?rest_route=%2Fwp%2Fv2%2Fcomments&post=8701"}],"wp:featuredmedia":[{"embeddable":true,"href":"http:\/\/basakcilastik.com.tr\/index.php?rest_route=\/wp\/v2\/media\/8702"}],"wp:attachment":[{"href":"http:\/\/basakcilastik.com.tr\/index.php?rest_route=%2Fwp%2Fv2%2Fmedia&parent=8701"}],"wp:term":[{"taxonomy":"product_brand","embeddable":true,"href":"http:\/\/basakcilastik.com.tr\/index.php?rest_route=%2Fwp%2Fv2%2Fproduct_brand&post=8701"},{"taxonomy":"product_cat","embeddable":true,"href":"http:\/\/basakcilastik.com.tr\/index.php?rest_route=%2Fwp%2Fv2%2Fproduct_cat&post=8701"},{"taxonomy":"product_tag","embeddable":true,"href":"http:\/\/basakcilastik.com.tr\/index.php?rest_route=%2Fwp%2Fv2%2Fproduct_tag&post=8701"}],"curies":[{"name":"wp","href":"https:\/\/api.w.org\/{rel}","templated":true}]}}