{"id":8618,"date":"2020-07-09T16:25:44","date_gmt":"2020-07-09T16:25:44","guid":{"rendered":"https:\/\/basakcilastik.com.tr\/?post_type=product&#038;p=8618"},"modified":"2020-07-09T16:25:45","modified_gmt":"2020-07-09T16:25:45","slug":"gsr-6-60-te-professional-alcipan-vidalama-makineleri","status":"publish","type":"product","link":"http:\/\/basakcilastik.com.tr\/?product=gsr-6-60-te-professional-alcipan-vidalama-makineleri","title":{"rendered":"GSR 6-60 TE Professional Al\u00e7\u0131pan Vidalama Makineleri"},"content":{"rendered":"<p>Teknik veriler<\/p>\n<table width=\"750\">\n<thead>\n<tr>\n<td colspan=\"2\">Ek veriler<\/td>\n<\/tr>\n<\/thead>\n<tbody>\n<tr>\n<td><strong>Nominal giri\u015f g\u00fcc\u00fc*<\/strong><\/td>\n<td><strong>701<\/strong>\u00a0<strong>W<\/strong><\/td>\n<\/tr>\n<tr>\n<td>R\u00f6lanti devir say\u0131s\u0131<\/td>\n<td>0 \u2013 6.000\u00a0dev\/dak<\/td>\n<\/tr>\n<tr>\n<td><strong>Maks. tork (yumu\u015fak vidalama)*<\/strong><\/td>\n<td><strong>12<\/strong>\u00a0<strong>Nm<\/strong><\/td>\n<\/tr>\n<tr>\n<td>U\u00e7 giri\u015fi<\/td>\n<td>1\/4&#8243; \u0130\u00e7ten alt\u0131gen<\/td>\n<\/tr>\n<tr>\n<td>\u00c7\u0131k\u0131\u015f g\u00fcc\u00fc<\/td>\n<td>327\u00a0W<\/td>\n<\/tr>\n<tr>\n<td>A\u011f\u0131rl\u0131k<\/td>\n<td>1,4\u00a0kg<\/td>\n<\/tr>\n<tr>\n<td>Tak\u0131m \u00f6l\u00e7\u00fcleri (uzunluk)<\/td>\n<td>295\u00a0mm<\/td>\n<\/tr>\n<tr>\n<td>Tak\u0131m \u00f6l\u00e7\u00fcleri (y\u00fckseklik)<\/td>\n<td>207\u00a0mm<\/td>\n<\/tr>\n<tr>\n<td>Nominal d\u00f6nme momenti<\/td>\n<td>0,8\u00a0Nm<\/td>\n<\/tr>\n<\/tbody>\n<\/table>\n<p>&nbsp;<\/p>\n<table width=\"750\">\n<thead>\n<tr>\n<td colspan=\"2\">Vidalama<\/td>\n<\/tr>\n<\/thead>\n<tbody>\n<tr>\n<td><strong>Vida \u00e7ap\u0131*<\/strong><\/td>\n<td><strong>6<\/strong>\u00a0<strong>mm<\/strong><\/td>\n<\/tr>\n<\/tbody>\n<\/table>\n<p>&nbsp;<\/p>\n<table width=\"750\">\n<thead>\n<tr>\n<td colspan=\"2\">Toplam titre\u015fim de\u011feri (Vidalama)<\/td>\n<\/tr>\n<\/thead>\n<tbody>\n<tr>\n<td>Titre\u015fim emisyon de\u011feri ah<\/td>\n<td>3,3\u00a0m\/s\u00b2<\/td>\n<\/tr>\n<tr>\n<td>Tolerans K<\/td>\n<td>1,5\u00a0m\/s\u00b2<\/td>\n<\/tr>\n<\/tbody>\n<\/table>\n<p>* Vurgulanan Veriler<\/p>\n<p>Elektrikli el aletinin A-dereceli g\u00fcr\u00fclt\u00fc seviyesi tipik olarak \u015fu de\u011ferlere sahiptir: Ses bas\u0131nc\u0131 seviyesi 81 dB(A); Ses performans\u0131 seviyesi 92 dB(A). K belirsizli\u011fi= 3 dB.<\/p>\n","protected":false},"excerpt":{"rendered":"<p>Teknik veriler Ek veriler Nominal giri\u015f g\u00fcc\u00fc* 701\u00a0W R\u00f6lanti devir say\u0131s\u0131 0 \u2013 6.000\u00a0dev\/dak Maks. tork (yumu\u015fak vidalama)* 12\u00a0Nm U\u00e7 giri\u015fi 1\/4&#8243; \u0130\u00e7ten alt\u0131gen \u00c7\u0131k\u0131\u015f g\u00fcc\u00fc 327\u00a0W A\u011f\u0131rl\u0131k 1,4\u00a0kg Tak\u0131m \u00f6l\u00e7\u00fcleri (uzunluk) 295\u00a0mm Tak\u0131m \u00f6l\u00e7\u00fcleri (y\u00fckseklik) 207\u00a0mm Nominal d\u00f6nme momenti 0,8\u00a0Nm &nbsp; Vidalama Vida \u00e7ap\u0131* 6\u00a0mm &nbsp; Toplam titre\u015fim de\u011feri (Vidalama) Titre\u015fim emisyon de\u011feri ah 3,3\u00a0m\/s\u00b2 Tolerans K 1,5\u00a0m\/s\u00b2 * [&hellip;]<\/p>\n","protected":false},"featured_media":8619,"comment_status":"open","ping_status":"closed","template":"","meta":[],"product_brand":[],"product_cat":[15,52,57],"product_tag":[],"class_list":{"0":"post-8618","1":"product","2":"type-product","3":"status-publish","4":"has-post-thumbnail","6":"product_cat-genel","7":"product_cat-akulu-aletler","8":"product_cat-delme-vidalama-makineleri","10":"first","11":"instock","12":"shipping-taxable","13":"product-type-simple"},"_links":{"self":[{"href":"http:\/\/basakcilastik.com.tr\/index.php?rest_route=\/wp\/v2\/product\/8618","targetHints":{"allow":["GET"]}}],"collection":[{"href":"http:\/\/basakcilastik.com.tr\/index.php?rest_route=\/wp\/v2\/product"}],"about":[{"href":"http:\/\/basakcilastik.com.tr\/index.php?rest_route=\/wp\/v2\/types\/product"}],"replies":[{"embeddable":true,"href":"http:\/\/basakcilastik.com.tr\/index.php?rest_route=%2Fwp%2Fv2%2Fcomments&post=8618"}],"wp:featuredmedia":[{"embeddable":true,"href":"http:\/\/basakcilastik.com.tr\/index.php?rest_route=\/wp\/v2\/media\/8619"}],"wp:attachment":[{"href":"http:\/\/basakcilastik.com.tr\/index.php?rest_route=%2Fwp%2Fv2%2Fmedia&parent=8618"}],"wp:term":[{"taxonomy":"product_brand","embeddable":true,"href":"http:\/\/basakcilastik.com.tr\/index.php?rest_route=%2Fwp%2Fv2%2Fproduct_brand&post=8618"},{"taxonomy":"product_cat","embeddable":true,"href":"http:\/\/basakcilastik.com.tr\/index.php?rest_route=%2Fwp%2Fv2%2Fproduct_cat&post=8618"},{"taxonomy":"product_tag","embeddable":true,"href":"http:\/\/basakcilastik.com.tr\/index.php?rest_route=%2Fwp%2Fv2%2Fproduct_tag&post=8618"}],"curies":[{"name":"wp","href":"https:\/\/api.w.org\/{rel}","templated":true}]}}