{"id":8610,"date":"2020-07-09T16:21:32","date_gmt":"2020-07-09T16:21:32","guid":{"rendered":"https:\/\/basakcilastik.com.tr\/?post_type=product&#038;p=8610"},"modified":"2020-07-09T16:21:32","modified_gmt":"2020-07-09T16:21:32","slug":"gsb-180-li-professional-akulu-darbeli-delmevidalama-makineleri","status":"publish","type":"product","link":"http:\/\/basakcilastik.com.tr\/?product=gsb-180-li-professional-akulu-darbeli-delmevidalama-makineleri","title":{"rendered":"GSB 180-LI Professional Ak\u00fcl\u00fc darbeli delmevidalama makineleri"},"content":{"rendered":"<p>Teknik veriler<\/p>\n<table width=\"750\">\n<thead>\n<tr>\n<td colspan=\"2\">Ek veriler<\/td>\n<\/tr>\n<\/thead>\n<tbody>\n<tr>\n<td><strong>Ak\u00fc gerilimi*<\/strong><\/td>\n<td><strong>18<\/strong>\u00a0<strong>V<\/strong><\/td>\n<\/tr>\n<tr>\n<td>Ak\u00fc tipi<\/td>\n<td>Lityum \u0130yon<\/td>\n<\/tr>\n<tr>\n<td>Tork (yumu\u015fak\/sert\/maks.)<\/td>\n<td>21\/54\/-\u00a0Nm<\/td>\n<\/tr>\n<tr>\n<td>R\u00f6lanti devir say\u0131s\u0131 (1. vites \/ 2. vites)<\/td>\n<td>0 \u2013 500 \/ 0 \u2013 1.900\u00a0dev\/dak<\/td>\n<\/tr>\n<tr>\n<td>Darbe say\u0131s\u0131, maks.<\/td>\n<td>27.000\u00a0darbe\/dak<\/td>\n<\/tr>\n<tr>\n<td>Mandren \u00e7ap\u0131, min.\/maks.<\/td>\n<td>1,5 \/ 13\u00a0mm<\/td>\n<\/tr>\n<tr>\n<td>Tork kademeleri<\/td>\n<td>20+2<\/td>\n<\/tr>\n<tr>\n<td>U\u00e7 giri\u015fi<\/td>\n<td>\u00dc\u00e7 \u00e7eneli mandren<\/td>\n<\/tr>\n<\/tbody>\n<\/table>\n<p>&nbsp;<\/p>\n<table width=\"750\">\n<thead>\n<tr>\n<td colspan=\"2\">Delme \u00e7ap\u0131<\/td>\n<\/tr>\n<\/thead>\n<tbody>\n<tr>\n<td>Ah\u015fapta delme \u00e7ap\u0131, maks.<\/td>\n<td>35\u00a0mm<\/td>\n<\/tr>\n<tr>\n<td>\u00c7elikte delme \u00e7ap\u0131, maks.<\/td>\n<td>10\u00a0mm<\/td>\n<\/tr>\n<tr>\n<td><strong>Duvarda delme \u00e7ap\u0131, maks.*<\/strong><\/td>\n<td><strong>10<\/strong>\u00a0<strong>mm<\/strong><\/td>\n<\/tr>\n<tr>\n<td><strong>Vida \u00e7ap\u0131, maks.*<\/strong><\/td>\n<td><strong>10<\/strong>\u00a0<strong>mm<\/strong><\/td>\n<\/tr>\n<\/tbody>\n<\/table>\n<p>&nbsp;<\/p>\n<table width=\"750\">\n<thead>\n<tr>\n<td colspan=\"2\">Vidalama \u00e7ap\u0131<\/td>\n<\/tr>\n<\/thead>\n<tbody>\n<tr>\n<td>Ah\u015fapta delme \u00e7ap\u0131, maks.<\/td>\n<td>35\u00a0mm<\/td>\n<\/tr>\n<tr>\n<td>\u00c7elikte delme \u00e7ap\u0131, maks.<\/td>\n<td>10\u00a0mm<\/td>\n<\/tr>\n<tr>\n<td><strong>Duvarda delme \u00e7ap\u0131, maks.*<\/strong><\/td>\n<td><strong>10<\/strong>\u00a0<strong>mm<\/strong><\/td>\n<\/tr>\n<tr>\n<td><strong>Vida \u00e7ap\u0131, maks.*<\/strong><\/td>\n<td><strong>10<\/strong>\u00a0<strong>mm<\/strong><\/td>\n<\/tr>\n<\/tbody>\n<\/table>\n<p>* Vurgulanan Veriler<\/p>\n<p>Elektrikli el aletinin A-dereceli g\u00fcr\u00fclt\u00fc seviyesi tipik olarak \u015fu de\u011ferlere sahiptir: Ses bas\u0131nc\u0131 seviyesi 88 dB(A); Ses performans\u0131 seviyesi 99 dB(A). K belirsizli\u011fi= 5 dB.<\/p>\n<p>Avantajlar<\/p>\n<p>Daha fazla g\u00fc\u00e7. Daha Sa\u011flam.<\/p>\n<ul>\n<li>Ekonomik: Uygun fiyatla Bosch kalitesi!<\/li>\n<li>Geni\u015f servis olana\u011f\u0131: Motordaki de\u011fi\u015ftirilebilir k\u00f6m\u00fcr f\u0131r\u00e7alar sayesinde kolay bak\u0131m ve servis!<\/li>\n<li>Dayan\u0131kl\u0131: Sa\u011flam g\u00f6vdeli tasar\u0131m ve Ak\u00fc H\u00fccre Korumas\u0131!<\/li>\n<\/ul>\n","protected":false},"excerpt":{"rendered":"<p>Teknik veriler Ek veriler Ak\u00fc gerilimi* 18\u00a0V Ak\u00fc tipi Lityum \u0130yon Tork (yumu\u015fak\/sert\/maks.) 21\/54\/-\u00a0Nm R\u00f6lanti devir say\u0131s\u0131 (1. vites \/ 2. vites) 0 \u2013 500 \/ 0 \u2013 1.900\u00a0dev\/dak Darbe say\u0131s\u0131, maks. 27.000\u00a0darbe\/dak Mandren \u00e7ap\u0131, min.\/maks. 1,5 \/ 13\u00a0mm Tork kademeleri 20+2 U\u00e7 giri\u015fi \u00dc\u00e7 \u00e7eneli mandren &nbsp; Delme \u00e7ap\u0131 Ah\u015fapta delme \u00e7ap\u0131, maks. 35\u00a0mm \u00c7elikte delme \u00e7ap\u0131, maks. 10\u00a0mm [&hellip;]<\/p>\n","protected":false},"featured_media":8611,"comment_status":"open","ping_status":"closed","template":"","meta":[],"product_brand":[],"product_cat":[15,52,57],"product_tag":[],"class_list":{"0":"post-8610","1":"product","2":"type-product","3":"status-publish","4":"has-post-thumbnail","6":"product_cat-genel","7":"product_cat-akulu-aletler","8":"product_cat-delme-vidalama-makineleri","10":"first","11":"instock","12":"shipping-taxable","13":"product-type-simple"},"_links":{"self":[{"href":"http:\/\/basakcilastik.com.tr\/index.php?rest_route=\/wp\/v2\/product\/8610","targetHints":{"allow":["GET"]}}],"collection":[{"href":"http:\/\/basakcilastik.com.tr\/index.php?rest_route=\/wp\/v2\/product"}],"about":[{"href":"http:\/\/basakcilastik.com.tr\/index.php?rest_route=\/wp\/v2\/types\/product"}],"replies":[{"embeddable":true,"href":"http:\/\/basakcilastik.com.tr\/index.php?rest_route=%2Fwp%2Fv2%2Fcomments&post=8610"}],"wp:featuredmedia":[{"embeddable":true,"href":"http:\/\/basakcilastik.com.tr\/index.php?rest_route=\/wp\/v2\/media\/8611"}],"wp:attachment":[{"href":"http:\/\/basakcilastik.com.tr\/index.php?rest_route=%2Fwp%2Fv2%2Fmedia&parent=8610"}],"wp:term":[{"taxonomy":"product_brand","embeddable":true,"href":"http:\/\/basakcilastik.com.tr\/index.php?rest_route=%2Fwp%2Fv2%2Fproduct_brand&post=8610"},{"taxonomy":"product_cat","embeddable":true,"href":"http:\/\/basakcilastik.com.tr\/index.php?rest_route=%2Fwp%2Fv2%2Fproduct_cat&post=8610"},{"taxonomy":"product_tag","embeddable":true,"href":"http:\/\/basakcilastik.com.tr\/index.php?rest_route=%2Fwp%2Fv2%2Fproduct_tag&post=8610"}],"curies":[{"name":"wp","href":"https:\/\/api.w.org\/{rel}","templated":true}]}}