{"id":8600,"date":"2020-07-09T16:15:49","date_gmt":"2020-07-09T16:15:49","guid":{"rendered":"https:\/\/basakcilastik.com.tr\/?post_type=product&#038;p=8600"},"modified":"2020-07-09T16:15:49","modified_gmt":"2020-07-09T16:15:49","slug":"gsb-12v-30-professional-akulu-darbeli-delmevidalama-makineleri","status":"publish","type":"product","link":"http:\/\/basakcilastik.com.tr\/?product=gsb-12v-30-professional-akulu-darbeli-delmevidalama-makineleri","title":{"rendered":"GSB 12V-30 Professional Ak\u00fcl\u00fc darbeli delmevidalama makineleri"},"content":{"rendered":"<p>Teknik veriler<\/p>\n<table width=\"750\">\n<thead>\n<tr>\n<td colspan=\"2\">Ek veriler<\/td>\n<\/tr>\n<\/thead>\n<tbody>\n<tr>\n<td><strong>Ak\u00fc gerilimi*<\/strong><\/td>\n<td><strong>12<\/strong>\u00a0<strong>V<\/strong><\/td>\n<\/tr>\n<tr>\n<td>Ak\u00fc hari\u00e7 a\u011f\u0131rl\u0131\u011f\u0131<\/td>\n<td>0,82\u00a0kg<\/td>\n<\/tr>\n<tr>\n<td>Tork (yumu\u015fak\/sert\/maks.)<\/td>\n<td>18\/30\/-\u00a0Nm<\/td>\n<\/tr>\n<tr>\n<td>R\u00f6lanti devir say\u0131s\u0131 (1. vites \/ 2. vites)<\/td>\n<td>0 \u2013 420 \/ 0 \u2013 1.600\u00a0dev\/dak<\/td>\n<\/tr>\n<tr>\n<td>Ak\u00fc tipi<\/td>\n<td>Lityum \u0130yon<\/td>\n<\/tr>\n<tr>\n<td>Darbe say\u0131s\u0131, maks.<\/td>\n<td>24.000\u00a0darbe\/dak<\/td>\n<\/tr>\n<tr>\n<td>Mandren \u00e7ap\u0131, min.\/maks.<\/td>\n<td>1 \/ 10\u00a0mm<\/td>\n<\/tr>\n<tr>\n<td>Tork kademeleri<\/td>\n<td>20+2<\/td>\n<\/tr>\n<tr>\n<td>U\u00e7 giri\u015fi<\/td>\n<td>\u00dc\u00e7 \u00e7eneli mandren<\/td>\n<\/tr>\n<\/tbody>\n<\/table>\n<p>&nbsp;<\/p>\n<table width=\"750\">\n<thead>\n<tr>\n<td colspan=\"2\">Delme \u00e7ap\u0131<\/td>\n<\/tr>\n<\/thead>\n<tbody>\n<tr>\n<td>Al\u00fcminyum delme \u00e7ap\u0131, maks.<\/td>\n<td>10\u00a0mm<\/td>\n<\/tr>\n<tr>\n<td>Ah\u015fapta delme \u00e7ap\u0131, maks.<\/td>\n<td>20\u00a0mm<\/td>\n<\/tr>\n<tr>\n<td>\u00c7elikte delme \u00e7ap\u0131, maks.<\/td>\n<td>10\u00a0mm<\/td>\n<\/tr>\n<tr>\n<td><strong>Duvarda delme \u00e7ap\u0131, maks.*<\/strong><\/td>\n<td><strong>8<\/strong>\u00a0<strong>mm<\/strong><\/td>\n<\/tr>\n<tr>\n<td><strong>Vida \u00e7ap\u0131, maks.*<\/strong><\/td>\n<td><strong>8<\/strong>\u00a0<strong>mm<\/strong><\/td>\n<\/tr>\n<\/tbody>\n<\/table>\n<p>&nbsp;<\/p>\n<table width=\"750\">\n<thead>\n<tr>\n<td colspan=\"2\">Vidalama \u00e7ap\u0131<\/td>\n<\/tr>\n<\/thead>\n<tbody>\n<tr>\n<td>Al\u00fcminyum delme \u00e7ap\u0131, maks.<\/td>\n<td>10\u00a0mm<\/td>\n<\/tr>\n<tr>\n<td>Ah\u015fapta delme \u00e7ap\u0131, maks.<\/td>\n<td>20\u00a0mm<\/td>\n<\/tr>\n<tr>\n<td>\u00c7elikte delme \u00e7ap\u0131, maks.<\/td>\n<td>10\u00a0mm<\/td>\n<\/tr>\n<tr>\n<td><strong>Duvarda delme \u00e7ap\u0131, maks.*<\/strong><\/td>\n<td><strong>8<\/strong>\u00a0<strong>mm<\/strong><\/td>\n<\/tr>\n<tr>\n<td><strong>Vida \u00e7ap\u0131, maks.*<\/strong><\/td>\n<td><strong>8<\/strong>\u00a0<strong>mm<\/strong><\/td>\n<\/tr>\n<\/tbody>\n<\/table>\n<p>&nbsp;<\/p>\n<table width=\"750\">\n<thead>\n<tr>\n<td colspan=\"2\">Toplam titre\u015fim de\u011feri (Metalde delme)<\/td>\n<\/tr>\n<\/thead>\n<tbody>\n<tr>\n<td>Titre\u015fim emisyon de\u011feri ah<\/td>\n<td>2,1\u00a0m\/s\u00b2<\/td>\n<\/tr>\n<tr>\n<td>Tolerans K<\/td>\n<td>1,5\u00a0m\/s\u00b2<\/td>\n<\/tr>\n<\/tbody>\n<\/table>\n<p>&nbsp;<\/p>\n<table width=\"750\">\n<thead>\n<tr>\n<td colspan=\"2\">Toplam titre\u015fim de\u011feri (Duvarda darbeli delme)<\/td>\n<\/tr>\n<\/thead>\n<tbody>\n<tr>\n<td>Titre\u015fim emisyon de\u011feri ah<\/td>\n<td>10,6\u00a0m\/s\u00b2<\/td>\n<\/tr>\n<tr>\n<td>Tolerans K<\/td>\n<td>1,5\u00a0m\/s\u00b2<\/td>\n<\/tr>\n<\/tbody>\n<\/table>\n<p>&nbsp;<\/p>\n<table width=\"750\">\n<thead>\n<tr>\n<td colspan=\"2\">Toplam titre\u015fim de\u011feri (Vidalama)<\/td>\n<\/tr>\n<\/thead>\n<tbody>\n<tr>\n<td>Titre\u015fim emisyon de\u011feri ah<\/td>\n<td>1\u00a0m\/s\u00b2<\/td>\n<\/tr>\n<tr>\n<td>Tolerans K<\/td>\n<td>1,5\u00a0m\/s\u00b2<\/td>\n<\/tr>\n<\/tbody>\n<\/table>\n<p>* Vurgulanan Veriler<\/p>\n<p>Elektrikli el aletinin A-dereceli g\u00fcr\u00fclt\u00fc seviyesi tipik olarak \u015fu de\u011ferlere sahiptir: Ses bas\u0131nc\u0131 seviyesi 82,5 dB(A); Ses performans\u0131 seviyesi 93,5 dB(A). K belirsizli\u011fi= 3 dB.<\/p>\n<p>Avantajlar<\/p>\n<p>Etkileyici \u00f6zellikler, g\u00fc\u00e7l\u00fc sonu\u00e7lar<\/p>\n<ul>\n<li>Vidalama ve delme i\u015flemlerinde eri\u015filebilir en y\u00fcksek kalite \u00f6zellikleri<\/li>\n<li>Daha uzun kullan\u0131m \u00f6mr\u00fc i\u00e7in k\u00f6m\u00fcrs\u00fcz motor<\/li>\n<li>H\u0131zl\u0131 ve g\u00fc\u00e7l\u00fc sonu\u00e7lar i\u00e7in y\u00fcksek tork ve y\u00fcksek delme h\u0131zlar\u0131<\/li>\n<\/ul>\n","protected":false},"excerpt":{"rendered":"<p>Teknik veriler Ek veriler Ak\u00fc gerilimi* 12\u00a0V Ak\u00fc hari\u00e7 a\u011f\u0131rl\u0131\u011f\u0131 0,82\u00a0kg Tork (yumu\u015fak\/sert\/maks.) 18\/30\/-\u00a0Nm R\u00f6lanti devir say\u0131s\u0131 (1. vites \/ 2. vites) 0 \u2013 420 \/ 0 \u2013 1.600\u00a0dev\/dak Ak\u00fc tipi Lityum \u0130yon Darbe say\u0131s\u0131, maks. 24.000\u00a0darbe\/dak Mandren \u00e7ap\u0131, min.\/maks. 1 \/ 10\u00a0mm Tork kademeleri 20+2 U\u00e7 giri\u015fi \u00dc\u00e7 \u00e7eneli mandren &nbsp; Delme \u00e7ap\u0131 Al\u00fcminyum delme \u00e7ap\u0131, maks. 10\u00a0mm Ah\u015fapta [&hellip;]<\/p>\n","protected":false},"featured_media":8601,"comment_status":"open","ping_status":"closed","template":"","meta":[],"product_brand":[],"product_cat":[15,52,57],"product_tag":[],"class_list":{"0":"post-8600","1":"product","2":"type-product","3":"status-publish","4":"has-post-thumbnail","6":"product_cat-genel","7":"product_cat-akulu-aletler","8":"product_cat-delme-vidalama-makineleri","10":"first","11":"instock","12":"shipping-taxable","13":"product-type-simple"},"_links":{"self":[{"href":"http:\/\/basakcilastik.com.tr\/index.php?rest_route=\/wp\/v2\/product\/8600","targetHints":{"allow":["GET"]}}],"collection":[{"href":"http:\/\/basakcilastik.com.tr\/index.php?rest_route=\/wp\/v2\/product"}],"about":[{"href":"http:\/\/basakcilastik.com.tr\/index.php?rest_route=\/wp\/v2\/types\/product"}],"replies":[{"embeddable":true,"href":"http:\/\/basakcilastik.com.tr\/index.php?rest_route=%2Fwp%2Fv2%2Fcomments&post=8600"}],"wp:featuredmedia":[{"embeddable":true,"href":"http:\/\/basakcilastik.com.tr\/index.php?rest_route=\/wp\/v2\/media\/8601"}],"wp:attachment":[{"href":"http:\/\/basakcilastik.com.tr\/index.php?rest_route=%2Fwp%2Fv2%2Fmedia&parent=8600"}],"wp:term":[{"taxonomy":"product_brand","embeddable":true,"href":"http:\/\/basakcilastik.com.tr\/index.php?rest_route=%2Fwp%2Fv2%2Fproduct_brand&post=8600"},{"taxonomy":"product_cat","embeddable":true,"href":"http:\/\/basakcilastik.com.tr\/index.php?rest_route=%2Fwp%2Fv2%2Fproduct_cat&post=8600"},{"taxonomy":"product_tag","embeddable":true,"href":"http:\/\/basakcilastik.com.tr\/index.php?rest_route=%2Fwp%2Fv2%2Fproduct_tag&post=8600"}],"curies":[{"name":"wp","href":"https:\/\/api.w.org\/{rel}","templated":true}]}}