{"id":8598,"date":"2020-07-09T16:14:22","date_gmt":"2020-07-09T16:14:22","guid":{"rendered":"https:\/\/basakcilastik.com.tr\/?post_type=product&#038;p=8598"},"modified":"2020-07-09T16:14:22","modified_gmt":"2020-07-09T16:14:22","slug":"gsb-12v-15-professional-akulu-darbeli-delmevidalama-makineleri","status":"publish","type":"product","link":"http:\/\/basakcilastik.com.tr\/?product=gsb-12v-15-professional-akulu-darbeli-delmevidalama-makineleri","title":{"rendered":"GSB 12V-15 Professional Ak\u00fcl\u00fc darbeli delmevidalama makineleri"},"content":{"rendered":"<p>Teknik veriler<\/p>\n<table width=\"750\">\n<thead>\n<tr>\n<td colspan=\"2\">Ek veriler<\/td>\n<\/tr>\n<\/thead>\n<tbody>\n<tr>\n<td><strong>Ak\u00fc gerilimi*<\/strong><\/td>\n<td><strong>12<\/strong>\u00a0<strong>V<\/strong><\/td>\n<\/tr>\n<tr>\n<td>Tork (yumu\u015fak\/sert\/maks.)<\/td>\n<td>15\/30\/-\u00a0Nm<\/td>\n<\/tr>\n<tr>\n<td>R\u00f6lanti devir say\u0131s\u0131 (1. vites \/ 2. vites)<\/td>\n<td>0 \u2013 380 \/ 0 \u2013 1.300\u00a0dev\/dak<\/td>\n<\/tr>\n<tr>\n<td>Darbe say\u0131s\u0131, maks.<\/td>\n<td>19.500\u00a0darbe\/dak<\/td>\n<\/tr>\n<tr>\n<td>Mandren \u00e7ap\u0131, min.\/maks.<\/td>\n<td>1 \/ 10\u00a0mm<\/td>\n<\/tr>\n<tr>\n<td>Tork kademeleri<\/td>\n<td>20+1<\/td>\n<\/tr>\n<\/tbody>\n<\/table>\n<p>&nbsp;<\/p>\n<table width=\"750\">\n<thead>\n<tr>\n<td colspan=\"2\">Delme \u00e7ap\u0131<\/td>\n<\/tr>\n<\/thead>\n<tbody>\n<tr>\n<td>Ah\u015fapta delme \u00e7ap\u0131, maks.<\/td>\n<td>19\u00a0mm<\/td>\n<\/tr>\n<tr>\n<td>\u00c7elikte delme \u00e7ap\u0131, maks.<\/td>\n<td>10\u00a0mm<\/td>\n<\/tr>\n<tr>\n<td><strong>Duvarda delme \u00e7ap\u0131, maks.*<\/strong><\/td>\n<td><strong>10<\/strong>\u00a0<strong>mm<\/strong><\/td>\n<\/tr>\n<tr>\n<td><strong>Vida \u00e7ap\u0131, maks.*<\/strong><\/td>\n<td><strong>7<\/strong>\u00a0<strong>mm<\/strong><\/td>\n<\/tr>\n<\/tbody>\n<\/table>\n<p>&nbsp;<\/p>\n<table width=\"750\">\n<thead>\n<tr>\n<td colspan=\"2\">Vidalama \u00e7ap\u0131<\/td>\n<\/tr>\n<\/thead>\n<tbody>\n<tr>\n<td>Ah\u015fapta delme \u00e7ap\u0131, maks.<\/td>\n<td>19\u00a0mm<\/td>\n<\/tr>\n<tr>\n<td>\u00c7elikte delme \u00e7ap\u0131, maks.<\/td>\n<td>10\u00a0mm<\/td>\n<\/tr>\n<tr>\n<td><strong>Duvarda delme \u00e7ap\u0131, maks.*<\/strong><\/td>\n<td><strong>10<\/strong>\u00a0<strong>mm<\/strong><\/td>\n<\/tr>\n<tr>\n<td><strong>Vida \u00e7ap\u0131, maks.*<\/strong><\/td>\n<td><strong>7<\/strong>\u00a0<strong>mm<\/strong><\/td>\n<\/tr>\n<\/tbody>\n<\/table>\n<p>&nbsp;<\/p>\n<table width=\"750\">\n<thead>\n<tr>\n<td colspan=\"2\">Toplam titre\u015fim de\u011feri (Metalde delme)<\/td>\n<\/tr>\n<\/thead>\n<tbody>\n<tr>\n<td>Titre\u015fim emisyon de\u011feri ah<\/td>\n<td>2,5\u00a0m\/s\u00b2<\/td>\n<\/tr>\n<tr>\n<td>Tolerans K<\/td>\n<td>1,5\u00a0m\/s\u00b2<\/td>\n<\/tr>\n<\/tbody>\n<\/table>\n<p>&nbsp;<\/p>\n<table width=\"750\">\n<thead>\n<tr>\n<td colspan=\"2\">Toplam titre\u015fim de\u011feri (Duvarda darbeli delme)<\/td>\n<\/tr>\n<\/thead>\n<tbody>\n<tr>\n<td>Titre\u015fim emisyon de\u011feri ah<\/td>\n<td>10,5\u00a0m\/s\u00b2<\/td>\n<\/tr>\n<tr>\n<td>Tolerans K<\/td>\n<td>1,5\u00a0m\/s\u00b2<\/td>\n<\/tr>\n<\/tbody>\n<\/table>\n<p>&nbsp;<\/p>\n<table width=\"750\">\n<thead>\n<tr>\n<td colspan=\"2\">Toplam titre\u015fim de\u011feri (Vidalama)<\/td>\n<\/tr>\n<\/thead>\n<tbody>\n<tr>\n<td>Titre\u015fim emisyon de\u011feri ah<\/td>\n<td>2,5\u00a0m\/s\u00b2<\/td>\n<\/tr>\n<tr>\n<td>Tolerans K<\/td>\n<td>1,5\u00a0m\/s\u00b2<\/td>\n<\/tr>\n<\/tbody>\n<\/table>\n<p>* Vurgulanan Veriler<\/p>\n<p>Elektrikli el aletinin A-dereceli g\u00fcr\u00fclt\u00fc seviyesi tipik olarak \u015fu de\u011ferlere sahiptir: Ses bas\u0131nc\u0131 seviyesi 93 dB(A); Ses performans\u0131 seviyesi 82 dB(A). K belirsizli\u011fi= 3 dB.<\/p>\n","protected":false},"excerpt":{"rendered":"<p>Teknik veriler Ek veriler Ak\u00fc gerilimi* 12\u00a0V Tork (yumu\u015fak\/sert\/maks.) 15\/30\/-\u00a0Nm R\u00f6lanti devir say\u0131s\u0131 (1. vites \/ 2. vites) 0 \u2013 380 \/ 0 \u2013 1.300\u00a0dev\/dak Darbe say\u0131s\u0131, maks. 19.500\u00a0darbe\/dak Mandren \u00e7ap\u0131, min.\/maks. 1 \/ 10\u00a0mm Tork kademeleri 20+1 &nbsp; Delme \u00e7ap\u0131 Ah\u015fapta delme \u00e7ap\u0131, maks. 19\u00a0mm \u00c7elikte delme \u00e7ap\u0131, maks. 10\u00a0mm Duvarda delme \u00e7ap\u0131, maks.* 10\u00a0mm Vida \u00e7ap\u0131, maks.* 7\u00a0mm [&hellip;]<\/p>\n","protected":false},"featured_media":8599,"comment_status":"open","ping_status":"closed","template":"","meta":[],"product_brand":[],"product_cat":[15,52,57],"product_tag":[],"class_list":{"0":"post-8598","1":"product","2":"type-product","3":"status-publish","4":"has-post-thumbnail","6":"product_cat-genel","7":"product_cat-akulu-aletler","8":"product_cat-delme-vidalama-makineleri","10":"first","11":"instock","12":"shipping-taxable","13":"product-type-simple"},"_links":{"self":[{"href":"http:\/\/basakcilastik.com.tr\/index.php?rest_route=\/wp\/v2\/product\/8598","targetHints":{"allow":["GET"]}}],"collection":[{"href":"http:\/\/basakcilastik.com.tr\/index.php?rest_route=\/wp\/v2\/product"}],"about":[{"href":"http:\/\/basakcilastik.com.tr\/index.php?rest_route=\/wp\/v2\/types\/product"}],"replies":[{"embeddable":true,"href":"http:\/\/basakcilastik.com.tr\/index.php?rest_route=%2Fwp%2Fv2%2Fcomments&post=8598"}],"wp:featuredmedia":[{"embeddable":true,"href":"http:\/\/basakcilastik.com.tr\/index.php?rest_route=\/wp\/v2\/media\/8599"}],"wp:attachment":[{"href":"http:\/\/basakcilastik.com.tr\/index.php?rest_route=%2Fwp%2Fv2%2Fmedia&parent=8598"}],"wp:term":[{"taxonomy":"product_brand","embeddable":true,"href":"http:\/\/basakcilastik.com.tr\/index.php?rest_route=%2Fwp%2Fv2%2Fproduct_brand&post=8598"},{"taxonomy":"product_cat","embeddable":true,"href":"http:\/\/basakcilastik.com.tr\/index.php?rest_route=%2Fwp%2Fv2%2Fproduct_cat&post=8598"},{"taxonomy":"product_tag","embeddable":true,"href":"http:\/\/basakcilastik.com.tr\/index.php?rest_route=%2Fwp%2Fv2%2Fproduct_tag&post=8598"}],"curies":[{"name":"wp","href":"https:\/\/api.w.org\/{rel}","templated":true}]}}