{"id":8590,"date":"2020-07-09T16:09:57","date_gmt":"2020-07-09T16:09:57","guid":{"rendered":"https:\/\/basakcilastik.com.tr\/?post_type=product&#038;p=8590"},"modified":"2020-07-09T16:09:57","modified_gmt":"2020-07-09T16:09:57","slug":"einhell-th-cd-12-li-akulu-vidalama","status":"publish","type":"product","link":"http:\/\/basakcilastik.com.tr\/?product=einhell-th-cd-12-li-akulu-vidalama","title":{"rendered":"Einhell TH-CD 12 Li Ak\u00fcl\u00fc Vidalama"},"content":{"rendered":"<p><strong>Ak\u00fcl\u00fc Matkap<\/strong><\/p>\n<p><strong>TH-CD 12 Li<\/strong><\/p>\n<p>\u00dcr\u00fcn Kodu\u00a04513650<\/p>\n<ul>\n<li>Li-ion ak\u00fc (hafif, k\u00fc\u00e7\u00fck, self de\u015farj yok)<\/li>\n<li>Y\u00fcksek tork i\u00e7in g\u00fc\u00e7l\u00fc motor ve metal di\u015fli sistemi<\/li>\n<li>Otomatik mandren ve h\u0131zl\u0131 duru\u015f fonksiyonu ile kolay u\u00e7 de\u011fi\u015fimi<\/li>\n<li>Hassas ayarlanabilir elektronik h\u0131z kontrol\u00fc<\/li>\n<li>Tork kaplini ile vidalar\u0131n a\u015f\u0131r\u0131 s\u0131k\u0131\u015fmas\u0131 \u00f6nlenir<\/li>\n<li>Yumu\u015fak kaplamal\u0131 ince tasar\u0131ml\u0131 tutamak<\/li>\n<li>Manyetik vida tutucu alan<\/li>\n<\/ul>\n","protected":false},"excerpt":{"rendered":"<p>Ak\u00fcl\u00fc Matkap TH-CD 12 Li \u00dcr\u00fcn Kodu\u00a04513650 Li-ion ak\u00fc (hafif, k\u00fc\u00e7\u00fck, self de\u015farj yok) Y\u00fcksek tork i\u00e7in g\u00fc\u00e7l\u00fc motor ve metal di\u015fli sistemi Otomatik mandren ve h\u0131zl\u0131 duru\u015f fonksiyonu ile kolay u\u00e7 de\u011fi\u015fimi Hassas ayarlanabilir elektronik h\u0131z kontrol\u00fc Tork kaplini ile vidalar\u0131n a\u015f\u0131r\u0131 s\u0131k\u0131\u015fmas\u0131 \u00f6nlenir Yumu\u015fak kaplamal\u0131 ince tasar\u0131ml\u0131 tutamak Manyetik vida tutucu alan<\/p>\n","protected":false},"featured_media":8591,"comment_status":"open","ping_status":"closed","template":"","meta":[],"product_brand":[],"product_cat":[15,52,57],"product_tag":[],"class_list":{"0":"post-8590","1":"product","2":"type-product","3":"status-publish","4":"has-post-thumbnail","6":"product_cat-genel","7":"product_cat-akulu-aletler","8":"product_cat-delme-vidalama-makineleri","10":"first","11":"instock","12":"shipping-taxable","13":"product-type-simple"},"_links":{"self":[{"href":"http:\/\/basakcilastik.com.tr\/index.php?rest_route=\/wp\/v2\/product\/8590","targetHints":{"allow":["GET"]}}],"collection":[{"href":"http:\/\/basakcilastik.com.tr\/index.php?rest_route=\/wp\/v2\/product"}],"about":[{"href":"http:\/\/basakcilastik.com.tr\/index.php?rest_route=\/wp\/v2\/types\/product"}],"replies":[{"embeddable":true,"href":"http:\/\/basakcilastik.com.tr\/index.php?rest_route=%2Fwp%2Fv2%2Fcomments&post=8590"}],"wp:featuredmedia":[{"embeddable":true,"href":"http:\/\/basakcilastik.com.tr\/index.php?rest_route=\/wp\/v2\/media\/8591"}],"wp:attachment":[{"href":"http:\/\/basakcilastik.com.tr\/index.php?rest_route=%2Fwp%2Fv2%2Fmedia&parent=8590"}],"wp:term":[{"taxonomy":"product_brand","embeddable":true,"href":"http:\/\/basakcilastik.com.tr\/index.php?rest_route=%2Fwp%2Fv2%2Fproduct_brand&post=8590"},{"taxonomy":"product_cat","embeddable":true,"href":"http:\/\/basakcilastik.com.tr\/index.php?rest_route=%2Fwp%2Fv2%2Fproduct_cat&post=8590"},{"taxonomy":"product_tag","embeddable":true,"href":"http:\/\/basakcilastik.com.tr\/index.php?rest_route=%2Fwp%2Fv2%2Fproduct_tag&post=8590"}],"curies":[{"name":"wp","href":"https:\/\/api.w.org\/{rel}","templated":true}]}}