{"id":8567,"date":"2020-07-09T13:40:21","date_gmt":"2020-07-09T13:40:21","guid":{"rendered":"https:\/\/basakcilastik.com.tr\/?post_type=product&#038;p=8567"},"modified":"2020-07-09T13:40:22","modified_gmt":"2020-07-09T13:40:22","slug":"einhell-te-cd-18-li-bl-akulu-komursuz-matkap","status":"publish","type":"product","link":"http:\/\/basakcilastik.com.tr\/?product=einhell-te-cd-18-li-bl-akulu-komursuz-matkap","title":{"rendered":"Einhell TE-CD 18 Li BL Ak\u00fcl\u00fc K\u00f6m\u00fcrs\u00fcz Matkap"},"content":{"rendered":"<p><strong>Ak\u00fcl\u00fc Matkap<\/strong><\/p>\n<p><strong>TE-CD 18 Li BL (2&#215;2,0 Ah)<\/strong><\/p>\n<p>\u00dcr\u00fcn Kodu\u00a04513851<\/p>\n<ul>\n<li>Power X-Change ak\u00fc sistemi \u00fcyesi<\/li>\n<li>K\u00f6m\u00fcrs\u00fcz motor &#8211; daha fazla g\u00fc\u00e7 ve uzun s\u00fcreli kullan\u0131m<\/li>\n<li>Y\u00fcksek kalite 13 mm metal mandren<\/li>\n<li>G\u00fc\u00e7l\u00fc vidalama ve h\u0131zl\u0131 delme i\u00e7in 2 vites se\u00e7ene\u011fi<\/li>\n<li>H\u0131zl\u0131 duru\u015f (Quick-Stop) fonksiyonu<\/li>\n<li>Ergonomik tasar\u0131m ve yumu\u015fak kaplamal\u0131 tutamak ile kolay \u00e7al\u0131\u015fma<\/li>\n<li>\u0130lave tutamak sayesinde rahat kullan\u0131m<\/li>\n<li>LED ayd\u0131nlatma<\/li>\n<li>2 adet 2,0 Ah Ak\u00fc ve h\u0131zl\u0131 \u015farj cihaz\u0131 ile birlikte<\/li>\n<li>Pratik ta\u015f\u0131ma ve saklama \u00e7antas\u0131 i\u00e7erisinde sevk edilir<\/li>\n<\/ul>\n<p>&nbsp;<\/p>\n<p><strong>\u00dcr\u00fcn a\u00e7\u0131klamas\u0131<\/strong><\/p>\n<p>Einhell TE-CD 18 Li BL Ak\u00fcl\u00fc K\u00f6m\u00fcrs\u00fcz Matkap dayan\u0131kl\u0131, y\u00fcksek performans\u0131 ve kolay kullan\u0131m\u0131yla bir\u00e7ok i\u015fte kullanabilece\u011finiz bir \u00fcr\u00fcnd\u00fcr. K\u00f6m\u00fcrs\u00fcz 60 Nm tork g\u00fcc\u00fcne sahip motoru y\u00fcksek g\u00fc\u00e7 sa\u011flarken delme ve vidalama i\u015fleriniz i\u00e7in daha fazla g\u00fc\u00e7 ve \u00e7al\u0131\u015fma s\u00fcresi sunar. 2 vitesli di\u015fli tertibat\u0131 ve 20 tork ayar\u0131 y\u00fcksek g\u00fc\u00e7l\u00fc motorunu g\u00f6revin gereksinimlerine g\u00f6re ayarlaman\u0131z\u0131 sa\u011flar. H\u0131zl\u0131 duru\u015f \u00f6zelli\u011fi kontroll\u00fc bir \u00e7al\u0131\u015fma sunar. Y\u00fcksek kaliteli 13 mm metal mandreni ile standart matkap askesuarlar\u0131n\u0131 aletsiz ve kolayca takabilirsiniz. Parlak LED \u0131\u015f\u0131\u011f\u0131 \u00e7al\u0131\u015fma alan\u0131n\u0131zda iyi bir g\u00f6r\u00fc\u015f sa\u011flar. Yumu\u015fak tutama\u011fa sahip ergonomik dizayn\u0131 s\u0131k\u0131 bir tutu\u015f ve konforlu bir \u015fekilde \u00e7al\u0131\u015fman\u0131za yard\u0131mc\u0131 olurken ek tutamak ile \u00e7al\u0131\u015fman\u0131n eklemlerde olu\u015fturdu\u011fu stress minimuma indirilir. TE-CD 18 Li BL Power X-Change \u00fcr\u00fcn ailesinden olup 2 adet 2,0 Ah ak\u00fcs\u00fc ve \u015farj\u0131 ile beraber gelir. Ta\u015f\u0131ma ve saklama \u00e7antas\u0131 dahildir. Beraberinde gelen ak\u00fclerini Power X-Change ailesinde olan di\u011fer \u00fcr\u00fcnlerle de kullanabilirsiniz.<\/p>\n","protected":false},"excerpt":{"rendered":"<p>Ak\u00fcl\u00fc Matkap TE-CD 18 Li BL (2&#215;2,0 Ah) \u00dcr\u00fcn Kodu\u00a04513851 Power X-Change ak\u00fc sistemi \u00fcyesi K\u00f6m\u00fcrs\u00fcz motor &#8211; daha fazla g\u00fc\u00e7 ve uzun s\u00fcreli kullan\u0131m Y\u00fcksek kalite 13 mm metal mandren G\u00fc\u00e7l\u00fc vidalama ve h\u0131zl\u0131 delme i\u00e7in 2 vites se\u00e7ene\u011fi H\u0131zl\u0131 duru\u015f (Quick-Stop) fonksiyonu Ergonomik tasar\u0131m ve yumu\u015fak kaplamal\u0131 tutamak ile kolay \u00e7al\u0131\u015fma \u0130lave tutamak sayesinde rahat kullan\u0131m LED ayd\u0131nlatma [&hellip;]<\/p>\n","protected":false},"featured_media":8568,"comment_status":"open","ping_status":"closed","template":"","meta":[],"product_brand":[],"product_cat":[15,52,57],"product_tag":[],"class_list":{"0":"post-8567","1":"product","2":"type-product","3":"status-publish","4":"has-post-thumbnail","6":"product_cat-genel","7":"product_cat-akulu-aletler","8":"product_cat-delme-vidalama-makineleri","10":"first","11":"instock","12":"shipping-taxable","13":"product-type-simple"},"_links":{"self":[{"href":"http:\/\/basakcilastik.com.tr\/index.php?rest_route=\/wp\/v2\/product\/8567","targetHints":{"allow":["GET"]}}],"collection":[{"href":"http:\/\/basakcilastik.com.tr\/index.php?rest_route=\/wp\/v2\/product"}],"about":[{"href":"http:\/\/basakcilastik.com.tr\/index.php?rest_route=\/wp\/v2\/types\/product"}],"replies":[{"embeddable":true,"href":"http:\/\/basakcilastik.com.tr\/index.php?rest_route=%2Fwp%2Fv2%2Fcomments&post=8567"}],"wp:featuredmedia":[{"embeddable":true,"href":"http:\/\/basakcilastik.com.tr\/index.php?rest_route=\/wp\/v2\/media\/8568"}],"wp:attachment":[{"href":"http:\/\/basakcilastik.com.tr\/index.php?rest_route=%2Fwp%2Fv2%2Fmedia&parent=8567"}],"wp:term":[{"taxonomy":"product_brand","embeddable":true,"href":"http:\/\/basakcilastik.com.tr\/index.php?rest_route=%2Fwp%2Fv2%2Fproduct_brand&post=8567"},{"taxonomy":"product_cat","embeddable":true,"href":"http:\/\/basakcilastik.com.tr\/index.php?rest_route=%2Fwp%2Fv2%2Fproduct_cat&post=8567"},{"taxonomy":"product_tag","embeddable":true,"href":"http:\/\/basakcilastik.com.tr\/index.php?rest_route=%2Fwp%2Fv2%2Fproduct_tag&post=8567"}],"curies":[{"name":"wp","href":"https:\/\/api.w.org\/{rel}","templated":true}]}}