{"id":8565,"date":"2020-07-09T13:39:25","date_gmt":"2020-07-09T13:39:25","guid":{"rendered":"https:\/\/basakcilastik.com.tr\/?post_type=product&#038;p=8565"},"modified":"2020-07-09T13:39:25","modified_gmt":"2020-07-09T13:39:25","slug":"einhell-te-cd-18-li-bl-solo-akulu-matkap","status":"publish","type":"product","link":"http:\/\/basakcilastik.com.tr\/?product=einhell-te-cd-18-li-bl-solo-akulu-matkap","title":{"rendered":"Einhell TE-CD 18 Li BL &#8211; Solo Ak\u00fcl\u00fc Matkap"},"content":{"rendered":"<p><strong>Ak\u00fcl\u00fc Matkap<\/strong><\/p>\n<p><strong>TE-CD 18 Li Brushless-Solo<\/strong><\/p>\n<p>\u00dcr\u00fcn Kodu\u00a04513850<\/p>\n<ul>\n<li>Power X-Change ak\u00fc sistemi \u00fcyesi<\/li>\n<li>K\u00f6m\u00fcrs\u00fcz motor &#8211; daha fazla g\u00fc\u00e7 ve uzun s\u00fcreli kullan\u0131m<\/li>\n<li>Y\u00fcksek kalite 13 mm metal mandren<\/li>\n<li>G\u00fc\u00e7l\u00fc vidalama ve h\u0131zl\u0131 delme i\u00e7in 2 vites se\u00e7ene\u011fi<\/li>\n<li>H\u0131zl\u0131 duru\u015f (Quick-Stop) fonksiyonu<\/li>\n<li>Ergonomik tasar\u0131m ve yumu\u015fak kaplamal\u0131 tutamak ile kolay \u00e7al\u0131\u015fma<\/li>\n<li>\u0130lave tutamak sayesinde rahat kullan\u0131m<\/li>\n<li>LED ayd\u0131nlatma<\/li>\n<li>Ak\u00fc ve \u015farj cihaz\u0131 dahil de\u011fildir (ayr\u0131 olarak sat\u0131n al\u0131nabilir)<\/li>\n<\/ul>\n","protected":false},"excerpt":{"rendered":"<p>Ak\u00fcl\u00fc Matkap TE-CD 18 Li Brushless-Solo \u00dcr\u00fcn Kodu\u00a04513850 Power X-Change ak\u00fc sistemi \u00fcyesi K\u00f6m\u00fcrs\u00fcz motor &#8211; daha fazla g\u00fc\u00e7 ve uzun s\u00fcreli kullan\u0131m Y\u00fcksek kalite 13 mm metal mandren G\u00fc\u00e7l\u00fc vidalama ve h\u0131zl\u0131 delme i\u00e7in 2 vites se\u00e7ene\u011fi H\u0131zl\u0131 duru\u015f (Quick-Stop) fonksiyonu Ergonomik tasar\u0131m ve yumu\u015fak kaplamal\u0131 tutamak ile kolay \u00e7al\u0131\u015fma \u0130lave tutamak sayesinde rahat kullan\u0131m LED ayd\u0131nlatma Ak\u00fc ve [&hellip;]<\/p>\n","protected":false},"featured_media":8566,"comment_status":"open","ping_status":"closed","template":"","meta":[],"product_brand":[],"product_cat":[15,52,57],"product_tag":[],"class_list":{"0":"post-8565","1":"product","2":"type-product","3":"status-publish","4":"has-post-thumbnail","6":"product_cat-genel","7":"product_cat-akulu-aletler","8":"product_cat-delme-vidalama-makineleri","10":"first","11":"instock","12":"shipping-taxable","13":"product-type-simple"},"_links":{"self":[{"href":"http:\/\/basakcilastik.com.tr\/index.php?rest_route=\/wp\/v2\/product\/8565","targetHints":{"allow":["GET"]}}],"collection":[{"href":"http:\/\/basakcilastik.com.tr\/index.php?rest_route=\/wp\/v2\/product"}],"about":[{"href":"http:\/\/basakcilastik.com.tr\/index.php?rest_route=\/wp\/v2\/types\/product"}],"replies":[{"embeddable":true,"href":"http:\/\/basakcilastik.com.tr\/index.php?rest_route=%2Fwp%2Fv2%2Fcomments&post=8565"}],"wp:featuredmedia":[{"embeddable":true,"href":"http:\/\/basakcilastik.com.tr\/index.php?rest_route=\/wp\/v2\/media\/8566"}],"wp:attachment":[{"href":"http:\/\/basakcilastik.com.tr\/index.php?rest_route=%2Fwp%2Fv2%2Fmedia&parent=8565"}],"wp:term":[{"taxonomy":"product_brand","embeddable":true,"href":"http:\/\/basakcilastik.com.tr\/index.php?rest_route=%2Fwp%2Fv2%2Fproduct_brand&post=8565"},{"taxonomy":"product_cat","embeddable":true,"href":"http:\/\/basakcilastik.com.tr\/index.php?rest_route=%2Fwp%2Fv2%2Fproduct_cat&post=8565"},{"taxonomy":"product_tag","embeddable":true,"href":"http:\/\/basakcilastik.com.tr\/index.php?rest_route=%2Fwp%2Fv2%2Fproduct_tag&post=8565"}],"curies":[{"name":"wp","href":"https:\/\/api.w.org\/{rel}","templated":true}]}}