{"id":8558,"date":"2020-07-09T13:35:37","date_gmt":"2020-07-09T13:35:37","guid":{"rendered":"https:\/\/basakcilastik.com.tr\/?post_type=product&#038;p=8558"},"modified":"2020-07-09T13:35:37","modified_gmt":"2020-07-09T13:35:37","slug":"einhell-te-cd-12-x-li-akulu-vidalama","status":"publish","type":"product","link":"http:\/\/basakcilastik.com.tr\/?product=einhell-te-cd-12-x-li-akulu-vidalama","title":{"rendered":"Einhell TE-CD 12 X-Li Ak\u00fcl\u00fc Vidalama"},"content":{"rendered":"<p><strong>Ak\u00fcl\u00fc Matkap<\/strong><\/p>\n<p><strong>TE-CD 12 X-Li with 2nd battery<\/strong><\/p>\n<p>\u00dcr\u00fcn Kodu\u00a04513603<\/p>\n<ul>\n<li>Li-ion ak\u00fc ve ak\u00fc \u015farj sistemi<\/li>\n<li>\u00c7\u0131kart\u0131labilir mandren ile k\u0131sa ve hafif g\u00f6vde yap\u0131s\u0131<\/li>\n<li>2 vites ile g\u00fc\u00e7l\u00fc delme ve vidalama<\/li>\n<li>G\u00fc\u00e7l\u00fc motor ile y\u00fcksek tork iletimi<\/li>\n<li>Sa\u011flam metal di\u015fli sistemi<\/li>\n<li>H\u0131zl\u0131 \u015farj cihaz\u0131 (1 saat)<\/li>\n<li>Tek kovanl\u0131 otomatik mandren<\/li>\n<li>Otomatik mil kilidi ile kolay u\u00e7 de\u011fi\u015fimi<\/li>\n<li>H\u0131zl\u0131 duru\u015f (Quick Stop) fonksiyonu<\/li>\n<li>Hassas elektronik h\u0131z kontrol\u00fc<\/li>\n<li>Tork ayar\u0131<\/li>\n<li>Sa\u011f\/sol d\u00f6n\u00fc\u015f y\u00f6n\u00fc kabiliyeti<\/li>\n<li>LED ayd\u0131nlatma<\/li>\n<li>Yumu\u015fak kaplamal\u0131 ince tasar\u0131ml\u0131 tutamak<\/li>\n<li>Ergonomik k\u0131sa tasar\u0131m<\/li>\n<li>2 adet Li-ion ak\u00fc dahil<\/li>\n<li>10 par\u00e7a bits ucu dahil<\/li>\n<li>Ta\u015f\u0131ma ve saklama \u00e7antas\u0131<\/li>\n<\/ul>\n","protected":false},"excerpt":{"rendered":"<p>Ak\u00fcl\u00fc Matkap TE-CD 12 X-Li with 2nd battery \u00dcr\u00fcn Kodu\u00a04513603 Li-ion ak\u00fc ve ak\u00fc \u015farj sistemi \u00c7\u0131kart\u0131labilir mandren ile k\u0131sa ve hafif g\u00f6vde yap\u0131s\u0131 2 vites ile g\u00fc\u00e7l\u00fc delme ve vidalama G\u00fc\u00e7l\u00fc motor ile y\u00fcksek tork iletimi Sa\u011flam metal di\u015fli sistemi H\u0131zl\u0131 \u015farj cihaz\u0131 (1 saat) Tek kovanl\u0131 otomatik mandren Otomatik mil kilidi ile kolay u\u00e7 de\u011fi\u015fimi H\u0131zl\u0131 duru\u015f (Quick [&hellip;]<\/p>\n","protected":false},"featured_media":8559,"comment_status":"open","ping_status":"closed","template":"","meta":[],"product_brand":[],"product_cat":[15,52,57],"product_tag":[],"class_list":{"0":"post-8558","1":"product","2":"type-product","3":"status-publish","4":"has-post-thumbnail","6":"product_cat-genel","7":"product_cat-akulu-aletler","8":"product_cat-delme-vidalama-makineleri","10":"first","11":"instock","12":"shipping-taxable","13":"product-type-simple"},"_links":{"self":[{"href":"http:\/\/basakcilastik.com.tr\/index.php?rest_route=\/wp\/v2\/product\/8558","targetHints":{"allow":["GET"]}}],"collection":[{"href":"http:\/\/basakcilastik.com.tr\/index.php?rest_route=\/wp\/v2\/product"}],"about":[{"href":"http:\/\/basakcilastik.com.tr\/index.php?rest_route=\/wp\/v2\/types\/product"}],"replies":[{"embeddable":true,"href":"http:\/\/basakcilastik.com.tr\/index.php?rest_route=%2Fwp%2Fv2%2Fcomments&post=8558"}],"wp:featuredmedia":[{"embeddable":true,"href":"http:\/\/basakcilastik.com.tr\/index.php?rest_route=\/wp\/v2\/media\/8559"}],"wp:attachment":[{"href":"http:\/\/basakcilastik.com.tr\/index.php?rest_route=%2Fwp%2Fv2%2Fmedia&parent=8558"}],"wp:term":[{"taxonomy":"product_brand","embeddable":true,"href":"http:\/\/basakcilastik.com.tr\/index.php?rest_route=%2Fwp%2Fv2%2Fproduct_brand&post=8558"},{"taxonomy":"product_cat","embeddable":true,"href":"http:\/\/basakcilastik.com.tr\/index.php?rest_route=%2Fwp%2Fv2%2Fproduct_cat&post=8558"},{"taxonomy":"product_tag","embeddable":true,"href":"http:\/\/basakcilastik.com.tr\/index.php?rest_route=%2Fwp%2Fv2%2Fproduct_tag&post=8558"}],"curies":[{"name":"wp","href":"https:\/\/api.w.org\/{rel}","templated":true}]}}