{"id":8556,"date":"2020-07-09T13:33:50","date_gmt":"2020-07-09T13:33:50","guid":{"rendered":"https:\/\/basakcilastik.com.tr\/?post_type=product&#038;p=8556"},"modified":"2020-07-09T13:33:51","modified_gmt":"2020-07-09T13:33:51","slug":"einhell-te-cd-12-li-akulu-vidalama","status":"publish","type":"product","link":"http:\/\/basakcilastik.com.tr\/?product=einhell-te-cd-12-li-akulu-vidalama","title":{"rendered":"Einhell TE-CD 12 Li Ak\u00fcl\u00fc Vidalama"},"content":{"rendered":"<p><strong>Ak\u00fcl\u00fc Matkap<\/strong><\/p>\n<p><strong>TE-CD 12\/1 Li (2&#215;2,0Ah)<\/strong><\/p>\n<p>\u00dcr\u00fcn Kodu\u00a04513594<\/p>\n<ul>\n<li>Always Ready-for-use due to Li-ion technology without discharging<\/li>\n<li>2-speed gearing for powerful drilling and screwing<\/li>\n<li>Speed electronics for material and application suitable working<\/li>\n<li>LED lighting for optimum operation in dark areas<\/li>\n<li>Extremely easy to work with due to ergonomic design and Softgrip<\/li>\n<li>Robust metal gearing for maximum durability<\/li>\n<li>45min charger and 2x 2.0 Ah battery<\/li>\n<li>Supplied in practical storage carton with magnetic lock<\/li>\n<li><strong>\u00dcr\u00fcn a\u00e7\u0131klamas\u0131<\/strong><\/li>\n<li>Einhell TE-CD 12 Li Ak\u00fcl\u00fc Vidalama uzmanlar\u0131n ev ve at\u00f6lyede vidalama, delme i\u015flerinde t\u00fcm taleplerini kar\u015f\u0131layabilecek g\u00fc\u00e7l\u00fc, dayan\u0131kl\u0131 ve \u00e7ok i\u015flevli bir \u00fcr\u00fcnd\u00fcr.Ak\u00fcl\u00fc vidalama, y\u00fcksek performansl\u0131 lithium-ion teknolojisi sayesinde her zaman kullan\u0131ma haz\u0131rd\u0131r. Cihaz\u0131n 2 vitesli olmas\u0131 g\u00fc\u00e7l\u00fc delme ve vidalama yapma imkan\u0131 sunar.Elektronik h\u0131z kontrol\u00fc, belirli malzeme ve uygulamaya en uygun g\u00fc\u00e7 ayar\u0131n\u0131 sa\u011flar. 20 farkl\u0131 tork ayar\u0131 son derece hassas kontrol sa\u011flar. Son derece kolay kullan\u0131m ve hasas \u00e7al\u0131\u015fmaya uygun olan TE-CD 12 Li modeli, kompakt tasar\u0131m ve Softgrip y\u00fczey sayesinde ergonomik bir tutu\u015f sa\u011flar. LED ayd\u0131nlatma, \u00e7al\u0131\u015f\u0131rken net bir g\u00f6r\u00fcnt\u00fc i\u00e7in karanl\u0131k k\u00f6\u015feleri ayd\u0131nlat\u0131r. Sa\u011flam metal di\u015fliler sayesinde uzun d\u00f6nem kullan\u0131labilirsiniz. \u015earj cihaz\u0131nda 45 Ah i\u00e7inde \u015farj edilebilir ve kullan\u0131ma haz\u0131r 2,0 Ah \u015farj edilebilir pil bulunur ve aksesuarlarla birlikte verilir. Set, manyetik tutturuculu pratik bir saklama kutusunda tedarik edilir.<\/li>\n<\/ul>\n","protected":false},"excerpt":{"rendered":"<p>Ak\u00fcl\u00fc Matkap TE-CD 12\/1 Li (2&#215;2,0Ah) \u00dcr\u00fcn Kodu\u00a04513594 Always Ready-for-use due to Li-ion technology without discharging 2-speed gearing for powerful drilling and screwing Speed electronics for material and application suitable working LED lighting for optimum operation in dark areas Extremely easy to work with due to ergonomic design and Softgrip Robust metal gearing for maximum durability 45min charger and 2x [&hellip;]<\/p>\n","protected":false},"featured_media":8557,"comment_status":"open","ping_status":"closed","template":"","meta":[],"product_brand":[],"product_cat":[15,52,57],"product_tag":[],"class_list":{"0":"post-8556","1":"product","2":"type-product","3":"status-publish","4":"has-post-thumbnail","6":"product_cat-genel","7":"product_cat-akulu-aletler","8":"product_cat-delme-vidalama-makineleri","10":"first","11":"instock","12":"shipping-taxable","13":"product-type-simple"},"_links":{"self":[{"href":"http:\/\/basakcilastik.com.tr\/index.php?rest_route=\/wp\/v2\/product\/8556","targetHints":{"allow":["GET"]}}],"collection":[{"href":"http:\/\/basakcilastik.com.tr\/index.php?rest_route=\/wp\/v2\/product"}],"about":[{"href":"http:\/\/basakcilastik.com.tr\/index.php?rest_route=\/wp\/v2\/types\/product"}],"replies":[{"embeddable":true,"href":"http:\/\/basakcilastik.com.tr\/index.php?rest_route=%2Fwp%2Fv2%2Fcomments&post=8556"}],"wp:featuredmedia":[{"embeddable":true,"href":"http:\/\/basakcilastik.com.tr\/index.php?rest_route=\/wp\/v2\/media\/8557"}],"wp:attachment":[{"href":"http:\/\/basakcilastik.com.tr\/index.php?rest_route=%2Fwp%2Fv2%2Fmedia&parent=8556"}],"wp:term":[{"taxonomy":"product_brand","embeddable":true,"href":"http:\/\/basakcilastik.com.tr\/index.php?rest_route=%2Fwp%2Fv2%2Fproduct_brand&post=8556"},{"taxonomy":"product_cat","embeddable":true,"href":"http:\/\/basakcilastik.com.tr\/index.php?rest_route=%2Fwp%2Fv2%2Fproduct_cat&post=8556"},{"taxonomy":"product_tag","embeddable":true,"href":"http:\/\/basakcilastik.com.tr\/index.php?rest_route=%2Fwp%2Fv2%2Fproduct_tag&post=8556"}],"curies":[{"name":"wp","href":"https:\/\/api.w.org\/{rel}","templated":true}]}}