{"id":8548,"date":"2020-07-09T13:28:54","date_gmt":"2020-07-09T13:28:54","guid":{"rendered":"https:\/\/basakcilastik.com.tr\/?post_type=product&#038;p=8548"},"modified":"2020-07-09T13:28:55","modified_gmt":"2020-07-09T13:28:55","slug":"einhell-tc-cd-18-2-li-akulu-vidalama","status":"publish","type":"product","link":"http:\/\/basakcilastik.com.tr\/?product=einhell-tc-cd-18-2-li-akulu-vidalama","title":{"rendered":"Einhell TC-CD 18-2 Li Ak\u00fcl\u00fc Vidalama"},"content":{"rendered":"<p><strong>Ak\u00fcl\u00fc Matkap<\/strong><\/p>\n<p><strong>TC-CD 18-2 Li (1&#215;1,5Ah)<\/strong><\/p>\n<p>\u00dcr\u00fcn Kodu\u00a04513846<\/p>\n<ul>\n<li>G\u00fc\u00e7l\u00fc vidalama ve h\u0131zl\u0131 delme i\u00e7in 2 vites se\u00e7ene\u011fi<\/li>\n<li>18+1 kademe tork ayar\u0131<\/li>\n<li>Otomatik mil kilidi ile kolay u\u00e7 de\u011fi\u015fimi<\/li>\n<li>Yumu\u015fak kaplamal\u0131 ergonomik tutamak<\/li>\n<li>Tek kovanl\u0131 otomatik mandren<\/li>\n<li>LED ayd\u0131nlatma<\/li>\n<\/ul>\n","protected":false},"excerpt":{"rendered":"<p>Ak\u00fcl\u00fc Matkap TC-CD 18-2 Li (1&#215;1,5Ah) \u00dcr\u00fcn Kodu\u00a04513846 G\u00fc\u00e7l\u00fc vidalama ve h\u0131zl\u0131 delme i\u00e7in 2 vites se\u00e7ene\u011fi 18+1 kademe tork ayar\u0131 Otomatik mil kilidi ile kolay u\u00e7 de\u011fi\u015fimi Yumu\u015fak kaplamal\u0131 ergonomik tutamak Tek kovanl\u0131 otomatik mandren LED ayd\u0131nlatma<\/p>\n","protected":false},"featured_media":8549,"comment_status":"open","ping_status":"closed","template":"","meta":[],"product_brand":[],"product_cat":[15,52,57],"product_tag":[],"class_list":{"0":"post-8548","1":"product","2":"type-product","3":"status-publish","4":"has-post-thumbnail","6":"product_cat-genel","7":"product_cat-akulu-aletler","8":"product_cat-delme-vidalama-makineleri","10":"first","11":"instock","12":"shipping-taxable","13":"product-type-simple"},"_links":{"self":[{"href":"http:\/\/basakcilastik.com.tr\/index.php?rest_route=\/wp\/v2\/product\/8548","targetHints":{"allow":["GET"]}}],"collection":[{"href":"http:\/\/basakcilastik.com.tr\/index.php?rest_route=\/wp\/v2\/product"}],"about":[{"href":"http:\/\/basakcilastik.com.tr\/index.php?rest_route=\/wp\/v2\/types\/product"}],"replies":[{"embeddable":true,"href":"http:\/\/basakcilastik.com.tr\/index.php?rest_route=%2Fwp%2Fv2%2Fcomments&post=8548"}],"wp:featuredmedia":[{"embeddable":true,"href":"http:\/\/basakcilastik.com.tr\/index.php?rest_route=\/wp\/v2\/media\/8549"}],"wp:attachment":[{"href":"http:\/\/basakcilastik.com.tr\/index.php?rest_route=%2Fwp%2Fv2%2Fmedia&parent=8548"}],"wp:term":[{"taxonomy":"product_brand","embeddable":true,"href":"http:\/\/basakcilastik.com.tr\/index.php?rest_route=%2Fwp%2Fv2%2Fproduct_brand&post=8548"},{"taxonomy":"product_cat","embeddable":true,"href":"http:\/\/basakcilastik.com.tr\/index.php?rest_route=%2Fwp%2Fv2%2Fproduct_cat&post=8548"},{"taxonomy":"product_tag","embeddable":true,"href":"http:\/\/basakcilastik.com.tr\/index.php?rest_route=%2Fwp%2Fv2%2Fproduct_tag&post=8548"}],"curies":[{"name":"wp","href":"https:\/\/api.w.org\/{rel}","templated":true}]}}