{"id":8540,"date":"2020-07-09T13:20:28","date_gmt":"2020-07-09T13:20:28","guid":{"rendered":"https:\/\/basakcilastik.com.tr\/?post_type=product&#038;p=8540"},"modified":"2020-07-09T13:20:28","modified_gmt":"2020-07-09T13:20:28","slug":"dewalt-sarjli-vidalama-makinesi-compact-12v-2ah-kit-dcd701d2-qw","status":"publish","type":"product","link":"http:\/\/basakcilastik.com.tr\/?product=dewalt-sarjli-vidalama-makinesi-compact-12v-2ah-kit-dcd701d2-qw","title":{"rendered":"Dewalt \u015earjl\u0131 Vidalama Makinesi Compact 12V 2AH Kit DCD701D2-QW"},"content":{"rendered":"<table width=\"1024\">\n<tbody>\n<tr>\n<td><strong>Dewalt \u015earjl\u0131 Vidalama Makinesi Compact 12V 2AH Kit DCD701D2-QW<\/strong><\/p>\n<p>DEWALT \u015eARJLI V\u0130DALAMA MAK\u0130NES\u0130 COMPACT 12V 2AH K\u0130T<\/p>\n<p>DCD701D2-QW<\/p>\n<p>\u2022 57.5Nm maksimum tork g\u00fcc\u00fc<\/p>\n<p>\u2022 Y\u00fcks\u00fck H\u0131z\u0131 0-425\/0-1500 dev\/dk<\/p>\n<p>\u2022 Maksimum Delme Kapasitesi (Ah\u015fap)20mm, (Metal)10mm<\/p>\n<p>\u2022 H\u0131zl\u0131 ve kolay u\u00e7 de\u011fi\u015ftirmek i\u00e7in Metal \u00f6n kovanl\u0131 anahtars\u0131z 10mm mandren<\/p>\n<p>&nbsp;<\/p>\n<p>\u2022 Ola\u011fan \u00fcst\u00fc kompakt ve hafif, zor alanlarda bile uzun s\u00fcre yorulmadan<\/p>\n<p>\u00e7al\u0131\u015fma imk\u00e2n\u0131 sa\u011flar<\/p>\n<p>\u2022 Li-ion ak\u00fc kullan\u0131lmad\u0131\u011f\u0131 zamanda \u015farj\u0131n\u0131 korur, b\u00f6ylece daha uzun kullan\u0131m<\/p>\n<p>s\u00fcresi sa\u011flar<\/p>\n<p>\u2022 15 kademeli tork ayar\u0131 ile ah\u015fap, metal, plastikte delme ile her t\u00fcrl\u00fc<\/p>\n<p>vidalama uygulamas\u0131nda \u00fcst\u00fcn kontrol ve hassasl\u0131k<\/p>\n<p>\u2022 Elektronik h\u0131z ayar\u0131 sayesinde delme ve vidalama uygulamalar\u0131nda kullan\u0131lan<\/p>\n<p>malzemeye g\u00f6re en uygun h\u0131z kontrol\u00fc<\/p>\n<p>\u2022 Rahat kullan\u0131m i\u00e7in titre\u015fimi emen kau\u00e7uk kapl\u0131 kabza<\/p>\n<p>\u2022 \u0130ki vitesli \u015fanz\u0131man ile farkl\u0131 malzemelerde kullan\u0131lmak i\u00e7in de\u011fi\u015fken h\u0131z<\/p>\n<p>ve sa\u011f\/sol d\u00f6n\u00fc\u015f ayar\u0131<\/p>\n<p>\u2022 Kompakt tasar\u0131m tek elle rahat kullan\u0131m ve dar alanlara eri\u015fim sa\u011flar<\/p>\n<p>\u2022 Entegre LED ayd\u0131nlatma \u00e7al\u0131\u015fma alan\u0131n\u0131 ayd\u0131nlat\u0131r<\/p>\n<p>\u2022 Ta\u015f\u0131ma \u00e7antas\u0131 ile alet ve aksesuarlar\u0131 temiz ve g\u00fcvenli bir \u015fekilde<\/p>\n<p>saklama<\/p>\n<p>\u2022 \u00c7ift Ak\u00fc sayesinde \u015farj s\u00fcresini beklemeden kesintisiz \u00e7al\u0131\u015fma<\/p>\n<p>\u2022 Profesyonel Kullan\u0131ma uygundur<\/p>\n<p>\u2022 A\u011f\u0131rl\u0131k 1,1 Kg<\/td>\n<\/tr>\n<\/tbody>\n<\/table>\n<p>&nbsp;<\/p>\n<table width=\"1024\">\n<tbody>\n<tr>\n<td>\n<table width=\"1024\">\n<tbody>\n<tr>\n<td><\/td>\n<\/tr>\n<\/tbody>\n<\/table>\n<p>&nbsp;<\/p>\n<table width=\"1024\">\n<tbody>\n<tr>\n<td>\n<table width=\"920\">\n<tbody>\n<tr>\n<td width=\"368\"><strong>Ak\u00fc<\/strong><\/td>\n<td>Li-on<\/td>\n<\/tr>\n<tr>\n<td width=\"368\"><strong>Amper<\/strong><\/td>\n<td>2 Ah<\/td>\n<\/tr>\n<tr>\n<td width=\"368\"><strong>T\u00fcr\u00fc<\/strong><\/td>\n<td>Darbesiz<\/td>\n<\/tr>\n<tr>\n<td width=\"368\"><strong>Volt<\/strong><\/td>\n<td>12 V<\/td>\n<\/tr>\n<\/tbody>\n<\/table>\n<p>&nbsp;<\/p>\n<table width=\"920\">\n<tbody>\n<tr>\n<td><\/td>\n<\/tr>\n<tr>\n<td><strong>Di\u011fer<\/strong><\/td>\n<\/tr>\n<\/tbody>\n<\/table>\n<\/td>\n<\/tr>\n<\/tbody>\n<\/table>\n<\/td>\n<\/tr>\n<\/tbody>\n<\/table>\n","protected":false},"excerpt":{"rendered":"<p>Dewalt \u015earjl\u0131 Vidalama Makinesi Compact 12V 2AH Kit DCD701D2-QW DEWALT \u015eARJLI V\u0130DALAMA MAK\u0130NES\u0130 COMPACT 12V 2AH K\u0130T DCD701D2-QW \u2022 57.5Nm maksimum tork g\u00fcc\u00fc \u2022 Y\u00fcks\u00fck H\u0131z\u0131 0-425\/0-1500 dev\/dk \u2022 Maksimum Delme Kapasitesi (Ah\u015fap)20mm, (Metal)10mm \u2022 H\u0131zl\u0131 ve kolay u\u00e7 de\u011fi\u015ftirmek i\u00e7in Metal \u00f6n kovanl\u0131 anahtars\u0131z 10mm mandren &nbsp; \u2022 Ola\u011fan \u00fcst\u00fc kompakt ve hafif, zor alanlarda bile uzun s\u00fcre yorulmadan [&hellip;]<\/p>\n","protected":false},"featured_media":8541,"comment_status":"open","ping_status":"closed","template":"","meta":[],"product_brand":[],"product_cat":[15,52,57],"product_tag":[],"class_list":{"0":"post-8540","1":"product","2":"type-product","3":"status-publish","4":"has-post-thumbnail","6":"product_cat-genel","7":"product_cat-akulu-aletler","8":"product_cat-delme-vidalama-makineleri","10":"first","11":"instock","12":"shipping-taxable","13":"product-type-simple"},"_links":{"self":[{"href":"http:\/\/basakcilastik.com.tr\/index.php?rest_route=\/wp\/v2\/product\/8540","targetHints":{"allow":["GET"]}}],"collection":[{"href":"http:\/\/basakcilastik.com.tr\/index.php?rest_route=\/wp\/v2\/product"}],"about":[{"href":"http:\/\/basakcilastik.com.tr\/index.php?rest_route=\/wp\/v2\/types\/product"}],"replies":[{"embeddable":true,"href":"http:\/\/basakcilastik.com.tr\/index.php?rest_route=%2Fwp%2Fv2%2Fcomments&post=8540"}],"wp:featuredmedia":[{"embeddable":true,"href":"http:\/\/basakcilastik.com.tr\/index.php?rest_route=\/wp\/v2\/media\/8541"}],"wp:attachment":[{"href":"http:\/\/basakcilastik.com.tr\/index.php?rest_route=%2Fwp%2Fv2%2Fmedia&parent=8540"}],"wp:term":[{"taxonomy":"product_brand","embeddable":true,"href":"http:\/\/basakcilastik.com.tr\/index.php?rest_route=%2Fwp%2Fv2%2Fproduct_brand&post=8540"},{"taxonomy":"product_cat","embeddable":true,"href":"http:\/\/basakcilastik.com.tr\/index.php?rest_route=%2Fwp%2Fv2%2Fproduct_cat&post=8540"},{"taxonomy":"product_tag","embeddable":true,"href":"http:\/\/basakcilastik.com.tr\/index.php?rest_route=%2Fwp%2Fv2%2Fproduct_tag&post=8540"}],"curies":[{"name":"wp","href":"https:\/\/api.w.org\/{rel}","templated":true}]}}