{"id":8538,"date":"2020-07-09T13:19:30","date_gmt":"2020-07-09T13:19:30","guid":{"rendered":"https:\/\/basakcilastik.com.tr\/?post_type=product&#038;p=8538"},"modified":"2020-07-09T13:19:30","modified_gmt":"2020-07-09T13:19:30","slug":"dewalt-dw268k-qs-540w-alcipan-vidalama","status":"publish","type":"product","link":"http:\/\/basakcilastik.com.tr\/?product=dewalt-dw268k-qs-540w-alcipan-vidalama","title":{"rendered":"Dewalt DW268K-QS 540W Al\u00e7\u0131pan Vidalama"},"content":{"rendered":"<ul>\n<li>Ah\u015fap, plastik ve metalde vidalama uygulamalar\u0131 i\u00e7in ideal<\/li>\n<li>26Nm\u2018ye kadar tork kontroll\u00fc \u00e7ok y\u00f6nl\u00fc tornavida<\/li>\n<li>Benzersiz debriyajl\u0131 tork kontrol sistemi sayesinde, ah\u015fap gibi dengesiz hacimli malzemelerde vidalama yap\u0131l\u0131rken bile uygun tork seviyesi belirlenebilir<\/li>\n<li>Hafif ve kompakt tasar\u0131m verimlili\u011fi artt\u0131r\u0131r ve kullan\u0131c\u0131 yorgunlu\u011funu azalt\u0131r<\/li>\n<li>Kau\u00e7uk kapl\u0131 sap ve tetik titre\u015fimi azalt\u0131r, kullan\u0131m rahatl\u0131\u011f\u0131n\u0131 artt\u0131r\u0131r<\/li>\n<\/ul>\n<table width=\"920\">\n<tbody>\n<tr>\n<td>\n<table width=\"887\">\n<tbody>\n<tr>\n<td>&nbsp;<\/td>\n<td>\n<table width=\"864\">\n<tbody>\n<tr>\n<td>\n<table width=\"100%\">\n<tbody>\n<tr>\n<td width=\"58%\">Maksimum Tork<\/td>\n<td width=\"39%\">4-26 Nm<\/td>\n<\/tr>\n<tr>\n<td width=\"58%\">Giri\u015f G\u00fcc\u00fc<\/td>\n<td width=\"39%\">540 Watt<\/td>\n<\/tr>\n<tr>\n<td width=\"58%\">\u00c7\u0131k\u0131\u015f G\u00fcc\u00fc<\/td>\n<td width=\"39%\">295 Watt<\/td>\n<\/tr>\n<tr>\n<td width=\"58%\">Y\u00fcks\u00fcz H\u0131z\u0131<\/td>\n<td width=\"39%\">0-2500 dev\/dak<\/td>\n<\/tr>\n<tr>\n<td width=\"58%\">Maksimum Vida \u00c7ap\u0131<\/td>\n<td width=\"39%\">6.3 mm<\/td>\n<\/tr>\n<tr>\n<td width=\"58%\">U\u00e7 Tutucu<\/td>\n<td width=\"39%\">(Hex) 6.35 mm<\/td>\n<\/tr>\n<tr>\n<td width=\"58%\">A\u011f\u0131rl\u0131\u011f\u0131<\/td>\n<td width=\"39%\">1.3 kg<\/td>\n<\/tr>\n<tr>\n<td width=\"58%\">Uzunluk<\/td>\n<td width=\"39%\">301 mm<\/td>\n<\/tr>\n<tr>\n<td width=\"58%\">Y\u00fckseklik<\/td>\n<td width=\"39%\">187 mm<\/td>\n<\/tr>\n<tr>\n<td width=\"58%\">El\/Kol Titre\u015fimi<\/td>\n<td width=\"39%\">&lt;2.5 m\/s\u00b2<\/td>\n<\/tr>\n<tr>\n<td width=\"58%\">Belirsizlik K (Titre\u015fim)<\/td>\n<td width=\"39%\">1.5 m\/s\u00b2<\/td>\n<\/tr>\n<tr>\n<td width=\"58%\">Ses bas\u0131nc\u0131<\/td>\n<td width=\"39%\">79 dB(A)<\/td>\n<\/tr>\n<tr>\n<td width=\"58%\">Belirsizlik K 1 (Ses)<\/td>\n<td width=\"39%\"><\/td>\n<\/tr>\n<tr>\n<td width=\"58%\">Akustik g\u00fc\u00e7<\/td>\n<td width=\"39%\">92 dB(A)<\/td>\n<\/tr>\n<\/tbody>\n<\/table>\n<\/td>\n<\/tr>\n<\/tbody>\n<\/table>\n<\/td>\n<\/tr>\n<\/tbody>\n<\/table>\n<\/td>\n<td><\/td>\n<td><\/td>\n<td><\/td>\n<\/tr>\n<\/tbody>\n<\/table>\n<p>&nbsp;<\/p>\n","protected":false},"excerpt":{"rendered":"<p>Ah\u015fap, plastik ve metalde vidalama uygulamalar\u0131 i\u00e7in ideal 26Nm\u2018ye kadar tork kontroll\u00fc \u00e7ok y\u00f6nl\u00fc tornavida Benzersiz debriyajl\u0131 tork kontrol sistemi sayesinde, ah\u015fap gibi dengesiz hacimli malzemelerde vidalama yap\u0131l\u0131rken bile uygun tork seviyesi belirlenebilir Hafif ve kompakt tasar\u0131m verimlili\u011fi artt\u0131r\u0131r ve kullan\u0131c\u0131 yorgunlu\u011funu azalt\u0131r Kau\u00e7uk kapl\u0131 sap ve tetik titre\u015fimi azalt\u0131r, kullan\u0131m rahatl\u0131\u011f\u0131n\u0131 artt\u0131r\u0131r &nbsp; Maksimum Tork 4-26 Nm Giri\u015f G\u00fcc\u00fc [&hellip;]<\/p>\n","protected":false},"featured_media":8539,"comment_status":"open","ping_status":"closed","template":"","meta":[],"product_brand":[],"product_cat":[15,52,57],"product_tag":[],"class_list":{"0":"post-8538","1":"product","2":"type-product","3":"status-publish","4":"has-post-thumbnail","6":"product_cat-genel","7":"product_cat-akulu-aletler","8":"product_cat-delme-vidalama-makineleri","10":"first","11":"instock","12":"shipping-taxable","13":"product-type-simple"},"_links":{"self":[{"href":"http:\/\/basakcilastik.com.tr\/index.php?rest_route=\/wp\/v2\/product\/8538","targetHints":{"allow":["GET"]}}],"collection":[{"href":"http:\/\/basakcilastik.com.tr\/index.php?rest_route=\/wp\/v2\/product"}],"about":[{"href":"http:\/\/basakcilastik.com.tr\/index.php?rest_route=\/wp\/v2\/types\/product"}],"replies":[{"embeddable":true,"href":"http:\/\/basakcilastik.com.tr\/index.php?rest_route=%2Fwp%2Fv2%2Fcomments&post=8538"}],"wp:featuredmedia":[{"embeddable":true,"href":"http:\/\/basakcilastik.com.tr\/index.php?rest_route=\/wp\/v2\/media\/8539"}],"wp:attachment":[{"href":"http:\/\/basakcilastik.com.tr\/index.php?rest_route=%2Fwp%2Fv2%2Fmedia&parent=8538"}],"wp:term":[{"taxonomy":"product_brand","embeddable":true,"href":"http:\/\/basakcilastik.com.tr\/index.php?rest_route=%2Fwp%2Fv2%2Fproduct_brand&post=8538"},{"taxonomy":"product_cat","embeddable":true,"href":"http:\/\/basakcilastik.com.tr\/index.php?rest_route=%2Fwp%2Fv2%2Fproduct_cat&post=8538"},{"taxonomy":"product_tag","embeddable":true,"href":"http:\/\/basakcilastik.com.tr\/index.php?rest_route=%2Fwp%2Fv2%2Fproduct_tag&post=8538"}],"curies":[{"name":"wp","href":"https:\/\/api.w.org\/{rel}","templated":true}]}}