{"id":8520,"date":"2020-07-09T13:06:40","date_gmt":"2020-07-09T13:06:40","guid":{"rendered":"https:\/\/basakcilastik.com.tr\/?post_type=product&#038;p=8520"},"modified":"2020-07-09T13:06:41","modified_gmt":"2020-07-09T13:06:41","slug":"bcd-122-li-akulu-vidalama","status":"publish","type":"product","link":"http:\/\/basakcilastik.com.tr\/?product=bcd-122-li-akulu-vidalama","title":{"rendered":"BCD 122 Li Ak\u00fcl\u00fc Vidalama"},"content":{"rendered":"<p><strong>\u00dcr\u00fcn a\u00e7\u0131klamas\u0131<\/strong><\/p>\n<p>BCD 12\/2 Li Ak\u00fcl\u00fc Vidalama ev, at\u00f6lye gibi bir\u00e7ok alanda kullanabilece\u011finiz kullan\u0131\u015fl\u0131 bir yard\u0131mc\u0131d\u0131r. 12 V g\u00fcc\u00fcnde 1500 mAh Li-ion ak\u00fc ile birlikte gelen cihaz kullan\u0131ma haz\u0131rd\u0131r. Se\u00e7ilebilir ileri\/geri d\u00f6nme \u00f6zeli\u011fi ve 2 h\u0131z ayar\u0131 ile standart i\u015flerde kullanabilece\u011finiz \u00f6zellikleri bar\u0131nd\u0131r\u0131r. H\u0131zl\u0131 alet ucu de\u011fi\u015ftirmenizi sa\u011flayan 10 mm mandren ile istedi\u011finiz aksesuar\u0131 tak\u0131p \u00e7\u0131karmak \u00e7ok koalyd\u0131r. 22 tork ayar\u0131 ile her g\u00f6reve g\u00f6re m\u00fckemmel \u015fekilde h\u0131z\u0131 ayarlanabilir. H\u0131zl\u0131 durma \u00f6zelli\u011fi ile butonu b\u0131rakt\u0131\u011f\u0131n\u0131zda durarak kullan\u0131m\u0131za hassasl\u0131k katar. 1 adet 12 V 1500 mAh Li-ion ak\u00fc ve \u015farj aleti dahildir.<\/p>\n<p><strong>\u00d6zellikler<\/strong><\/p>\n<p>Ak\u00fcl\u00fc Matkap Kit BCD 12\/2 Li i\u00e7in detaylar, \u015fekiller ve bilgiler: burada ayr\u0131nt\u0131l\u0131 teknik veriler ve bu Einhell \u00fcr\u00fcn\u00fcn\u00fcn boyutlar\u0131, a\u011f\u0131rl\u0131\u011f\u0131 ve ambalaj\u0131 hakk\u0131nda \u00f6zel bilgiler bulacaks\u0131n\u0131z.<\/p>\n<table>\n<tbody>\n<tr>\n<td colspan=\"2\"><strong>Teknik \u00d6zellikler<\/strong><\/td>\n<\/tr>\n<tr>\n<td><strong>Ak\u00fc<\/strong><\/td>\n<td>12 V | 1500 mAh | Li-Ion<\/td>\n<\/tr>\n<tr>\n<td><strong>\u015earj s\u00fcresi<\/strong><\/td>\n<td>3-5h<\/td>\n<\/tr>\n<tr>\n<td><strong>Di\u015fli say\u0131s\u0131<\/strong><\/td>\n<td>2<\/td>\n<\/tr>\n<tr>\n<td><strong>Bo\u015fta \u00e7al\u0131\u015fma h\u0131z\u0131 (1. vites)<\/strong><\/td>\n<td>0-400 min^-1<\/td>\n<\/tr>\n<tr>\n<td><strong>Bo\u015fta \u00e7al\u0131\u015fma h\u0131z\u0131 (2. vites)<\/strong><\/td>\n<td>0-1500 min^-1<\/td>\n<\/tr>\n<tr>\n<td><strong>Maks. Tork hard<\/strong><\/td>\n<td>14 Nm<\/td>\n<\/tr>\n<tr>\n<td><strong>Tork kademeleri<\/strong><\/td>\n<td>22 settings<\/td>\n<\/tr>\n<tr>\n<td><strong>Mandren<\/strong><\/td>\n<td>10 mm | double sleeve<\/td>\n<\/tr>\n<tr>\n<td><strong>Teslimata dahil ak\u00fc say\u0131s\u0131<\/strong><\/td>\n<td>1 Pieces<\/td>\n<\/tr>\n<\/tbody>\n<\/table>\n<p>&nbsp;<\/p>\n<table>\n<tbody>\n<tr>\n<td colspan=\"2\"><strong>Lojistik verisi<\/strong><\/td>\n<\/tr>\n<tr>\n<td><strong>Uzunluk<\/strong><\/td>\n<td>220 mm<\/td>\n<\/tr>\n<tr>\n<td><strong>Geni\u015flik<\/strong><\/td>\n<td>230 mm<\/td>\n<\/tr>\n<tr>\n<td><strong>Y\u00fckseklik<\/strong><\/td>\n<td>90 mm<\/td>\n<\/tr>\n<tr>\n<td><strong>Tek \u00fcr\u00fcn paketinin br\u00fct a\u011f\u0131rl\u0131\u011f\u0131 (kg)<\/strong><\/td>\n<td>1.4 kg<\/td>\n<\/tr>\n<tr>\n<td><strong>\u00dcr\u00fcn a\u011f\u0131rl\u0131\u011f\u0131<\/strong><\/td>\n<td>1.06 kg<\/td>\n<\/tr>\n<\/tbody>\n<\/table>\n","protected":false},"excerpt":{"rendered":"<p>\u00dcr\u00fcn a\u00e7\u0131klamas\u0131 BCD 12\/2 Li Ak\u00fcl\u00fc Vidalama ev, at\u00f6lye gibi bir\u00e7ok alanda kullanabilece\u011finiz kullan\u0131\u015fl\u0131 bir yard\u0131mc\u0131d\u0131r. 12 V g\u00fcc\u00fcnde 1500 mAh Li-ion ak\u00fc ile birlikte gelen cihaz kullan\u0131ma haz\u0131rd\u0131r. Se\u00e7ilebilir ileri\/geri d\u00f6nme \u00f6zeli\u011fi ve 2 h\u0131z ayar\u0131 ile standart i\u015flerde kullanabilece\u011finiz \u00f6zellikleri bar\u0131nd\u0131r\u0131r. H\u0131zl\u0131 alet ucu de\u011fi\u015ftirmenizi sa\u011flayan 10 mm mandren ile istedi\u011finiz aksesuar\u0131 tak\u0131p \u00e7\u0131karmak \u00e7ok koalyd\u0131r. 22 tork [&hellip;]<\/p>\n","protected":false},"featured_media":8521,"comment_status":"open","ping_status":"closed","template":"","meta":[],"product_brand":[],"product_cat":[15,52,57],"product_tag":[],"class_list":{"0":"post-8520","1":"product","2":"type-product","3":"status-publish","4":"has-post-thumbnail","6":"product_cat-genel","7":"product_cat-akulu-aletler","8":"product_cat-delme-vidalama-makineleri","10":"first","11":"instock","12":"shipping-taxable","13":"product-type-simple"},"_links":{"self":[{"href":"http:\/\/basakcilastik.com.tr\/index.php?rest_route=\/wp\/v2\/product\/8520","targetHints":{"allow":["GET"]}}],"collection":[{"href":"http:\/\/basakcilastik.com.tr\/index.php?rest_route=\/wp\/v2\/product"}],"about":[{"href":"http:\/\/basakcilastik.com.tr\/index.php?rest_route=\/wp\/v2\/types\/product"}],"replies":[{"embeddable":true,"href":"http:\/\/basakcilastik.com.tr\/index.php?rest_route=%2Fwp%2Fv2%2Fcomments&post=8520"}],"wp:featuredmedia":[{"embeddable":true,"href":"http:\/\/basakcilastik.com.tr\/index.php?rest_route=\/wp\/v2\/media\/8521"}],"wp:attachment":[{"href":"http:\/\/basakcilastik.com.tr\/index.php?rest_route=%2Fwp%2Fv2%2Fmedia&parent=8520"}],"wp:term":[{"taxonomy":"product_brand","embeddable":true,"href":"http:\/\/basakcilastik.com.tr\/index.php?rest_route=%2Fwp%2Fv2%2Fproduct_brand&post=8520"},{"taxonomy":"product_cat","embeddable":true,"href":"http:\/\/basakcilastik.com.tr\/index.php?rest_route=%2Fwp%2Fv2%2Fproduct_cat&post=8520"},{"taxonomy":"product_tag","embeddable":true,"href":"http:\/\/basakcilastik.com.tr\/index.php?rest_route=%2Fwp%2Fv2%2Fproduct_tag&post=8520"}],"curies":[{"name":"wp","href":"https:\/\/api.w.org\/{rel}","templated":true}]}}