{"id":8510,"date":"2020-07-09T13:00:46","date_gmt":"2020-07-09T13:00:46","guid":{"rendered":"https:\/\/basakcilastik.com.tr\/?post_type=product&#038;p=8510"},"modified":"2020-07-09T13:00:46","modified_gmt":"2020-07-09T13:00:46","slug":"120-wattlik-matkap-professional","status":"publish","type":"product","link":"http:\/\/basakcilastik.com.tr\/?product=120-wattlik-matkap-professional","title":{"rendered":"120 watt&#8217;l\u0131k matkap Professional"},"content":{"rendered":"<p>Teknik veriler<\/p>\n<table width=\"750\">\n<thead>\n<tr>\n<td colspan=\"2\">Ek veriler<\/td>\n<\/tr>\n<\/thead>\n<tbody>\n<tr>\n<td><strong>\u00c7elikte maks. delme \u00e7ap\u0131*<\/strong><\/td>\n<td><strong>4<\/strong>\u00a0<strong>mm<\/strong><\/td>\n<\/tr>\n<tr>\n<td><strong>\u00c7\u0131k\u0131\u015f g\u00fcc\u00fc*<\/strong><\/td>\n<td><strong>120<\/strong>\u00a0<strong>W<\/strong><\/td>\n<\/tr>\n<tr>\n<td><strong>EPTA uyar\u0131nca a\u011f\u0131rl\u0131k*<\/strong><\/td>\n<td><strong>0,5<\/strong>\u00a0<strong>kg<\/strong><\/td>\n<\/tr>\n<tr>\n<td>Bo\u015ftaki devir say\u0131s\u0131, reg\u00fclasyonlu<\/td>\n<td>3.200\u00a0dev\/dak<\/td>\n<\/tr>\n<tr>\n<td>Y\u00fck alt\u0131nda hava t\u00fcketimi<\/td>\n<td>9,5\u00a0cfm<\/td>\n<\/tr>\n<tr>\n<td>R\u00f6lantide hava t\u00fcketimi<\/td>\n<td>3,4\u00a0lt\/sn<\/td>\n<\/tr>\n<tr>\n<td>Matkap mili di\u015fi<\/td>\n<td>3\/8&#8243;-24 UNF-2A<\/td>\n<\/tr>\n<tr>\n<td>Hortum i\u00e7 \u00e7ap\u0131<\/td>\n<td>6\u00a0mm<\/td>\n<\/tr>\n<tr>\n<td>Sa\u011f\/sol d\u00f6n\u00fc\u015f<\/td>\n<td>R<\/td>\n<\/tr>\n<\/tbody>\n<\/table>\n","protected":false},"excerpt":{"rendered":"<p>Teknik veriler Ek veriler \u00c7elikte maks. delme \u00e7ap\u0131* 4\u00a0mm \u00c7\u0131k\u0131\u015f g\u00fcc\u00fc* 120\u00a0W EPTA uyar\u0131nca a\u011f\u0131rl\u0131k* 0,5\u00a0kg Bo\u015ftaki devir say\u0131s\u0131, reg\u00fclasyonlu 3.200\u00a0dev\/dak Y\u00fck alt\u0131nda hava t\u00fcketimi 9,5\u00a0cfm R\u00f6lantide hava t\u00fcketimi 3,4\u00a0lt\/sn Matkap mili di\u015fi 3\/8&#8243;-24 UNF-2A Hortum i\u00e7 \u00e7ap\u0131 6\u00a0mm Sa\u011f\/sol d\u00f6n\u00fc\u015f R<\/p>\n","protected":false},"featured_media":8511,"comment_status":"open","ping_status":"closed","template":"","meta":[],"product_brand":[],"product_cat":[15,52,57],"product_tag":[],"class_list":{"0":"post-8510","1":"product","2":"type-product","3":"status-publish","4":"has-post-thumbnail","6":"product_cat-genel","7":"product_cat-akulu-aletler","8":"product_cat-delme-vidalama-makineleri","10":"first","11":"instock","12":"shipping-taxable","13":"product-type-simple"},"_links":{"self":[{"href":"http:\/\/basakcilastik.com.tr\/index.php?rest_route=\/wp\/v2\/product\/8510","targetHints":{"allow":["GET"]}}],"collection":[{"href":"http:\/\/basakcilastik.com.tr\/index.php?rest_route=\/wp\/v2\/product"}],"about":[{"href":"http:\/\/basakcilastik.com.tr\/index.php?rest_route=\/wp\/v2\/types\/product"}],"replies":[{"embeddable":true,"href":"http:\/\/basakcilastik.com.tr\/index.php?rest_route=%2Fwp%2Fv2%2Fcomments&post=8510"}],"wp:featuredmedia":[{"embeddable":true,"href":"http:\/\/basakcilastik.com.tr\/index.php?rest_route=\/wp\/v2\/media\/8511"}],"wp:attachment":[{"href":"http:\/\/basakcilastik.com.tr\/index.php?rest_route=%2Fwp%2Fv2%2Fmedia&parent=8510"}],"wp:term":[{"taxonomy":"product_brand","embeddable":true,"href":"http:\/\/basakcilastik.com.tr\/index.php?rest_route=%2Fwp%2Fv2%2Fproduct_brand&post=8510"},{"taxonomy":"product_cat","embeddable":true,"href":"http:\/\/basakcilastik.com.tr\/index.php?rest_route=%2Fwp%2Fv2%2Fproduct_cat&post=8510"},{"taxonomy":"product_tag","embeddable":true,"href":"http:\/\/basakcilastik.com.tr\/index.php?rest_route=%2Fwp%2Fv2%2Fproduct_tag&post=8510"}],"curies":[{"name":"wp","href":"https:\/\/api.w.org\/{rel}","templated":true}]}}