{"id":8458,"date":"2020-07-02T11:18:10","date_gmt":"2020-07-02T11:18:10","guid":{"rendered":"https:\/\/basakcilastik.com.tr\/?post_type=product&#038;p=8458"},"modified":"2020-07-02T11:18:10","modified_gmt":"2020-07-02T11:18:10","slug":"dewalt-dw294-710w-somun-sikma-makinesi","status":"publish","type":"product","link":"http:\/\/basakcilastik.com.tr\/?product=dewalt-dw294-710w-somun-sikma-makinesi","title":{"rendered":"Dewalt Dw294 710W Somun S\u0131kma Makinesi"},"content":{"rendered":"<table width=\"1016\">\n<tbody>\n<tr>\n<td><strong>Dewalt Dw294 710W Somun S\u0131kma Makinesi<\/strong><\/p>\n<p><strong>DW294<\/strong><\/p>\n<p><strong>3\/4\u201d 710 Watt Elektrikli Somun S\u0131kma<\/strong><\/p>\n<p>&nbsp;<\/p>\n<p><strong>\u00d6zellikleri<\/strong><\/p>\n<p>\u00b7\u00a0\u00a0\u00a0\u00a0\u00a0\u00a0\u00a0\u00a0 S\u0131kma ve s\u00f6kme uygulamalar\u0131nda 440Nm tork<\/p>\n<p>\u00b7\u00a0\u00a0\u00a0\u00a0\u00a0\u00a0\u00a0\u00a0 Sa\u011flam 3\/4&#8243; u\u00e7 kovan\u0131<\/p>\n<p>\u00b7\u00a0\u00a0\u00a0\u00a0\u00a0\u00a0\u00a0\u00a0 Zahmetsiz kullan\u0131m i\u00e7in hafif ve kompakt<\/p>\n<p>\u00b7\u00a0\u00a0\u00a0\u00a0\u00a0\u00a0\u00a0\u00a0 Titre\u015fimi azaltarak zahmetsiz kullan\u0131m sa\u011flamak i\u00e7in yumu\u015fak kavramal\u0131 sap<\/p>\n<p>\u00b7\u00a0\u00a0\u00a0\u00a0\u00a0\u00a0\u00a0\u00a0 Artt\u0131r\u0131lm\u0131\u015f dayan\u0131kl\u0131l\u0131k i\u00e7in sa\u011flam tasar\u0131m<\/p>\n<p>&nbsp;<\/td>\n<\/tr>\n<\/tbody>\n<\/table>\n<p>&nbsp;<\/p>\n<table width=\"1016\">\n<tbody>\n<tr>\n<td>\n<table width=\"1016\">\n<tbody>\n<tr>\n<td><\/td>\n<\/tr>\n<\/tbody>\n<\/table>\n<p>&nbsp;<\/p>\n<table width=\"1016\">\n<tbody>\n<tr>\n<td>\n<table width=\"920\">\n<tbody>\n<tr>\n<td width=\"368\"><strong>Garanti S\u00fcresi (Ay)<\/strong><\/td>\n<td>24<\/td>\n<\/tr>\n<tr>\n<td width=\"368\"><strong>Yurt D\u0131\u015f\u0131 Sat\u0131\u015f<\/strong><\/td>\n<td>Yok<\/td>\n<\/tr>\n<tr>\n<td width=\"368\"><strong>Stok Kodu<\/strong><\/td>\n<td>HBV000004R754<\/td>\n<\/tr>\n<\/tbody>\n<\/table>\n<\/td>\n<\/tr>\n<\/tbody>\n<\/table>\n<\/td>\n<\/tr>\n<\/tbody>\n<\/table>\n","protected":false},"excerpt":{"rendered":"<p>Dewalt Dw294 710W Somun S\u0131kma Makinesi DW294 3\/4\u201d 710 Watt Elektrikli Somun S\u0131kma &nbsp; \u00d6zellikleri \u00b7\u00a0\u00a0\u00a0\u00a0\u00a0\u00a0\u00a0\u00a0 S\u0131kma ve s\u00f6kme uygulamalar\u0131nda 440Nm tork \u00b7\u00a0\u00a0\u00a0\u00a0\u00a0\u00a0\u00a0\u00a0 Sa\u011flam 3\/4&#8243; u\u00e7 kovan\u0131 \u00b7\u00a0\u00a0\u00a0\u00a0\u00a0\u00a0\u00a0\u00a0 Zahmetsiz kullan\u0131m i\u00e7in hafif ve kompakt \u00b7\u00a0\u00a0\u00a0\u00a0\u00a0\u00a0\u00a0\u00a0 Titre\u015fimi azaltarak zahmetsiz kullan\u0131m sa\u011flamak i\u00e7in yumu\u015fak kavramal\u0131 sap \u00b7\u00a0\u00a0\u00a0\u00a0\u00a0\u00a0\u00a0\u00a0 Artt\u0131r\u0131lm\u0131\u015f dayan\u0131kl\u0131l\u0131k i\u00e7in sa\u011flam tasar\u0131m &nbsp; &nbsp; &nbsp; Garanti S\u00fcresi (Ay) 24 Yurt D\u0131\u015f\u0131 Sat\u0131\u015f [&hellip;]<\/p>\n","protected":false},"featured_media":8459,"comment_status":"open","ping_status":"closed","template":"","meta":[],"product_brand":[],"product_cat":[15,52,55],"product_tag":[],"class_list":{"0":"post-8458","1":"product","2":"type-product","3":"status-publish","4":"has-post-thumbnail","6":"product_cat-genel","7":"product_cat-akulu-aletler","8":"product_cat-darbeli-somun-sikma-makineleri","10":"first","11":"instock","12":"shipping-taxable","13":"product-type-simple"},"_links":{"self":[{"href":"http:\/\/basakcilastik.com.tr\/index.php?rest_route=\/wp\/v2\/product\/8458","targetHints":{"allow":["GET"]}}],"collection":[{"href":"http:\/\/basakcilastik.com.tr\/index.php?rest_route=\/wp\/v2\/product"}],"about":[{"href":"http:\/\/basakcilastik.com.tr\/index.php?rest_route=\/wp\/v2\/types\/product"}],"replies":[{"embeddable":true,"href":"http:\/\/basakcilastik.com.tr\/index.php?rest_route=%2Fwp%2Fv2%2Fcomments&post=8458"}],"wp:featuredmedia":[{"embeddable":true,"href":"http:\/\/basakcilastik.com.tr\/index.php?rest_route=\/wp\/v2\/media\/8459"}],"wp:attachment":[{"href":"http:\/\/basakcilastik.com.tr\/index.php?rest_route=%2Fwp%2Fv2%2Fmedia&parent=8458"}],"wp:term":[{"taxonomy":"product_brand","embeddable":true,"href":"http:\/\/basakcilastik.com.tr\/index.php?rest_route=%2Fwp%2Fv2%2Fproduct_brand&post=8458"},{"taxonomy":"product_cat","embeddable":true,"href":"http:\/\/basakcilastik.com.tr\/index.php?rest_route=%2Fwp%2Fv2%2Fproduct_cat&post=8458"},{"taxonomy":"product_tag","embeddable":true,"href":"http:\/\/basakcilastik.com.tr\/index.php?rest_route=%2Fwp%2Fv2%2Fproduct_tag&post=8458"}],"curies":[{"name":"wp","href":"https:\/\/api.w.org\/{rel}","templated":true}]}}