{"id":8442,"date":"2020-07-02T11:02:00","date_gmt":"2020-07-02T11:02:00","guid":{"rendered":"https:\/\/basakcilastik.com.tr\/?post_type=product&#038;p=8442"},"modified":"2020-07-02T11:02:00","modified_gmt":"2020-07-02T11:02:00","slug":"troy-90008-avuc-taslama-sehpasi-100-125mm","status":"publish","type":"product","link":"http:\/\/basakcilastik.com.tr\/?product=troy-90008-avuc-taslama-sehpasi-100-125mm","title":{"rendered":"TROY 90008 Avu\u00e7 Ta\u015flama Sehpas\u0131, 100-125mm"},"content":{"rendered":"<p>TROY 90008<sup>\u00a0<\/sup>Avu\u00e7 Ta\u015flama Sehpas\u0131, 100-125mm<\/p>\n<ul>\n<li>\u00c7o\u011fu avu\u00e7 ta\u015flamada kullanmaya uygun universal sabitleme sehpas\u0131<br \/>\n\u25cf Avu\u00e7 ta\u015flamalar\u0131n \u00e7elik, metal, plastik profil, boru vb.lerinin hassas kesimleri gibi i\u015flemlerde kullan\u0131labilmesini sa\u011flar.<br \/>\n\u25cf Dayan\u0131kl\u0131 \u00e7elik levha tabanl\u0131, 240&#215;240 mm, 100-125mm disk \u00e7apl\u0131 avu\u00e7 ta\u015flamalar i\u00e7in uygundur<br \/>\n\u25cf D\u00f6k\u00fcm al\u00fcminyum destek, dayan\u0131kl\u0131 d\u00f6ner kol, ve yayl\u0131 gev\u015fetme mekanizmas\u0131<\/li>\n<\/ul>\n<p><strong><u>Uyar\u0131 : Avu\u00e7 ta\u015flama g\u00f6rseldir. Sat\u0131\u015fa sunulan Avu\u00e7 ta\u015flama sehpas\u0131d\u0131r<\/u><\/strong><strong><u>.<\/u><\/strong><\/p>\n<p><strong>A\u011f\u0131rl\u0131k(Kg)<\/strong><\/p>\n<p><strong>:<\/strong><\/p>\n<p>2.9<\/p>\n","protected":false},"excerpt":{"rendered":"<p>TROY 90008\u00a0Avu\u00e7 Ta\u015flama Sehpas\u0131, 100-125mm \u00c7o\u011fu avu\u00e7 ta\u015flamada kullanmaya uygun universal sabitleme sehpas\u0131 \u25cf Avu\u00e7 ta\u015flamalar\u0131n \u00e7elik, metal, plastik profil, boru vb.lerinin hassas kesimleri gibi i\u015flemlerde kullan\u0131labilmesini sa\u011flar. \u25cf Dayan\u0131kl\u0131 \u00e7elik levha tabanl\u0131, 240&#215;240 mm, 100-125mm disk \u00e7apl\u0131 avu\u00e7 ta\u015flamalar i\u00e7in uygundur \u25cf D\u00f6k\u00fcm al\u00fcminyum destek, dayan\u0131kl\u0131 d\u00f6ner kol, ve yayl\u0131 gev\u015fetme mekanizmas\u0131 Uyar\u0131 : Avu\u00e7 ta\u015flama g\u00f6rseldir. Sat\u0131\u015fa sunulan [&hellip;]<\/p>\n","protected":false},"featured_media":8443,"comment_status":"open","ping_status":"closed","template":"","meta":[],"product_brand":[],"product_cat":[15,52,54],"product_tag":[],"class_list":{"0":"post-8442","1":"product","2":"type-product","3":"status-publish","4":"has-post-thumbnail","6":"product_cat-genel","7":"product_cat-akulu-aletler","8":"product_cat-avuc-taslama","10":"first","11":"instock","12":"shipping-taxable","13":"product-type-simple"},"_links":{"self":[{"href":"http:\/\/basakcilastik.com.tr\/index.php?rest_route=\/wp\/v2\/product\/8442","targetHints":{"allow":["GET"]}}],"collection":[{"href":"http:\/\/basakcilastik.com.tr\/index.php?rest_route=\/wp\/v2\/product"}],"about":[{"href":"http:\/\/basakcilastik.com.tr\/index.php?rest_route=\/wp\/v2\/types\/product"}],"replies":[{"embeddable":true,"href":"http:\/\/basakcilastik.com.tr\/index.php?rest_route=%2Fwp%2Fv2%2Fcomments&post=8442"}],"wp:featuredmedia":[{"embeddable":true,"href":"http:\/\/basakcilastik.com.tr\/index.php?rest_route=\/wp\/v2\/media\/8443"}],"wp:attachment":[{"href":"http:\/\/basakcilastik.com.tr\/index.php?rest_route=%2Fwp%2Fv2%2Fmedia&parent=8442"}],"wp:term":[{"taxonomy":"product_brand","embeddable":true,"href":"http:\/\/basakcilastik.com.tr\/index.php?rest_route=%2Fwp%2Fv2%2Fproduct_brand&post=8442"},{"taxonomy":"product_cat","embeddable":true,"href":"http:\/\/basakcilastik.com.tr\/index.php?rest_route=%2Fwp%2Fv2%2Fproduct_cat&post=8442"},{"taxonomy":"product_tag","embeddable":true,"href":"http:\/\/basakcilastik.com.tr\/index.php?rest_route=%2Fwp%2Fv2%2Fproduct_tag&post=8442"}],"curies":[{"name":"wp","href":"https:\/\/api.w.org\/{rel}","templated":true}]}}