{"id":8413,"date":"2020-07-02T10:19:55","date_gmt":"2020-07-02T10:19:55","guid":{"rendered":"https:\/\/basakcilastik.com.tr\/?post_type=product&#038;p=8413"},"modified":"2020-07-02T10:19:56","modified_gmt":"2020-07-02T10:19:56","slug":"einhell-tc-ag-1251-avuc-taslama","status":"publish","type":"product","link":"http:\/\/basakcilastik.com.tr\/?product=einhell-tc-ag-1251-avuc-taslama","title":{"rendered":"Einhell TC-AG 1251 Avu\u00e7 Ta\u015flama"},"content":{"rendered":"<p><strong>\u00dcr\u00fcn a\u00e7\u0131klamas\u0131<\/strong><\/p>\n<p>Einhell TC-AG 125\/1 Avu\u00e7 Ta\u015flama ev, at\u00f6lye ve bah\u00e7elerde zorlu i\u015fler i\u00e7in \u00e7ok kullan\u0131\u015fl\u0131 bir yard\u0131mc\u0131d\u0131r. 800 W g\u00fcc\u00fc ve 11000 devir\/dak. r\u00f6lanti h\u0131z\u0131 ile \u00e7ok \u00e7e\u015fitli kesme, ta\u015flama ve z\u0131mpara i\u015flerini kolayca halleder. Kullan\u0131c\u0131 g\u00fcvenli\u011fine y\u00fcksek \u00f6ncelik verilmi\u015ftir, bu nedenle \u00f6zel olarak tasarlanm\u0131\u015f bir disk korumas\u0131 vard\u0131r. Yeniden ba\u015flatma korumas\u0131 ayr\u0131ca kullan\u0131m s\u0131ras\u0131nda \u00f6nemli ekstra g\u00fcvenlik sa\u011flar. Mil kilitleme sistemi diskin kolay ve rahat bir \u015fekilde de\u011fi\u015ftirilmesini sa\u011flar. Sa\u011flam ve d\u00fcz metal di\u015fli kafas\u0131 ula\u015f\u0131lmas\u0131 zor yerlerde \u00e7al\u0131\u015fma imkan\u0131 sunar. Ek tutamak iki farkl\u0131 pozisyonda tak\u0131labilir, b\u00f6ylece uygulama aral\u0131\u011f\u0131n\u0131 geni\u015fletir ve ergonomik \u00e7al\u0131\u015fma sa\u011flar. Tekerlek \u00e7ap\u0131 125 milimetredir. Kesme diski dahil de\u011fildir.<\/p>\n","protected":false},"excerpt":{"rendered":"<p>\u00dcr\u00fcn a\u00e7\u0131klamas\u0131 Einhell TC-AG 125\/1 Avu\u00e7 Ta\u015flama ev, at\u00f6lye ve bah\u00e7elerde zorlu i\u015fler i\u00e7in \u00e7ok kullan\u0131\u015fl\u0131 bir yard\u0131mc\u0131d\u0131r. 800 W g\u00fcc\u00fc ve 11000 devir\/dak. r\u00f6lanti h\u0131z\u0131 ile \u00e7ok \u00e7e\u015fitli kesme, ta\u015flama ve z\u0131mpara i\u015flerini kolayca halleder. Kullan\u0131c\u0131 g\u00fcvenli\u011fine y\u00fcksek \u00f6ncelik verilmi\u015ftir, bu nedenle \u00f6zel olarak tasarlanm\u0131\u015f bir disk korumas\u0131 vard\u0131r. Yeniden ba\u015flatma korumas\u0131 ayr\u0131ca kullan\u0131m s\u0131ras\u0131nda \u00f6nemli ekstra g\u00fcvenlik sa\u011flar. [&hellip;]<\/p>\n","protected":false},"featured_media":8414,"comment_status":"open","ping_status":"closed","template":"","meta":[],"product_brand":[],"product_cat":[15,52,54],"product_tag":[],"class_list":{"0":"post-8413","1":"product","2":"type-product","3":"status-publish","4":"has-post-thumbnail","6":"product_cat-genel","7":"product_cat-akulu-aletler","8":"product_cat-avuc-taslama","10":"first","11":"instock","12":"shipping-taxable","13":"product-type-simple"},"_links":{"self":[{"href":"http:\/\/basakcilastik.com.tr\/index.php?rest_route=\/wp\/v2\/product\/8413","targetHints":{"allow":["GET"]}}],"collection":[{"href":"http:\/\/basakcilastik.com.tr\/index.php?rest_route=\/wp\/v2\/product"}],"about":[{"href":"http:\/\/basakcilastik.com.tr\/index.php?rest_route=\/wp\/v2\/types\/product"}],"replies":[{"embeddable":true,"href":"http:\/\/basakcilastik.com.tr\/index.php?rest_route=%2Fwp%2Fv2%2Fcomments&post=8413"}],"wp:featuredmedia":[{"embeddable":true,"href":"http:\/\/basakcilastik.com.tr\/index.php?rest_route=\/wp\/v2\/media\/8414"}],"wp:attachment":[{"href":"http:\/\/basakcilastik.com.tr\/index.php?rest_route=%2Fwp%2Fv2%2Fmedia&parent=8413"}],"wp:term":[{"taxonomy":"product_brand","embeddable":true,"href":"http:\/\/basakcilastik.com.tr\/index.php?rest_route=%2Fwp%2Fv2%2Fproduct_brand&post=8413"},{"taxonomy":"product_cat","embeddable":true,"href":"http:\/\/basakcilastik.com.tr\/index.php?rest_route=%2Fwp%2Fv2%2Fproduct_cat&post=8413"},{"taxonomy":"product_tag","embeddable":true,"href":"http:\/\/basakcilastik.com.tr\/index.php?rest_route=%2Fwp%2Fv2%2Fproduct_tag&post=8413"}],"curies":[{"name":"wp","href":"https:\/\/api.w.org\/{rel}","templated":true}]}}