{"id":8411,"date":"2020-07-02T10:18:39","date_gmt":"2020-07-02T10:18:39","guid":{"rendered":"https:\/\/basakcilastik.com.tr\/?post_type=product&#038;p=8411"},"modified":"2020-07-02T10:18:39","modified_gmt":"2020-07-02T10:18:39","slug":"einhell-tc-ag-850-ex-cee-avuc-taslama","status":"publish","type":"product","link":"http:\/\/basakcilastik.com.tr\/?product=einhell-tc-ag-850-ex-cee-avuc-taslama","title":{"rendered":"Einhell TC-AG 850 EX CEE Avu\u00e7 Ta\u015flama"},"content":{"rendered":"<p><strong>Avu\u00e7 Ta\u015flama<\/strong><\/p>\n<p><strong>TC-AG 850; EX; CEE<\/strong><\/p>\n<p>\u00dcr\u00fcn Kodu\u00a04430710<\/p>\n<ul>\n<li>G\u00fcvenli \u00e7al\u0131\u015fma i\u00e7in disk korumas\u0131<\/li>\n<li>Mil kilidi ile kolay disk de\u011fi\u015fimi<\/li>\n<li>Sa\u011flam ve d\u00fcz metal di\u015fli kafas\u0131<\/li>\n<li>\u0130lave tutamak iki farkl\u0131 pozisyonda monte edilebilir<\/li>\n<li>Yeniden ba\u015flama korumas\u0131 ve g\u00fcvenlik anahtar\u0131<\/li>\n<li>Disk anahtar\u0131<\/li>\n<li>Kesme diski dahil de\u011fildir.<\/li>\n<\/ul>\n<p><strong>\u00dcr\u00fcn a\u00e7\u0131klamas\u0131<\/strong><\/p>\n<p>Einhell TC-AG 850 EX CEE Avu\u00e7 Ta\u015flama ev, at\u00f6lye ve bah\u00e7elerde zorlu i\u015fler i\u00e7in evrensel bir yard\u0131mc\u0131d\u0131r. 850 W g\u00fcc\u00fc ve 11000 devir\/dak. r\u00f6lanti h\u0131z\u0131 ile \u00e7ok \u00e7e\u015fitli kesme, ta\u015flama ve z\u0131mpara i\u015flerini zahmetsizce halleder. Bunu ayn\u0131 zamanda 1.87 kg&#8217;l\u0131k d\u00fc\u015f\u00fck a\u011fr\u0131l\u0131\u011f\u0131 ile destekler. Bu kadar hafif olmak, i\u015f ne olursa olsun, en az fiziksel zorlanma ile ula\u015f\u0131lmas\u0131 zor yerlerde bile kolay kullan\u0131m sa\u011flar. G\u00fc\u00e7l\u00fc 850 W motoru, \u00e7al\u0131\u015fma esnas\u0131nda \u00f6zellikle d\u00fc\u015f\u00fck seviyede titre\u015fim sa\u011flar. Sa\u011flam ve d\u00fcz metal di\u015fli kafas\u0131 ula\u015f\u0131lmas\u0131 zor yerlerde \u00e7al\u0131\u015fma imkan\u0131 sunar. Ta\u015flama ve kesme i\u015flemlerinde kullan\u0131c\u0131y\u0131 korumak i\u00e7in disk korumas\u0131 vard\u0131r. Optimum kullan\u0131c\u0131 korumas\u0131 i\u00e7in yeniden ba\u015flatma korumas\u0131 ve g\u00fcvenlik \u015falteri mevcuttur. Mil kilidi, \u00e7ap\u0131 125 mm olan diskin kolay ve h\u0131zl\u0131 bir \u015fekilde de\u011fi\u015ftirilmesini sa\u011flar. Esneklik i\u00e7in ilave sap 2 farkl\u0131 pozisyonda sabitlenebilir. Pratik disk anahtar\u0131 ile bilrikte tedarik edilir. Kesme diski dahil de\u011fildir.<\/p>\n","protected":false},"excerpt":{"rendered":"<p>Avu\u00e7 Ta\u015flama TC-AG 850; EX; CEE \u00dcr\u00fcn Kodu\u00a04430710 G\u00fcvenli \u00e7al\u0131\u015fma i\u00e7in disk korumas\u0131 Mil kilidi ile kolay disk de\u011fi\u015fimi Sa\u011flam ve d\u00fcz metal di\u015fli kafas\u0131 \u0130lave tutamak iki farkl\u0131 pozisyonda monte edilebilir Yeniden ba\u015flama korumas\u0131 ve g\u00fcvenlik anahtar\u0131 Disk anahtar\u0131 Kesme diski dahil de\u011fildir. \u00dcr\u00fcn a\u00e7\u0131klamas\u0131 Einhell TC-AG 850 EX CEE Avu\u00e7 Ta\u015flama ev, at\u00f6lye ve bah\u00e7elerde zorlu i\u015fler i\u00e7in [&hellip;]<\/p>\n","protected":false},"featured_media":8412,"comment_status":"open","ping_status":"closed","template":"","meta":[],"product_brand":[],"product_cat":[15,52,54],"product_tag":[],"class_list":{"0":"post-8411","1":"product","2":"type-product","3":"status-publish","4":"has-post-thumbnail","6":"product_cat-genel","7":"product_cat-akulu-aletler","8":"product_cat-avuc-taslama","10":"first","11":"instock","12":"shipping-taxable","13":"product-type-simple"},"_links":{"self":[{"href":"http:\/\/basakcilastik.com.tr\/index.php?rest_route=\/wp\/v2\/product\/8411","targetHints":{"allow":["GET"]}}],"collection":[{"href":"http:\/\/basakcilastik.com.tr\/index.php?rest_route=\/wp\/v2\/product"}],"about":[{"href":"http:\/\/basakcilastik.com.tr\/index.php?rest_route=\/wp\/v2\/types\/product"}],"replies":[{"embeddable":true,"href":"http:\/\/basakcilastik.com.tr\/index.php?rest_route=%2Fwp%2Fv2%2Fcomments&post=8411"}],"wp:featuredmedia":[{"embeddable":true,"href":"http:\/\/basakcilastik.com.tr\/index.php?rest_route=\/wp\/v2\/media\/8412"}],"wp:attachment":[{"href":"http:\/\/basakcilastik.com.tr\/index.php?rest_route=%2Fwp%2Fv2%2Fmedia&parent=8411"}],"wp:term":[{"taxonomy":"product_brand","embeddable":true,"href":"http:\/\/basakcilastik.com.tr\/index.php?rest_route=%2Fwp%2Fv2%2Fproduct_brand&post=8411"},{"taxonomy":"product_cat","embeddable":true,"href":"http:\/\/basakcilastik.com.tr\/index.php?rest_route=%2Fwp%2Fv2%2Fproduct_cat&post=8411"},{"taxonomy":"product_tag","embeddable":true,"href":"http:\/\/basakcilastik.com.tr\/index.php?rest_route=%2Fwp%2Fv2%2Fproduct_tag&post=8411"}],"curies":[{"name":"wp","href":"https:\/\/api.w.org\/{rel}","templated":true}]}}