{"id":8403,"date":"2020-07-02T10:12:39","date_gmt":"2020-07-02T10:12:39","guid":{"rendered":"https:\/\/basakcilastik.com.tr\/?post_type=product&#038;p=8403"},"modified":"2020-07-02T10:12:39","modified_gmt":"2020-07-02T10:12:39","slug":"dewalt-dwe4559-qs-buyuk-taslama-2400w-230mm-6500-devdak","status":"publish","type":"product","link":"http:\/\/basakcilastik.com.tr\/?product=dewalt-dwe4559-qs-buyuk-taslama-2400w-230mm-6500-devdak","title":{"rendered":"Dewalt DWE4559-QS B\u00fcy\u00fck Ta\u015flama 2400W 230mm 6500 DevDak"},"content":{"rendered":"<p><strong>Dewalt DWE4559-QS B\u00fcy\u00fck Ta\u015flama 2400W 230mm 6500 DevDak<\/strong><\/p>\n","protected":false},"excerpt":{"rendered":"<p>Dewalt DWE4559-QS B\u00fcy\u00fck Ta\u015flama 2400W 230mm 6500 DevDak<\/p>\n","protected":false},"featured_media":8390,"comment_status":"open","ping_status":"closed","template":"","meta":[],"product_brand":[],"product_cat":[15,52,54],"product_tag":[],"class_list":{"0":"post-8403","1":"product","2":"type-product","3":"status-publish","4":"has-post-thumbnail","6":"product_cat-genel","7":"product_cat-akulu-aletler","8":"product_cat-avuc-taslama","10":"first","11":"instock","12":"shipping-taxable","13":"product-type-simple"},"_links":{"self":[{"href":"http:\/\/basakcilastik.com.tr\/index.php?rest_route=\/wp\/v2\/product\/8403","targetHints":{"allow":["GET"]}}],"collection":[{"href":"http:\/\/basakcilastik.com.tr\/index.php?rest_route=\/wp\/v2\/product"}],"about":[{"href":"http:\/\/basakcilastik.com.tr\/index.php?rest_route=\/wp\/v2\/types\/product"}],"replies":[{"embeddable":true,"href":"http:\/\/basakcilastik.com.tr\/index.php?rest_route=%2Fwp%2Fv2%2Fcomments&post=8403"}],"wp:featuredmedia":[{"embeddable":true,"href":"http:\/\/basakcilastik.com.tr\/index.php?rest_route=\/wp\/v2\/media\/8390"}],"wp:attachment":[{"href":"http:\/\/basakcilastik.com.tr\/index.php?rest_route=%2Fwp%2Fv2%2Fmedia&parent=8403"}],"wp:term":[{"taxonomy":"product_brand","embeddable":true,"href":"http:\/\/basakcilastik.com.tr\/index.php?rest_route=%2Fwp%2Fv2%2Fproduct_brand&post=8403"},{"taxonomy":"product_cat","embeddable":true,"href":"http:\/\/basakcilastik.com.tr\/index.php?rest_route=%2Fwp%2Fv2%2Fproduct_cat&post=8403"},{"taxonomy":"product_tag","embeddable":true,"href":"http:\/\/basakcilastik.com.tr\/index.php?rest_route=%2Fwp%2Fv2%2Fproduct_tag&post=8403"}],"curies":[{"name":"wp","href":"https:\/\/api.w.org\/{rel}","templated":true}]}}