{"id":8396,"date":"2020-07-02T10:04:47","date_gmt":"2020-07-02T10:04:47","guid":{"rendered":"https:\/\/basakcilastik.com.tr\/?post_type=product&#038;p=8396"},"modified":"2020-07-02T10:04:47","modified_gmt":"2020-07-02T10:04:47","slug":"dewalt-dwe4056-800watt-115-mm-profesyonel-avuc-taslama","status":"publish","type":"product","link":"http:\/\/basakcilastik.com.tr\/?product=dewalt-dwe4056-800watt-115-mm-profesyonel-avuc-taslama","title":{"rendered":"Dewalt Dwe4056 800Watt 115 Mm Profesyonel Avu\u00e7 Ta\u015flama"},"content":{"rendered":"<table width=\"1016\">\n<tbody>\n<tr>\n<td><strong>Dewalt Dwe4056 800Watt 115 Mm Profesyonel Avu\u00e7 Ta\u015flama<\/strong><\/p>\n<p>Dewalt Dwe4056 800Watt 115Mm Profesyonel Avu\u00e7 Ta\u015flama Y\u00fcks\u00fcz H\u0131z\u0131 11800 Dev\/Dk Maksimum Disk \u00c7ap\u0131 115Mm Mil Ba\u011flant\u0131 Di\u015fi M14 G\u00fc\u00e7l\u00fc Motor \u0130le \u00c7ok \u00c7e\u015fitli Kesme Ve Ta\u015flama Uygulamalar\u0131 Kompakt G\u00f6vde Tasar\u0131m\u0131 Sayesinde Rahat Kavran\u0131r Ve Ergonomi Sa\u011flar Y\u00fcksek Kaliteli Kom\u00fctat\u00f6r Ve Dayan\u0131kl\u0131 K\u00f6m\u00fcr Sayesinde Uzun Dayan\u0131kl\u0131l\u0131k Sa\u011flar Spiral A\u00e7\u0131l\u0131 Di\u015fliler Daha Az Titre\u015fim, Daha D\u00fc\u015f\u00fck G\u00fcr\u00fclt\u00fc Ve Daha Uzun Kullan\u0131m \u00d6mr\u00fc Sa\u011flar En \u0130yi So\u011futma \u0130\u00e7in M\u00fckemmelle\u015ftirilmi\u015f Hava Kanallar\u0131 Tek Elle \u00c7al\u0131\u015fma Ve Kullan\u0131c\u0131 G\u00fcvenli\u011fi \u0130\u00e7in S\u00fcrg\u00fcl\u00fc A\u00e7ma \/ Kapama D\u00fc\u011fmesi Mil Kilidi \u0130le Kolay Ve H\u0131zl\u0131 Aksesuar De\u011fi\u015ftirme \u00c7atlamaya Dayan\u0131kl\u0131 Muhafaza Maksimum Kullan\u0131c\u0131 G\u00fcvenli\u011fi Sa\u011flar Metal Di\u015fli Kutusu Uzun Kullan\u0131m \u00d6mr\u00fc Ve Dayan\u0131kl\u0131l\u0131k Sa\u011flar Yan Tutma Kolu Kullan\u0131m Kolayl\u0131\u011f\u0131 Sa\u011flar Metal Ve Ta\u015f, Tu\u011fla, Betonda Kesme Metalde Ta\u015flama, \u00c7apak Alma Tel F\u0131r\u00e7alar \u0130le Metalde Kaz\u0131ma Z\u0131mpara Diskleri \u0130le Kaba Z\u0131mparalama Profesyonel Kullan\u0131ma Uygundur A\u011f\u0131rl\u0131k 1,6 Kg<\/td>\n<\/tr>\n<\/tbody>\n<\/table>\n<p>&nbsp;<\/p>\n<table width=\"1016\">\n<tbody>\n<tr>\n<td>\n<table width=\"1016\">\n<tbody>\n<tr>\n<td><\/td>\n<\/tr>\n<\/tbody>\n<\/table>\n<p>&nbsp;<\/p>\n<table width=\"1016\">\n<tbody>\n<tr>\n<td>\n<table width=\"920\">\n<tbody>\n<tr>\n<td width=\"368\"><strong>Yurt D\u0131\u015f\u0131 Sat\u0131\u015f<\/strong><\/td>\n<td>Yok<\/td>\n<\/tr>\n<tr>\n<td width=\"368\"><strong>Stok Kodu<\/strong><\/td>\n<td>HBV000006MIXM<\/td>\n<\/tr>\n<\/tbody>\n<\/table>\n<\/td>\n<\/tr>\n<\/tbody>\n<\/table>\n<\/td>\n<\/tr>\n<\/tbody>\n<\/table>\n","protected":false},"excerpt":{"rendered":"<p>Dewalt Dwe4056 800Watt 115 Mm Profesyonel Avu\u00e7 Ta\u015flama Dewalt Dwe4056 800Watt 115Mm Profesyonel Avu\u00e7 Ta\u015flama Y\u00fcks\u00fcz H\u0131z\u0131 11800 Dev\/Dk Maksimum Disk \u00c7ap\u0131 115Mm Mil Ba\u011flant\u0131 Di\u015fi M14 G\u00fc\u00e7l\u00fc Motor \u0130le \u00c7ok \u00c7e\u015fitli Kesme Ve Ta\u015flama Uygulamalar\u0131 Kompakt G\u00f6vde Tasar\u0131m\u0131 Sayesinde Rahat Kavran\u0131r Ve Ergonomi Sa\u011flar Y\u00fcksek Kaliteli Kom\u00fctat\u00f6r Ve Dayan\u0131kl\u0131 K\u00f6m\u00fcr Sayesinde Uzun Dayan\u0131kl\u0131l\u0131k Sa\u011flar Spiral A\u00e7\u0131l\u0131 Di\u015fliler Daha Az [&hellip;]<\/p>\n","protected":false},"featured_media":8390,"comment_status":"open","ping_status":"closed","template":"","meta":[],"product_brand":[],"product_cat":[15,54],"product_tag":[],"class_list":{"0":"post-8396","1":"product","2":"type-product","3":"status-publish","4":"has-post-thumbnail","6":"product_cat-genel","7":"product_cat-avuc-taslama","9":"first","10":"instock","11":"shipping-taxable","12":"product-type-simple"},"_links":{"self":[{"href":"http:\/\/basakcilastik.com.tr\/index.php?rest_route=\/wp\/v2\/product\/8396","targetHints":{"allow":["GET"]}}],"collection":[{"href":"http:\/\/basakcilastik.com.tr\/index.php?rest_route=\/wp\/v2\/product"}],"about":[{"href":"http:\/\/basakcilastik.com.tr\/index.php?rest_route=\/wp\/v2\/types\/product"}],"replies":[{"embeddable":true,"href":"http:\/\/basakcilastik.com.tr\/index.php?rest_route=%2Fwp%2Fv2%2Fcomments&post=8396"}],"wp:featuredmedia":[{"embeddable":true,"href":"http:\/\/basakcilastik.com.tr\/index.php?rest_route=\/wp\/v2\/media\/8390"}],"wp:attachment":[{"href":"http:\/\/basakcilastik.com.tr\/index.php?rest_route=%2Fwp%2Fv2%2Fmedia&parent=8396"}],"wp:term":[{"taxonomy":"product_brand","embeddable":true,"href":"http:\/\/basakcilastik.com.tr\/index.php?rest_route=%2Fwp%2Fv2%2Fproduct_brand&post=8396"},{"taxonomy":"product_cat","embeddable":true,"href":"http:\/\/basakcilastik.com.tr\/index.php?rest_route=%2Fwp%2Fv2%2Fproduct_cat&post=8396"},{"taxonomy":"product_tag","embeddable":true,"href":"http:\/\/basakcilastik.com.tr\/index.php?rest_route=%2Fwp%2Fv2%2Fproduct_tag&post=8396"}],"curies":[{"name":"wp","href":"https:\/\/api.w.org\/{rel}","templated":true}]}}