{"id":8395,"date":"2020-07-02T10:04:05","date_gmt":"2020-07-02T10:04:05","guid":{"rendered":"https:\/\/basakcilastik.com.tr\/?post_type=product&#038;p=8395"},"modified":"2020-07-02T10:04:05","modified_gmt":"2020-07-02T10:04:05","slug":"dewalt-dwe4016-730w-avuc-taslama-115-mm","status":"publish","type":"product","link":"http:\/\/basakcilastik.com.tr\/?product=dewalt-dwe4016-730w-avuc-taslama-115-mm","title":{"rendered":"Dewalt Dwe4016 730W Avu\u00e7 Ta\u015flama 115 Mm"},"content":{"rendered":"<table width=\"1016\">\n<tbody>\n<tr>\n<td><strong>Dewalt Dwe4016 730W Avu\u00e7 Ta\u015flama 115 Mm<\/strong><\/p>\n<p>Marka: Dewalt Sat\u0131\u015f T\u00fcr\u00fc: Adet \u00dcretim Yeri: Amerika Kategori: Dewalt Elektrik El Aletleri \u00dcr\u00fcn Tipi: Avu\u00e7 Ta\u015flama Giri\u015f G\u00fcc\u00fc : 730 W Y\u00fcks\u00fcz H\u0131z\u0131: 11000 Dev\/Dk Maks. Disk \u00c7ap\u0131: 115 Mm Mil Ba\u011flant\u0131 Di\u015fi: M14 A\u011f\u0131rl\u0131k: 1.9 Kg<\/td>\n<\/tr>\n<\/tbody>\n<\/table>\n<p>&nbsp;<\/p>\n<table width=\"1016\">\n<tbody>\n<tr>\n<td>\n<table width=\"1016\">\n<tbody>\n<tr>\n<td><\/td>\n<\/tr>\n<\/tbody>\n<\/table>\n<p>&nbsp;<\/p>\n<table width=\"1016\">\n<tbody>\n<tr>\n<td>\n<table width=\"920\">\n<tbody>\n<tr>\n<td width=\"368\"><strong>Yurt D\u0131\u015f\u0131 Sat\u0131\u015f<\/strong><\/td>\n<td>Yok<\/td>\n<\/tr>\n<tr>\n<td width=\"368\"><strong>Stok Kodu<\/strong><\/td>\n<td>HBV000006MJ3P<\/td>\n<\/tr>\n<\/tbody>\n<\/table>\n<\/td>\n<\/tr>\n<\/tbody>\n<\/table>\n<\/td>\n<\/tr>\n<\/tbody>\n<\/table>\n","protected":false},"excerpt":{"rendered":"<p>Dewalt Dwe4016 730W Avu\u00e7 Ta\u015flama 115 Mm Marka: Dewalt Sat\u0131\u015f T\u00fcr\u00fc: Adet \u00dcretim Yeri: Amerika Kategori: Dewalt Elektrik El Aletleri \u00dcr\u00fcn Tipi: Avu\u00e7 Ta\u015flama Giri\u015f G\u00fcc\u00fc : 730 W Y\u00fcks\u00fcz H\u0131z\u0131: 11000 Dev\/Dk Maks. Disk \u00c7ap\u0131: 115 Mm Mil Ba\u011flant\u0131 Di\u015fi: M14 A\u011f\u0131rl\u0131k: 1.9 Kg &nbsp; &nbsp; Yurt D\u0131\u015f\u0131 Sat\u0131\u015f Yok Stok Kodu HBV000006MJ3P<\/p>\n","protected":false},"featured_media":8390,"comment_status":"open","ping_status":"closed","template":"","meta":[],"product_brand":[],"product_cat":[15,52,54],"product_tag":[],"class_list":{"0":"post-8395","1":"product","2":"type-product","3":"status-publish","4":"has-post-thumbnail","6":"product_cat-genel","7":"product_cat-akulu-aletler","8":"product_cat-avuc-taslama","10":"first","11":"instock","12":"shipping-taxable","13":"product-type-simple"},"_links":{"self":[{"href":"http:\/\/basakcilastik.com.tr\/index.php?rest_route=\/wp\/v2\/product\/8395","targetHints":{"allow":["GET"]}}],"collection":[{"href":"http:\/\/basakcilastik.com.tr\/index.php?rest_route=\/wp\/v2\/product"}],"about":[{"href":"http:\/\/basakcilastik.com.tr\/index.php?rest_route=\/wp\/v2\/types\/product"}],"replies":[{"embeddable":true,"href":"http:\/\/basakcilastik.com.tr\/index.php?rest_route=%2Fwp%2Fv2%2Fcomments&post=8395"}],"wp:featuredmedia":[{"embeddable":true,"href":"http:\/\/basakcilastik.com.tr\/index.php?rest_route=\/wp\/v2\/media\/8390"}],"wp:attachment":[{"href":"http:\/\/basakcilastik.com.tr\/index.php?rest_route=%2Fwp%2Fv2%2Fmedia&parent=8395"}],"wp:term":[{"taxonomy":"product_brand","embeddable":true,"href":"http:\/\/basakcilastik.com.tr\/index.php?rest_route=%2Fwp%2Fv2%2Fproduct_brand&post=8395"},{"taxonomy":"product_cat","embeddable":true,"href":"http:\/\/basakcilastik.com.tr\/index.php?rest_route=%2Fwp%2Fv2%2Fproduct_cat&post=8395"},{"taxonomy":"product_tag","embeddable":true,"href":"http:\/\/basakcilastik.com.tr\/index.php?rest_route=%2Fwp%2Fv2%2Fproduct_tag&post=8395"}],"curies":[{"name":"wp","href":"https:\/\/api.w.org\/{rel}","templated":true}]}}