{"id":8391,"date":"2020-06-30T15:02:12","date_gmt":"2020-06-30T15:02:12","guid":{"rendered":"https:\/\/basakcilastik.com.tr\/?post_type=product&#038;p=8391"},"modified":"2020-06-30T15:02:12","modified_gmt":"2020-06-30T15:02:12","slug":"dewalt-dwe493-tr-2200w-180mm-profesyonel-buyuk-taslama","status":"publish","type":"product","link":"http:\/\/basakcilastik.com.tr\/?product=dewalt-dwe493-tr-2200w-180mm-profesyonel-buyuk-taslama","title":{"rendered":"Dewalt DWE493-TR 2200W 180mm Profesyonel B\u00fcy\u00fck Ta\u015flama"},"content":{"rendered":"<table width=\"920\">\n<tbody>\n<tr>\n<td width=\"368\"><strong>\u00c7anta<\/strong><\/td>\n<td>Yok<\/td>\n<\/tr>\n<tr>\n<td width=\"368\"><strong>Devir Ayar\u0131<\/strong><\/td>\n<td>Yok<\/td>\n<\/tr>\n<tr>\n<td width=\"368\"><strong>Devir<\/strong><\/td>\n<td>8500 Devir\/dk<\/td>\n<\/tr>\n<tr>\n<td width=\"368\"><strong>Disk \u00c7ap\u0131<\/strong><\/td>\n<td>180 mm<\/td>\n<\/tr>\n<\/tbody>\n<\/table>\n<p>&nbsp;<\/p>\n","protected":false},"excerpt":{"rendered":"<p>\u00c7anta Yok Devir Ayar\u0131 Yok Devir 8500 Devir\/dk Disk \u00c7ap\u0131 180 mm &nbsp;<\/p>\n","protected":false},"featured_media":8390,"comment_status":"open","ping_status":"closed","template":"","meta":[],"product_brand":[],"product_cat":[15,52,54],"product_tag":[],"class_list":{"0":"post-8391","1":"product","2":"type-product","3":"status-publish","4":"has-post-thumbnail","6":"product_cat-genel","7":"product_cat-akulu-aletler","8":"product_cat-avuc-taslama","10":"first","11":"instock","12":"shipping-taxable","13":"product-type-simple"},"_links":{"self":[{"href":"http:\/\/basakcilastik.com.tr\/index.php?rest_route=\/wp\/v2\/product\/8391","targetHints":{"allow":["GET"]}}],"collection":[{"href":"http:\/\/basakcilastik.com.tr\/index.php?rest_route=\/wp\/v2\/product"}],"about":[{"href":"http:\/\/basakcilastik.com.tr\/index.php?rest_route=\/wp\/v2\/types\/product"}],"replies":[{"embeddable":true,"href":"http:\/\/basakcilastik.com.tr\/index.php?rest_route=%2Fwp%2Fv2%2Fcomments&post=8391"}],"wp:featuredmedia":[{"embeddable":true,"href":"http:\/\/basakcilastik.com.tr\/index.php?rest_route=\/wp\/v2\/media\/8390"}],"wp:attachment":[{"href":"http:\/\/basakcilastik.com.tr\/index.php?rest_route=%2Fwp%2Fv2%2Fmedia&parent=8391"}],"wp:term":[{"taxonomy":"product_brand","embeddable":true,"href":"http:\/\/basakcilastik.com.tr\/index.php?rest_route=%2Fwp%2Fv2%2Fproduct_brand&post=8391"},{"taxonomy":"product_cat","embeddable":true,"href":"http:\/\/basakcilastik.com.tr\/index.php?rest_route=%2Fwp%2Fv2%2Fproduct_cat&post=8391"},{"taxonomy":"product_tag","embeddable":true,"href":"http:\/\/basakcilastik.com.tr\/index.php?rest_route=%2Fwp%2Fv2%2Fproduct_tag&post=8391"}],"curies":[{"name":"wp","href":"https:\/\/api.w.org\/{rel}","templated":true}]}}