{"id":8387,"date":"2020-06-30T13:10:19","date_gmt":"2020-06-30T13:10:19","guid":{"rendered":"https:\/\/basakcilastik.com.tr\/?post_type=product&#038;p=8387"},"modified":"2020-06-30T13:10:20","modified_gmt":"2020-06-30T13:10:20","slug":"turboroto-lance-for-ghp-5-65x-professional","status":"publish","type":"product","link":"http:\/\/basakcilastik.com.tr\/?product=turboroto-lance-for-ghp-5-65x-professional","title":{"rendered":"TurboRoto lance for GHP 5-65X Professional"},"content":{"rendered":"<p>Teknik veriler<\/p>\n<table width=\"750\">\n<thead>\n<tr>\n<td colspan=\"2\">Ek veriler<\/td>\n<\/tr>\n<\/thead>\n<tbody>\n<tr>\n<td>A\u011f\u0131rl\u0131k (Aksesuar hari\u00e7)<\/td>\n<td>0,8\u00a0kg<\/td>\n<\/tr>\n<\/tbody>\n<\/table>\n<p>* Vurgulanan Veriler<\/p>\n<p>Elektrikli el aletinin A-dereceli g\u00fcr\u00fclt\u00fc seviyesi tipik olarak \u015fu de\u011ferlere sahiptir: Ses bas\u0131nc\u0131 seviyesi dB(A); Ses performans\u0131 seviyesi dB(A). K belirsizli\u011fi= dB.<\/p>\n<p>Avantajlar<\/p>\n<p>\u0130lave aksesuarlar<\/p>\n<ul>\n<li>D\u00f6ner, dar ve y\u00fcksek h\u0131zl\u0131 su huzmesiyle y\u00fcksek bas\u0131n\u00e7l\u0131 y\u0131kama cihazlar\u0131n\u0131n etkinli\u011fini art\u0131r\u0131r<\/li>\n<li>\u0130nat\u00e7\u0131 kirleri de temizler<\/li>\n<\/ul>\n","protected":false},"excerpt":{"rendered":"<p>Teknik veriler Ek veriler A\u011f\u0131rl\u0131k (Aksesuar hari\u00e7) 0,8\u00a0kg * Vurgulanan Veriler Elektrikli el aletinin A-dereceli g\u00fcr\u00fclt\u00fc seviyesi tipik olarak \u015fu de\u011ferlere sahiptir: Ses bas\u0131nc\u0131 seviyesi dB(A); Ses performans\u0131 seviyesi dB(A). K belirsizli\u011fi= dB. Avantajlar \u0130lave aksesuarlar D\u00f6ner, dar ve y\u00fcksek h\u0131zl\u0131 su huzmesiyle y\u00fcksek bas\u0131n\u00e7l\u0131 y\u0131kama cihazlar\u0131n\u0131n etkinli\u011fini art\u0131r\u0131r \u0130nat\u00e7\u0131 kirleri de temizler<\/p>\n","protected":false},"featured_media":8388,"comment_status":"open","ping_status":"closed","template":"","meta":[],"product_brand":[],"product_cat":[15,53,52],"product_tag":[],"class_list":{"0":"post-8387","1":"product","2":"type-product","3":"status-publish","4":"has-post-thumbnail","6":"product_cat-genel","7":"product_cat-aksesuarlar","8":"product_cat-akulu-aletler","10":"first","11":"instock","12":"shipping-taxable","13":"product-type-simple"},"_links":{"self":[{"href":"http:\/\/basakcilastik.com.tr\/index.php?rest_route=\/wp\/v2\/product\/8387","targetHints":{"allow":["GET"]}}],"collection":[{"href":"http:\/\/basakcilastik.com.tr\/index.php?rest_route=\/wp\/v2\/product"}],"about":[{"href":"http:\/\/basakcilastik.com.tr\/index.php?rest_route=\/wp\/v2\/types\/product"}],"replies":[{"embeddable":true,"href":"http:\/\/basakcilastik.com.tr\/index.php?rest_route=%2Fwp%2Fv2%2Fcomments&post=8387"}],"wp:featuredmedia":[{"embeddable":true,"href":"http:\/\/basakcilastik.com.tr\/index.php?rest_route=\/wp\/v2\/media\/8388"}],"wp:attachment":[{"href":"http:\/\/basakcilastik.com.tr\/index.php?rest_route=%2Fwp%2Fv2%2Fmedia&parent=8387"}],"wp:term":[{"taxonomy":"product_brand","embeddable":true,"href":"http:\/\/basakcilastik.com.tr\/index.php?rest_route=%2Fwp%2Fv2%2Fproduct_brand&post=8387"},{"taxonomy":"product_cat","embeddable":true,"href":"http:\/\/basakcilastik.com.tr\/index.php?rest_route=%2Fwp%2Fv2%2Fproduct_cat&post=8387"},{"taxonomy":"product_tag","embeddable":true,"href":"http:\/\/basakcilastik.com.tr\/index.php?rest_route=%2Fwp%2Fv2%2Fproduct_tag&post=8387"}],"curies":[{"name":"wp","href":"https:\/\/api.w.org\/{rel}","templated":true}]}}