{"id":8376,"date":"2020-06-30T12:46:34","date_gmt":"2020-06-30T12:46:34","guid":{"rendered":"https:\/\/basakcilastik.com.tr\/?post_type=product&#038;p=8376"},"modified":"2020-06-30T12:46:34","modified_gmt":"2020-06-30T12:46:34","slug":"motor-340-watts-professional","status":"publish","type":"product","link":"http:\/\/basakcilastik.com.tr\/?product=motor-340-watts-professional","title":{"rendered":"Motor 340 Watts Professional"},"content":{"rendered":"<p>Entegre motor, 340 Watt ProfessionalMotor 340 Watts Professional<\/p>\n<p>Ayr\u0131 valf ile kumanda, entegre valf yok. Motor milinin maks. eksenel y\u00fck\u00fc FAX = 850 N Motor milinin maks. radyal y\u00fck\u00fc FRA = 34 N<\/p>\n<p>Teknik veriler<\/p>\n<table width=\"750\">\n<thead>\n<tr>\n<td colspan=\"2\">Ek veriler<\/td>\n<\/tr>\n<\/thead>\n<tbody>\n<tr>\n<td><strong>Kama momenti*<\/strong><\/td>\n<td><strong>25<\/strong>\u00a0<strong>Nm<\/strong><\/td>\n<\/tr>\n<tr>\n<td><strong>R\u00f6lanti devir say\u0131s\u0131*<\/strong><\/td>\n<td><strong>490<\/strong>\u00a0<strong>dev\/dak<\/strong><\/td>\n<\/tr>\n<tr>\n<td>D\u00f6nme y\u00f6n\u00fc, R=Sa\u011fa, L=Sol<\/td>\n<td>R\/L<\/td>\n<\/tr>\n<tr>\n<td>\u00c7\u0131k\u0131\u015f g\u00fcc\u00fc<\/td>\n<td>340\u00a0W<\/td>\n<\/tr>\n<tr>\n<td>Y\u00fck alt\u0131nda hava t\u00fcketimi<\/td>\n<td>13,5\/28,6\u00a0lt\/sn\/cfm<\/td>\n<\/tr>\n<tr>\n<td>EPTA uyar\u0131nca a\u011f\u0131rl\u0131k<\/td>\n<td>0,9\u00a0kg<\/td>\n<\/tr>\n<tr>\n<td>Mil \u00f6l\u00e7\u00fcleri<\/td>\n<td>3\/8&#8243;<\/td>\n<\/tr>\n<tr>\n<td>Ba\u011flant\u0131 di\u015fi<\/td>\n<td>G 1\/8&#8243;<\/td>\n<\/tr>\n<tr>\n<td>Hortum i\u00e7 \u00e7ap\u0131<\/td>\n<td>8\u00a0mm<\/td>\n<\/tr>\n<tr>\n<td>\u0130\u015fletme karakteristik \u00e7izgisi<\/td>\n<td>prod6520pta6247p1 0607951314.pdf (127,63 kb)<\/td>\n<\/tr>\n<\/tbody>\n<\/table>\n<p>* Vurgulanan Veriler<\/p>\n","protected":false},"excerpt":{"rendered":"<p>Entegre motor, 340 Watt ProfessionalMotor 340 Watts Professional Ayr\u0131 valf ile kumanda, entegre valf yok. Motor milinin maks. eksenel y\u00fck\u00fc FAX = 850 N Motor milinin maks. radyal y\u00fck\u00fc FRA = 34 N Teknik veriler Ek veriler Kama momenti* 25\u00a0Nm R\u00f6lanti devir say\u0131s\u0131* 490\u00a0dev\/dak D\u00f6nme y\u00f6n\u00fc, R=Sa\u011fa, L=Sol R\/L \u00c7\u0131k\u0131\u015f g\u00fcc\u00fc 340\u00a0W Y\u00fck alt\u0131nda hava t\u00fcketimi 13,5\/28,6\u00a0lt\/sn\/cfm EPTA uyar\u0131nca a\u011f\u0131rl\u0131k [&hellip;]<\/p>\n","protected":false},"featured_media":8377,"comment_status":"open","ping_status":"closed","template":"","meta":[],"product_brand":[],"product_cat":[15,53,52],"product_tag":[],"class_list":{"0":"post-8376","1":"product","2":"type-product","3":"status-publish","4":"has-post-thumbnail","6":"product_cat-genel","7":"product_cat-aksesuarlar","8":"product_cat-akulu-aletler","10":"first","11":"instock","12":"shipping-taxable","13":"product-type-simple"},"_links":{"self":[{"href":"http:\/\/basakcilastik.com.tr\/index.php?rest_route=\/wp\/v2\/product\/8376","targetHints":{"allow":["GET"]}}],"collection":[{"href":"http:\/\/basakcilastik.com.tr\/index.php?rest_route=\/wp\/v2\/product"}],"about":[{"href":"http:\/\/basakcilastik.com.tr\/index.php?rest_route=\/wp\/v2\/types\/product"}],"replies":[{"embeddable":true,"href":"http:\/\/basakcilastik.com.tr\/index.php?rest_route=%2Fwp%2Fv2%2Fcomments&post=8376"}],"wp:featuredmedia":[{"embeddable":true,"href":"http:\/\/basakcilastik.com.tr\/index.php?rest_route=\/wp\/v2\/media\/8377"}],"wp:attachment":[{"href":"http:\/\/basakcilastik.com.tr\/index.php?rest_route=%2Fwp%2Fv2%2Fmedia&parent=8376"}],"wp:term":[{"taxonomy":"product_brand","embeddable":true,"href":"http:\/\/basakcilastik.com.tr\/index.php?rest_route=%2Fwp%2Fv2%2Fproduct_brand&post=8376"},{"taxonomy":"product_cat","embeddable":true,"href":"http:\/\/basakcilastik.com.tr\/index.php?rest_route=%2Fwp%2Fv2%2Fproduct_cat&post=8376"},{"taxonomy":"product_tag","embeddable":true,"href":"http:\/\/basakcilastik.com.tr\/index.php?rest_route=%2Fwp%2Fv2%2Fproduct_tag&post=8376"}],"curies":[{"name":"wp","href":"https:\/\/api.w.org\/{rel}","templated":true}]}}