{"id":8348,"date":"2020-06-30T12:26:50","date_gmt":"2020-06-30T12:26:50","guid":{"rendered":"https:\/\/basakcilastik.com.tr\/?post_type=product&#038;p=8348"},"modified":"2020-06-30T12:26:51","modified_gmt":"2020-06-30T12:26:51","slug":"gfa-fc2-professional-flexiclick-adaptoru","status":"publish","type":"product","link":"http:\/\/basakcilastik.com.tr\/?product=gfa-fc2-professional-flexiclick-adaptoru","title":{"rendered":"GFA FC2 Professional FlexiClick Adapt\u00f6r\u00fc"},"content":{"rendered":"<p>Teknik veriler<\/p>\n<table width=\"750\">\n<thead>\n<tr>\n<td colspan=\"2\">Ek veriler<\/td>\n<\/tr>\n<\/thead>\n<tbody>\n<tr>\n<td><strong>A\u011f\u0131rl\u0131k*<\/strong><\/td>\n<td><strong>0,3<\/strong>\u00a0<strong>kg<\/strong><\/td>\n<\/tr>\n<tr>\n<td><strong>B\u00fcy\u00fckl\u00fc\u011f\u00fc*<\/strong><\/td>\n<td><strong>84x48x51<\/strong>\u00a0<strong>mm<\/strong><\/td>\n<\/tr>\n<tr>\n<td><strong>Mandren \u00e7ap\u0131, min.\/maks.*<\/strong><\/td>\n<td><strong>13<\/strong>\u00a0<strong>mm<\/strong><\/td>\n<\/tr>\n<\/tbody>\n<\/table>\n<p>* Vurgulanan Veriler<\/p>\n<p>Avantajlar<\/p>\n<p>Bosch FlexiClick 5&#8217;i 1 arada sistem: Her t\u00fcrl\u00fc ko\u015fulun \u00fcstesinden gelir<\/p>\n<ul>\n<li>Y\u00fcksek esneklik \u2013 Mandren adapt\u00f6r\u00fc GFA FC2, delme uygulamalar\u0131nda HEX ak\u00fcl\u00fc vidalama makinelerinin kullan\u0131m alan\u0131n\u0131 geni\u015fletir<\/li>\n<li>13 mm Auto-Lock mandren<\/li>\n<li>Kompakt yap\u0131 \u2013 K\u0131sa yap\u0131s\u0131 (GSR 14,4 V-FC2\/18 V-FC2 ile 198 mm) hassas \u00e7al\u0131\u015fma sa\u011flar<\/li>\n<\/ul>\n","protected":false},"excerpt":{"rendered":"<p>Teknik veriler Ek veriler A\u011f\u0131rl\u0131k* 0,3\u00a0kg B\u00fcy\u00fckl\u00fc\u011f\u00fc* 84x48x51\u00a0mm Mandren \u00e7ap\u0131, min.\/maks.* 13\u00a0mm * Vurgulanan Veriler Avantajlar Bosch FlexiClick 5&#8217;i 1 arada sistem: Her t\u00fcrl\u00fc ko\u015fulun \u00fcstesinden gelir Y\u00fcksek esneklik \u2013 Mandren adapt\u00f6r\u00fc GFA FC2, delme uygulamalar\u0131nda HEX ak\u00fcl\u00fc vidalama makinelerinin kullan\u0131m alan\u0131n\u0131 geni\u015fletir 13 mm Auto-Lock mandren Kompakt yap\u0131 \u2013 K\u0131sa yap\u0131s\u0131 (GSR 14,4 V-FC2\/18 V-FC2 ile 198 mm) hassas [&hellip;]<\/p>\n","protected":false},"featured_media":8349,"comment_status":"open","ping_status":"closed","template":"","meta":[],"product_brand":[],"product_cat":[15,53,52],"product_tag":[],"class_list":{"0":"post-8348","1":"product","2":"type-product","3":"status-publish","4":"has-post-thumbnail","6":"product_cat-genel","7":"product_cat-aksesuarlar","8":"product_cat-akulu-aletler","10":"first","11":"instock","12":"shipping-taxable","13":"product-type-simple"},"_links":{"self":[{"href":"http:\/\/basakcilastik.com.tr\/index.php?rest_route=\/wp\/v2\/product\/8348","targetHints":{"allow":["GET"]}}],"collection":[{"href":"http:\/\/basakcilastik.com.tr\/index.php?rest_route=\/wp\/v2\/product"}],"about":[{"href":"http:\/\/basakcilastik.com.tr\/index.php?rest_route=\/wp\/v2\/types\/product"}],"replies":[{"embeddable":true,"href":"http:\/\/basakcilastik.com.tr\/index.php?rest_route=%2Fwp%2Fv2%2Fcomments&post=8348"}],"wp:featuredmedia":[{"embeddable":true,"href":"http:\/\/basakcilastik.com.tr\/index.php?rest_route=\/wp\/v2\/media\/8349"}],"wp:attachment":[{"href":"http:\/\/basakcilastik.com.tr\/index.php?rest_route=%2Fwp%2Fv2%2Fmedia&parent=8348"}],"wp:term":[{"taxonomy":"product_brand","embeddable":true,"href":"http:\/\/basakcilastik.com.tr\/index.php?rest_route=%2Fwp%2Fv2%2Fproduct_brand&post=8348"},{"taxonomy":"product_cat","embeddable":true,"href":"http:\/\/basakcilastik.com.tr\/index.php?rest_route=%2Fwp%2Fv2%2Fproduct_cat&post=8348"},{"taxonomy":"product_tag","embeddable":true,"href":"http:\/\/basakcilastik.com.tr\/index.php?rest_route=%2Fwp%2Fv2%2Fproduct_tag&post=8348"}],"curies":[{"name":"wp","href":"https:\/\/api.w.org\/{rel}","templated":true}]}}