{"id":8345,"date":"2020-06-29T21:03:25","date_gmt":"2020-06-29T21:03:25","guid":{"rendered":"https:\/\/basakcilastik.com.tr\/?post_type=product&#038;p=8345"},"modified":"2020-06-29T21:03:25","modified_gmt":"2020-06-29T21:03:25","slug":"gfa-12-x-professional-flexiclick-adaptoru","status":"publish","type":"product","link":"http:\/\/basakcilastik.com.tr\/?product=gfa-12-x-professional-flexiclick-adaptoru","title":{"rendered":"GFA 12-X Professional FlexiClick Adapt\u00f6r\u00fc"},"content":{"rendered":"<p>Teknik veriler<\/p>\n<table width=\"750\">\n<thead>\n<tr>\n<td colspan=\"2\">Ek veriler<\/td>\n<\/tr>\n<\/thead>\n<tbody>\n<tr>\n<td><strong>A\u011f\u0131rl\u0131k*<\/strong><\/td>\n<td><strong>0,1<\/strong>\u00a0<strong>kg<\/strong><\/td>\n<\/tr>\n<tr>\n<td><strong>B\u00fcy\u00fckl\u00fc\u011f\u00fc*<\/strong><\/td>\n<td><strong>27<\/strong>\u00a0<strong>mm<\/strong><\/td>\n<\/tr>\n<\/tbody>\n<\/table>\n<p>* Vurgulanan Veriler<\/p>\n<p>Avantajlar<\/p>\n<p>S\u0131n\u0131rlar\u0131n\u0131z\u0131 yeniden tan\u0131mlay\u0131n \u2013 tek kompakt el aletinde be\u015f \u00e7\u00f6z\u00fcm sa\u011flayan esneklik.<\/p>\n<ul>\n<li>Kilitleme mekanizmal\u0131 1\/4&#8243; alt\u0131gen u\u00e7 tutucu<\/li>\n<li>GSR 12V-15 FC ile uyumlu (0 601 9F6 &#8230;)<\/li>\n<li>\u00abTek Klik\u00bb arabirimi sayesinde tek bak\u0131\u015fta makineye s\u0131k\u0131 sabitleme sa\u011flan\u0131r<\/li>\n<li>Tam kontrol \u2013 GFA 12-X u\u00e7 tutucu adapt\u00f6r\u00fc tak\u0131lan u\u00e7lar\u0131n s\u0131k\u0131ca kilitlenmesini sa\u011flar, b\u00f6ylece istenmeyen bi\u00e7imde u\u00e7lar\u0131n \u00e7\u0131kmalar\u0131 engellenir<\/li>\n<li>Kompakt yap\u0131 \u2013 K\u0131sa yap\u0131s\u0131 (GSR 12V-15 FC ile 159 mm) hassas \u00e7al\u0131\u015fma sa\u011flar<\/li>\n<\/ul>\n","protected":false},"excerpt":{"rendered":"<p>Teknik veriler Ek veriler A\u011f\u0131rl\u0131k* 0,1\u00a0kg B\u00fcy\u00fckl\u00fc\u011f\u00fc* 27\u00a0mm * Vurgulanan Veriler Avantajlar S\u0131n\u0131rlar\u0131n\u0131z\u0131 yeniden tan\u0131mlay\u0131n \u2013 tek kompakt el aletinde be\u015f \u00e7\u00f6z\u00fcm sa\u011flayan esneklik. Kilitleme mekanizmal\u0131 1\/4&#8243; alt\u0131gen u\u00e7 tutucu GSR 12V-15 FC ile uyumlu (0 601 9F6 &#8230;) \u00abTek Klik\u00bb arabirimi sayesinde tek bak\u0131\u015fta makineye s\u0131k\u0131 sabitleme sa\u011flan\u0131r Tam kontrol \u2013 GFA 12-X u\u00e7 tutucu adapt\u00f6r\u00fc tak\u0131lan u\u00e7lar\u0131n s\u0131k\u0131ca [&hellip;]<\/p>\n","protected":false},"featured_media":8346,"comment_status":"open","ping_status":"closed","template":"","meta":[],"product_brand":[],"product_cat":[15,53,52],"product_tag":[],"class_list":{"0":"post-8345","1":"product","2":"type-product","3":"status-publish","4":"has-post-thumbnail","6":"product_cat-genel","7":"product_cat-aksesuarlar","8":"product_cat-akulu-aletler","10":"first","11":"instock","12":"shipping-taxable","13":"product-type-simple"},"_links":{"self":[{"href":"http:\/\/basakcilastik.com.tr\/index.php?rest_route=\/wp\/v2\/product\/8345","targetHints":{"allow":["GET"]}}],"collection":[{"href":"http:\/\/basakcilastik.com.tr\/index.php?rest_route=\/wp\/v2\/product"}],"about":[{"href":"http:\/\/basakcilastik.com.tr\/index.php?rest_route=\/wp\/v2\/types\/product"}],"replies":[{"embeddable":true,"href":"http:\/\/basakcilastik.com.tr\/index.php?rest_route=%2Fwp%2Fv2%2Fcomments&post=8345"}],"wp:featuredmedia":[{"embeddable":true,"href":"http:\/\/basakcilastik.com.tr\/index.php?rest_route=\/wp\/v2\/media\/8346"}],"wp:attachment":[{"href":"http:\/\/basakcilastik.com.tr\/index.php?rest_route=%2Fwp%2Fv2%2Fmedia&parent=8345"}],"wp:term":[{"taxonomy":"product_brand","embeddable":true,"href":"http:\/\/basakcilastik.com.tr\/index.php?rest_route=%2Fwp%2Fv2%2Fproduct_brand&post=8345"},{"taxonomy":"product_cat","embeddable":true,"href":"http:\/\/basakcilastik.com.tr\/index.php?rest_route=%2Fwp%2Fv2%2Fproduct_cat&post=8345"},{"taxonomy":"product_tag","embeddable":true,"href":"http:\/\/basakcilastik.com.tr\/index.php?rest_route=%2Fwp%2Fv2%2Fproduct_tag&post=8345"}],"curies":[{"name":"wp","href":"https:\/\/api.w.org\/{rel}","templated":true}]}}