{"id":8319,"date":"2020-06-29T14:26:09","date_gmt":"2020-06-29T14:26:09","guid":{"rendered":"https:\/\/basakcilastik.com.tr\/?post_type=product&#038;p=8319"},"modified":"2020-06-29T14:26:09","modified_gmt":"2020-06-29T14:26:09","slug":"gba-12v-6-0ah-professional-aku","status":"publish","type":"product","link":"http:\/\/basakcilastik.com.tr\/?product=gba-12v-6-0ah-professional-aku","title":{"rendered":"GBA 12V 6.0Ah Professional Ak\u00fc"},"content":{"rendered":"<p>Teknik veriler<\/p>\n<table width=\"750\">\n<thead>\n<tr>\n<td colspan=\"2\">Ek veriler<\/td>\n<\/tr>\n<\/thead>\n<tbody>\n<tr>\n<td><strong>Ak\u00fc gerilimi*<\/strong><\/td>\n<td><strong>12<\/strong>\u00a0<strong>V<\/strong><\/td>\n<\/tr>\n<tr>\n<td><strong>A\u011f\u0131rl\u0131k*<\/strong><\/td>\n<td><strong>385<\/strong>\u00a0<strong>g<\/strong><\/td>\n<\/tr>\n<\/tbody>\n<\/table>\n<p>* Vurgulanan Veriler<\/p>\n<p>Avantajlar<\/p>\n<p>Kompakt 12 Volt, 6,0 Ah ak\u00fc<\/p>\n<ul>\n<li>Mevcut 12V 4,0 Ah ak\u00fclere g\u00f6re %50 daha fazla \u00e7al\u0131\u015fma s\u00fcresi<\/li>\n<li>Bosch Profesyonel 12V sistemi \u2013 10,8V &amp; 12V el aletleri ile %100 uyumluluk<\/li>\n<li>Kolay kullan\u0131m i\u00e7in kompakt ve hafif<\/li>\n<\/ul>\n","protected":false},"excerpt":{"rendered":"<p>Teknik veriler Ek veriler Ak\u00fc gerilimi* 12\u00a0V A\u011f\u0131rl\u0131k* 385\u00a0g * Vurgulanan Veriler Avantajlar Kompakt 12 Volt, 6,0 Ah ak\u00fc Mevcut 12V 4,0 Ah ak\u00fclere g\u00f6re %50 daha fazla \u00e7al\u0131\u015fma s\u00fcresi Bosch Profesyonel 12V sistemi \u2013 10,8V &amp; 12V el aletleri ile %100 uyumluluk Kolay kullan\u0131m i\u00e7in kompakt ve hafif<\/p>\n","protected":false},"featured_media":8320,"comment_status":"open","ping_status":"closed","template":"","meta":[],"product_brand":[],"product_cat":[15,53,52],"product_tag":[],"class_list":{"0":"post-8319","1":"product","2":"type-product","3":"status-publish","4":"has-post-thumbnail","6":"product_cat-genel","7":"product_cat-aksesuarlar","8":"product_cat-akulu-aletler","10":"first","11":"instock","12":"shipping-taxable","13":"product-type-simple"},"_links":{"self":[{"href":"http:\/\/basakcilastik.com.tr\/index.php?rest_route=\/wp\/v2\/product\/8319","targetHints":{"allow":["GET"]}}],"collection":[{"href":"http:\/\/basakcilastik.com.tr\/index.php?rest_route=\/wp\/v2\/product"}],"about":[{"href":"http:\/\/basakcilastik.com.tr\/index.php?rest_route=\/wp\/v2\/types\/product"}],"replies":[{"embeddable":true,"href":"http:\/\/basakcilastik.com.tr\/index.php?rest_route=%2Fwp%2Fv2%2Fcomments&post=8319"}],"wp:featuredmedia":[{"embeddable":true,"href":"http:\/\/basakcilastik.com.tr\/index.php?rest_route=\/wp\/v2\/media\/8320"}],"wp:attachment":[{"href":"http:\/\/basakcilastik.com.tr\/index.php?rest_route=%2Fwp%2Fv2%2Fmedia&parent=8319"}],"wp:term":[{"taxonomy":"product_brand","embeddable":true,"href":"http:\/\/basakcilastik.com.tr\/index.php?rest_route=%2Fwp%2Fv2%2Fproduct_brand&post=8319"},{"taxonomy":"product_cat","embeddable":true,"href":"http:\/\/basakcilastik.com.tr\/index.php?rest_route=%2Fwp%2Fv2%2Fproduct_cat&post=8319"},{"taxonomy":"product_tag","embeddable":true,"href":"http:\/\/basakcilastik.com.tr\/index.php?rest_route=%2Fwp%2Fv2%2Fproduct_tag&post=8319"}],"curies":[{"name":"wp","href":"https:\/\/api.w.org\/{rel}","templated":true}]}}