{"id":8315,"date":"2020-06-29T14:24:12","date_gmt":"2020-06-29T14:24:12","guid":{"rendered":"https:\/\/basakcilastik.com.tr\/?post_type=product&#038;p=8315"},"modified":"2020-06-29T14:24:12","modified_gmt":"2020-06-29T14:24:12","slug":"gal-3680-cv-professional-sarj-cihazi","status":"publish","type":"product","link":"http:\/\/basakcilastik.com.tr\/?product=gal-3680-cv-professional-sarj-cihazi","title":{"rendered":"GAL 3680 CV Professional \u015earj Cihaz\u0131"},"content":{"rendered":"<p>Teknik veriler<\/p>\n<table width=\"750\">\n<thead>\n<tr>\n<td colspan=\"2\">Ek veriler<\/td>\n<\/tr>\n<\/thead>\n<tbody>\n<tr>\n<td><strong>Ak\u00fc \u015farj gerilimi*<\/strong><\/td>\n<td><strong>14,4 \u2013 36<\/strong>\u00a0<strong>V<\/strong><\/td>\n<\/tr>\n<tr>\n<td><strong>\u015earj ak\u0131m\u0131*<\/strong><\/td>\n<td><strong>8<\/strong>\u00a0<strong>A<\/strong><\/td>\n<\/tr>\n<tr>\n<td><strong>A\u011f\u0131rl\u0131k*<\/strong><\/td>\n<td><strong>900<\/strong>\u00a0<strong>gr<\/strong><\/td>\n<\/tr>\n<tr>\n<td>1,5 Ah (%80\/%100) ak\u00fc kapasitesinde yakl.\u015farj s\u00fc.<\/td>\n<td>10\/25\u00a0dk<\/td>\n<\/tr>\n<tr>\n<td>2,0 Ah ak\u00fc kapasitesi (%80\/%100) i\u00e7in \u015farj s\u00fcresi yakl.<\/td>\n<td>15\/30\u00a0dk<\/td>\n<\/tr>\n<tr>\n<td>3,0 Ah (%80\/%100) ak\u00fc kapasitesinde yakl.\u015farj s\u00fc.<\/td>\n<td>20\/35\u00a0dk<\/td>\n<\/tr>\n<tr>\n<td>4,0 Ah ak\u00fc kapasitesi (%80\/%100) i\u00e7in \u015farj s\u00fcresi yakl.<\/td>\n<td>25\/35\u00a0dk<\/td>\n<\/tr>\n<tr>\n<td>5,0 Ah ak\u00fc kapasitesi (%80\/%100) i\u00e7in \u015farj s\u00fcresi yakl.<\/td>\n<td>35\/45\u00a0dk<\/td>\n<\/tr>\n<tr>\n<td>6,0 Ah ak\u00fc kapasitesi (%80\/%100) i\u00e7in \u015farj s\u00fcresi yakl.<\/td>\n<td>35\/55\u00a0dk<\/td>\n<\/tr>\n<tr>\n<td>6,3 Ah (%80\/%100) ak\u00fc kapasitesinde yakl.\u015farj s\u00fc.<\/td>\n<td>41\/55\u00a0dk<\/td>\n<\/tr>\n<tr>\n<td>ProCORE18V 4.0Ah i\u00e7in (%80\/%100) \u015farj s\u00fcresi yakl.<\/td>\n<td>32\/51\u00a0dk<\/td>\n<\/tr>\n<tr>\n<td>ProCORE18V 8.0Ah i\u00e7in (%80\/%100) \u015farj s\u00fcresi yakl.<\/td>\n<td>68\/79\u00a0dk<\/td>\n<\/tr>\n<tr>\n<td>ProCORE18V 12.0Ah i\u00e7in (%80\/%100) \u015farj s\u00fcresi yakl.<\/td>\n<td>113\/126\u00a0dk<\/td>\n<\/tr>\n<\/tbody>\n<\/table>\n<p>* Vurgulanan Veriler<\/p>\n<p>Avantajlar<\/p>\n<p>T\u00fcm 14,4 \u2013 36 Volt li-iyon ak\u00fcler i\u00e7in Multi-Volt h\u0131zl\u0131 \u015farj cihaz\u0131<\/p>\n<ul>\n<li>%100 daha h\u0131zl\u0131 ak\u00fc \u015farj\u0131 (AL 3640 CV ile kar\u015f\u0131la\u015ft\u0131r\u0131ld\u0131\u011f\u0131nda)<\/li>\n<li>H\u0131zl\u0131 \u015farj modu: 4,0 Ah bir ak\u00fc sadece 25 dakika i\u00e7inde kapasitesinin %80&#8217;iyle kullan\u0131ma haz\u0131r hale gelir<\/li>\n<li>Ak\u00fclerde uzun kullan\u0131m \u00f6mr\u00fc i\u00e7in aktif hava so\u011futma (Active Air Cooling)<\/li>\n<\/ul>\n","protected":false},"excerpt":{"rendered":"<p>Teknik veriler Ek veriler Ak\u00fc \u015farj gerilimi* 14,4 \u2013 36\u00a0V \u015earj ak\u0131m\u0131* 8\u00a0A A\u011f\u0131rl\u0131k* 900\u00a0gr 1,5 Ah (%80\/%100) ak\u00fc kapasitesinde yakl.\u015farj s\u00fc. 10\/25\u00a0dk 2,0 Ah ak\u00fc kapasitesi (%80\/%100) i\u00e7in \u015farj s\u00fcresi yakl. 15\/30\u00a0dk 3,0 Ah (%80\/%100) ak\u00fc kapasitesinde yakl.\u015farj s\u00fc. 20\/35\u00a0dk 4,0 Ah ak\u00fc kapasitesi (%80\/%100) i\u00e7in \u015farj s\u00fcresi yakl. 25\/35\u00a0dk 5,0 Ah ak\u00fc kapasitesi (%80\/%100) i\u00e7in \u015farj s\u00fcresi yakl. [&hellip;]<\/p>\n","protected":false},"featured_media":8316,"comment_status":"open","ping_status":"closed","template":"","meta":[],"product_brand":[],"product_cat":[53,52],"product_tag":[],"class_list":{"0":"post-8315","1":"product","2":"type-product","3":"status-publish","4":"has-post-thumbnail","6":"product_cat-aksesuarlar","7":"product_cat-akulu-aletler","9":"first","10":"instock","11":"shipping-taxable","12":"product-type-simple"},"_links":{"self":[{"href":"http:\/\/basakcilastik.com.tr\/index.php?rest_route=\/wp\/v2\/product\/8315","targetHints":{"allow":["GET"]}}],"collection":[{"href":"http:\/\/basakcilastik.com.tr\/index.php?rest_route=\/wp\/v2\/product"}],"about":[{"href":"http:\/\/basakcilastik.com.tr\/index.php?rest_route=\/wp\/v2\/types\/product"}],"replies":[{"embeddable":true,"href":"http:\/\/basakcilastik.com.tr\/index.php?rest_route=%2Fwp%2Fv2%2Fcomments&post=8315"}],"wp:featuredmedia":[{"embeddable":true,"href":"http:\/\/basakcilastik.com.tr\/index.php?rest_route=\/wp\/v2\/media\/8316"}],"wp:attachment":[{"href":"http:\/\/basakcilastik.com.tr\/index.php?rest_route=%2Fwp%2Fv2%2Fmedia&parent=8315"}],"wp:term":[{"taxonomy":"product_brand","embeddable":true,"href":"http:\/\/basakcilastik.com.tr\/index.php?rest_route=%2Fwp%2Fv2%2Fproduct_brand&post=8315"},{"taxonomy":"product_cat","embeddable":true,"href":"http:\/\/basakcilastik.com.tr\/index.php?rest_route=%2Fwp%2Fv2%2Fproduct_cat&post=8315"},{"taxonomy":"product_tag","embeddable":true,"href":"http:\/\/basakcilastik.com.tr\/index.php?rest_route=%2Fwp%2Fv2%2Fproduct_tag&post=8315"}],"curies":[{"name":"wp","href":"https:\/\/api.w.org\/{rel}","templated":true}]}}