{"id":28896,"date":"2020-09-10T12:15:11","date_gmt":"2020-09-10T12:15:11","guid":{"rendered":"https:\/\/basakcilastik.com.tr\/?post_type=product&#038;p=28896"},"modified":"2020-09-10T12:15:12","modified_gmt":"2020-09-10T12:15:12","slug":"2200-slx-turbo-sicak-soguk-yikama-makinasi","status":"publish","type":"product","link":"http:\/\/basakcilastik.com.tr\/?product=2200-slx-turbo-sicak-soguk-yikama-makinasi","title":{"rendered":"2200 SLX TURBO S\u0131cak &#8211; So\u011fuk Y\u0131kama Makinas\u0131"},"content":{"rendered":"<table width=\"100%\">\n<tbody>\n<tr>\n<td width=\"70\"><strong>\u00dcr\u00fcn Kodu<\/strong><\/td>\n<td width=\"10\"><strong>:<\/strong><\/td>\n<td>005<\/td>\n<\/tr>\n<tr>\n<td colspan=\"3\">&nbsp;<\/p>\n<p>Teknik \u00d6zellikler \/ Specifications<\/p>\n<table width=\"100%\">\n<tbody>\n<tr>\n<td width=\"250\"><strong>Pompa Bas\u0131nc\u0131Bar)<\/strong><\/td>\n<td>180<\/td>\n<\/tr>\n<tr>\n<td><strong>Su DebisiL\/h)<\/strong><\/td>\n<td>540<\/td>\n<\/tr>\n<tr>\n<td><strong>Piston Sistemi<\/strong><\/td>\n<td>\u00a0Seramik 3 Pistonlu<\/td>\n<\/tr>\n<tr>\n<td><strong>Ke\u00e7e Sistemi<\/strong><\/td>\n<td>\u00a0\u00c7ift Ke\u00e7eli Su So\u011futmal\u0131<\/td>\n<\/tr>\n<tr>\n<td><strong>Pompa Emniyet Sistemi<\/strong><\/td>\n<td>\u00a0By-pass Sistemli Ba\u015f\u0131n\u00e7 Emniyet Reg\u00fclat\u00f6r\u00fc<\/td>\n<\/tr>\n<tr>\n<td><strong>Elektrik Donan\u0131m\u0131<\/strong><\/td>\n<td>Pompa ve Brul\u00f6r Motoru Termik Sigortal\u0131 Korumal\u0131<\/td>\n<\/tr>\n<tr>\n<td><strong>Elektrik G\u00fcc\u00fc \/ Voltaj \/Frekans<\/strong><\/td>\n<td>5.5 hp. \/400.(3N~) \/ 50-60 Hz.<\/td>\n<\/tr>\n<tr>\n<td><strong>Bas\u0131n\u00e7 Hortumu<\/strong><\/td>\n<td>\u00a0\u00c7ift Kat \u00c7elik Tel \u00d6rg\u00fcl\u00fc R2<\/td>\n<\/tr>\n<tr>\n<td><strong>Deterjan Tank\u0131<\/strong><\/td>\n<td>\u00a011<\/td>\n<\/tr>\n<tr>\n<td><strong>Deterjan Sistemi<\/strong><\/td>\n<td>\u00a0D\u0131\u015far\u0131dan Ayarlanabilir Deterjan Kar\u0131\u015f\u0131m Valfi<\/td>\n<\/tr>\n<tr>\n<td><strong>Yak\u0131t Tank\u0131<\/strong><\/td>\n<td>\u00a011<\/td>\n<\/tr>\n<tr>\n<td><strong>Yak\u0131t Sarfiyat\u0131 (L\/h)<\/strong><\/td>\n<td>3 &#8211; 5 (Diesel)<\/td>\n<\/tr>\n<tr>\n<td><strong>Ate\u015fleme Sistemi<\/strong><\/td>\n<td>Dikey Tip Buji<\/td>\n<\/tr>\n<tr>\n<td><strong>G\u00fc\u00e7 Aktarma<\/strong><\/td>\n<td>\u00a0Direkt Akuple(Kay\u0131\u015f Kaynaks\u0131z)<\/td>\n<\/tr>\n<tr>\n<td><strong>Is\u0131tma Sistemi<\/strong><\/td>\n<td>\u00a0\u00d6n Is\u0131t\u0131c\u0131l\u0131 \u00c7ift S\u0131ral\u0131 Serpantin Turbo Sistem<\/td>\n<\/tr>\n<tr>\n<td><strong>Su S\u0131cakl\u0131\u011f\u0131 Ayarlabilir<\/strong><\/td>\n<td>\u00a00 &#8211; 80 \u00baC<\/td>\n<\/tr>\n<tr>\n<td><strong>Tekerlekler<\/strong><\/td>\n<td>\u00a0D\u00f6rt Tekerlekli, Sabitleme Emniyet Frenli<\/td>\n<\/tr>\n<tr>\n<td><strong>Boyutlar(mm)<\/strong><\/td>\n<td>\u00a0U:1000- G:750- Y:750<\/td>\n<\/tr>\n<tr>\n<td><strong>A\u011f\u0131rl\u0131k(kg)<\/strong><\/td>\n<td>165<\/td>\n<\/tr>\n<tr>\n<td><strong>D\u0131\u015f Kabin<\/strong><\/td>\n<td>\u00a0Darbelere Kar\u015f\u0131 Tam Korumal\u0131 Polyster<\/td>\n<\/tr>\n<tr>\n<td><strong>Tabanca Sistemi<\/strong><\/td>\n<td>Tetikli &#8211; Tetiksiz &#8211; Opsiyonlu<\/td>\n<\/tr>\n<\/tbody>\n<\/table>\n<\/td>\n<\/tr>\n<\/tbody>\n<\/table>\n<p>&nbsp;<\/p>\n","protected":false},"excerpt":{"rendered":"<p>\u00dcr\u00fcn Kodu : 005 &nbsp; Teknik \u00d6zellikler \/ Specifications Pompa Bas\u0131nc\u0131Bar) 180 Su DebisiL\/h) 540 Piston Sistemi \u00a0Seramik 3 Pistonlu Ke\u00e7e Sistemi \u00a0\u00c7ift Ke\u00e7eli Su So\u011futmal\u0131 Pompa Emniyet Sistemi \u00a0By-pass Sistemli Ba\u015f\u0131n\u00e7 Emniyet Reg\u00fclat\u00f6r\u00fc Elektrik Donan\u0131m\u0131 Pompa ve Brul\u00f6r Motoru Termik Sigortal\u0131 Korumal\u0131 Elektrik G\u00fcc\u00fc \/ Voltaj \/Frekans 5.5 hp. \/400.(3N~) \/ 50-60 Hz. Bas\u0131n\u00e7 Hortumu \u00a0\u00c7ift Kat \u00c7elik Tel [&hellip;]<\/p>\n","protected":false},"featured_media":28899,"comment_status":"open","ping_status":"closed","template":"","meta":[],"product_brand":[],"product_cat":[15,43,41],"product_tag":[],"class_list":{"0":"post-28896","1":"product","2":"type-product","3":"status-publish","4":"has-post-thumbnail","6":"product_cat-genel","7":"product_cat-yikama-makinalari-yikama-makinalari","8":"product_cat-yikama-makinalari","10":"first","11":"instock","12":"shipping-taxable","13":"product-type-simple"},"_links":{"self":[{"href":"http:\/\/basakcilastik.com.tr\/index.php?rest_route=\/wp\/v2\/product\/28896","targetHints":{"allow":["GET"]}}],"collection":[{"href":"http:\/\/basakcilastik.com.tr\/index.php?rest_route=\/wp\/v2\/product"}],"about":[{"href":"http:\/\/basakcilastik.com.tr\/index.php?rest_route=\/wp\/v2\/types\/product"}],"replies":[{"embeddable":true,"href":"http:\/\/basakcilastik.com.tr\/index.php?rest_route=%2Fwp%2Fv2%2Fcomments&post=28896"}],"wp:featuredmedia":[{"embeddable":true,"href":"http:\/\/basakcilastik.com.tr\/index.php?rest_route=\/wp\/v2\/media\/28899"}],"wp:attachment":[{"href":"http:\/\/basakcilastik.com.tr\/index.php?rest_route=%2Fwp%2Fv2%2Fmedia&parent=28896"}],"wp:term":[{"taxonomy":"product_brand","embeddable":true,"href":"http:\/\/basakcilastik.com.tr\/index.php?rest_route=%2Fwp%2Fv2%2Fproduct_brand&post=28896"},{"taxonomy":"product_cat","embeddable":true,"href":"http:\/\/basakcilastik.com.tr\/index.php?rest_route=%2Fwp%2Fv2%2Fproduct_cat&post=28896"},{"taxonomy":"product_tag","embeddable":true,"href":"http:\/\/basakcilastik.com.tr\/index.php?rest_route=%2Fwp%2Fv2%2Fproduct_tag&post=28896"}],"curies":[{"name":"wp","href":"https:\/\/api.w.org\/{rel}","templated":true}]}}