{"id":28624,"date":"2020-09-09T13:12:52","date_gmt":"2020-09-09T13:12:52","guid":{"rendered":"https:\/\/basakcilastik.com.tr\/?post_type=product&#038;p=28624"},"modified":"2020-09-09T13:12:53","modified_gmt":"2020-09-09T13:12:53","slug":"ad-blue-tabancasi-7200","status":"publish","type":"product","link":"http:\/\/basakcilastik.com.tr\/?product=ad-blue-tabancasi-7200","title":{"rendered":"Ad Blue Tabancas\u0131 7200"},"content":{"rendered":"<p><strong>Teknik \u00d6zellikler<\/strong><\/p>\n<ul>\n<li>1\u2033 hortum d\u00f6ner giri\u015f<\/li>\n<li>5 Bar maksimum bas\u0131nc\u0131<\/li>\n<li>90 Lt\/Dk maksimum ak\u0131\u015f<\/li>\n<li>60\u00b0 C maksimum s\u0131cakl\u0131k<\/li>\n<li>8 Mm \u00e7\u0131k\u0131\u015f<\/li>\n<li>Takviyeli polyamid g\u00f6vde (PA6)<\/li>\n<li>Viton m\u00fch\u00fcrleri<\/li>\n<li>Polipropilen ma\u015frapa<\/li>\n<li>G\u00fc\u00e7lendirilmi\u015f PA6 ve paslanmaz \u00e7elik i\u00e7 par\u00e7alar<\/li>\n<li>Tetikleme kilidi d\u00fc\u011fmesi<\/li>\n<li>Adblue \u00dcre i\u00e7in uygundur<\/li>\n<\/ul>\n<p><strong>Garanti S\u00fcresi<\/strong><\/p>\n<ul>\n<li>24 Ay<\/li>\n<\/ul>\n<p>&nbsp;<\/p>\n","protected":false},"excerpt":{"rendered":"<p>Teknik \u00d6zellikler 1\u2033 hortum d\u00f6ner giri\u015f 5 Bar maksimum bas\u0131nc\u0131 90 Lt\/Dk maksimum ak\u0131\u015f 60\u00b0 C maksimum s\u0131cakl\u0131k 8 Mm \u00e7\u0131k\u0131\u015f Takviyeli polyamid g\u00f6vde (PA6) Viton m\u00fch\u00fcrleri Polipropilen ma\u015frapa G\u00fc\u00e7lendirilmi\u015f PA6 ve paslanmaz \u00e7elik i\u00e7 par\u00e7alar Tetikleme kilidi d\u00fc\u011fmesi Adblue \u00dcre i\u00e7in uygundur Garanti S\u00fcresi 24 Ay &nbsp;<\/p>\n","protected":false},"featured_media":28627,"comment_status":"open","ping_status":"closed","template":"","meta":[],"product_brand":[],"product_cat":[15,169,181],"product_tag":[],"class_list":{"0":"post-28624","1":"product","2":"type-product","3":"status-publish","4":"has-post-thumbnail","6":"product_cat-genel","7":"product_cat-yaglama-makinalari","8":"product_cat-yardimci-aksamlar","10":"first","11":"instock","12":"shipping-taxable","13":"product-type-simple"},"_links":{"self":[{"href":"http:\/\/basakcilastik.com.tr\/index.php?rest_route=\/wp\/v2\/product\/28624","targetHints":{"allow":["GET"]}}],"collection":[{"href":"http:\/\/basakcilastik.com.tr\/index.php?rest_route=\/wp\/v2\/product"}],"about":[{"href":"http:\/\/basakcilastik.com.tr\/index.php?rest_route=\/wp\/v2\/types\/product"}],"replies":[{"embeddable":true,"href":"http:\/\/basakcilastik.com.tr\/index.php?rest_route=%2Fwp%2Fv2%2Fcomments&post=28624"}],"wp:featuredmedia":[{"embeddable":true,"href":"http:\/\/basakcilastik.com.tr\/index.php?rest_route=\/wp\/v2\/media\/28627"}],"wp:attachment":[{"href":"http:\/\/basakcilastik.com.tr\/index.php?rest_route=%2Fwp%2Fv2%2Fmedia&parent=28624"}],"wp:term":[{"taxonomy":"product_brand","embeddable":true,"href":"http:\/\/basakcilastik.com.tr\/index.php?rest_route=%2Fwp%2Fv2%2Fproduct_brand&post=28624"},{"taxonomy":"product_cat","embeddable":true,"href":"http:\/\/basakcilastik.com.tr\/index.php?rest_route=%2Fwp%2Fv2%2Fproduct_cat&post=28624"},{"taxonomy":"product_tag","embeddable":true,"href":"http:\/\/basakcilastik.com.tr\/index.php?rest_route=%2Fwp%2Fv2%2Fproduct_tag&post=28624"}],"curies":[{"name":"wp","href":"https:\/\/api.w.org\/{rel}","templated":true}]}}