{"id":28598,"date":"2020-09-09T12:54:33","date_gmt":"2020-09-09T12:54:33","guid":{"rendered":"https:\/\/basakcilastik.com.tr\/?post_type=product&#038;p=28598"},"modified":"2020-09-09T12:54:35","modified_gmt":"2020-09-09T12:54:35","slug":"8090-80lt-sivi-puskurtme-pompasi","status":"publish","type":"product","link":"http:\/\/basakcilastik.com.tr\/?product=8090-80lt-sivi-puskurtme-pompasi","title":{"rendered":"8090 80LT SIVI P\u00dcSK\u00dcRTME POMPASI"},"content":{"rendered":"<p>8090 80LT SIVI P\u00dcSK\u00dcRTME POMPASI<\/p>\n","protected":false},"excerpt":{"rendered":"<p>8090 80LT SIVI P\u00dcSK\u00dcRTME POMPASI<\/p>\n","protected":false},"featured_media":28601,"comment_status":"open","ping_status":"closed","template":"","meta":[],"product_brand":[],"product_cat":[15,178,169],"product_tag":[],"class_list":{"0":"post-28598","1":"product","2":"type-product","3":"status-publish","4":"has-post-thumbnail","6":"product_cat-genel","7":"product_cat-sivi-ve-kopuk-puskurtme-pompalari","8":"product_cat-yaglama-makinalari","10":"first","11":"instock","12":"shipping-taxable","13":"product-type-simple"},"_links":{"self":[{"href":"http:\/\/basakcilastik.com.tr\/index.php?rest_route=\/wp\/v2\/product\/28598","targetHints":{"allow":["GET"]}}],"collection":[{"href":"http:\/\/basakcilastik.com.tr\/index.php?rest_route=\/wp\/v2\/product"}],"about":[{"href":"http:\/\/basakcilastik.com.tr\/index.php?rest_route=\/wp\/v2\/types\/product"}],"replies":[{"embeddable":true,"href":"http:\/\/basakcilastik.com.tr\/index.php?rest_route=%2Fwp%2Fv2%2Fcomments&post=28598"}],"wp:featuredmedia":[{"embeddable":true,"href":"http:\/\/basakcilastik.com.tr\/index.php?rest_route=\/wp\/v2\/media\/28601"}],"wp:attachment":[{"href":"http:\/\/basakcilastik.com.tr\/index.php?rest_route=%2Fwp%2Fv2%2Fmedia&parent=28598"}],"wp:term":[{"taxonomy":"product_brand","embeddable":true,"href":"http:\/\/basakcilastik.com.tr\/index.php?rest_route=%2Fwp%2Fv2%2Fproduct_brand&post=28598"},{"taxonomy":"product_cat","embeddable":true,"href":"http:\/\/basakcilastik.com.tr\/index.php?rest_route=%2Fwp%2Fv2%2Fproduct_cat&post=28598"},{"taxonomy":"product_tag","embeddable":true,"href":"http:\/\/basakcilastik.com.tr\/index.php?rest_route=%2Fwp%2Fv2%2Fproduct_tag&post=28598"}],"curies":[{"name":"wp","href":"https:\/\/api.w.org\/{rel}","templated":true}]}}