{"id":28318,"date":"2020-09-09T09:29:09","date_gmt":"2020-09-09T09:29:09","guid":{"rendered":"https:\/\/basakcilastik.com.tr\/?post_type=product&#038;p=28318"},"modified":"2020-09-09T09:29:11","modified_gmt":"2020-09-09T09:29:11","slug":"2520-seyyar-ince-yag-arabasi-seti-4m-hortumlu","status":"publish","type":"product","link":"http:\/\/basakcilastik.com.tr\/?product=2520-seyyar-ince-yag-arabasi-seti-4m-hortumlu","title":{"rendered":"2520 SEYYAR \u0130NCE YA\u011e ARABASI SET\u0130  (4M HORTUMLU)"},"content":{"rendered":"<p>2520 SEYYAR \u0130NCE YA\u011e ARABASI SET\u0130 (4M HORTUMLU)<\/p>\n","protected":false},"excerpt":{"rendered":"<p>2520 SEYYAR \u0130NCE YA\u011e ARABASI SET\u0130 (4M HORTUMLU)<\/p>\n","protected":false},"featured_media":28321,"comment_status":"open","ping_status":"closed","template":"","meta":[],"product_brand":[],"product_cat":[15,174,169],"product_tag":[],"class_list":{"0":"post-28318","1":"product","2":"type-product","3":"status-publish","4":"has-post-thumbnail","6":"product_cat-genel","7":"product_cat-karterden-yag-emme-hunili","8":"product_cat-yaglama-makinalari","10":"first","11":"instock","12":"shipping-taxable","13":"product-type-simple"},"_links":{"self":[{"href":"http:\/\/basakcilastik.com.tr\/index.php?rest_route=\/wp\/v2\/product\/28318","targetHints":{"allow":["GET"]}}],"collection":[{"href":"http:\/\/basakcilastik.com.tr\/index.php?rest_route=\/wp\/v2\/product"}],"about":[{"href":"http:\/\/basakcilastik.com.tr\/index.php?rest_route=\/wp\/v2\/types\/product"}],"replies":[{"embeddable":true,"href":"http:\/\/basakcilastik.com.tr\/index.php?rest_route=%2Fwp%2Fv2%2Fcomments&post=28318"}],"wp:featuredmedia":[{"embeddable":true,"href":"http:\/\/basakcilastik.com.tr\/index.php?rest_route=\/wp\/v2\/media\/28321"}],"wp:attachment":[{"href":"http:\/\/basakcilastik.com.tr\/index.php?rest_route=%2Fwp%2Fv2%2Fmedia&parent=28318"}],"wp:term":[{"taxonomy":"product_brand","embeddable":true,"href":"http:\/\/basakcilastik.com.tr\/index.php?rest_route=%2Fwp%2Fv2%2Fproduct_brand&post=28318"},{"taxonomy":"product_cat","embeddable":true,"href":"http:\/\/basakcilastik.com.tr\/index.php?rest_route=%2Fwp%2Fv2%2Fproduct_cat&post=28318"},{"taxonomy":"product_tag","embeddable":true,"href":"http:\/\/basakcilastik.com.tr\/index.php?rest_route=%2Fwp%2Fv2%2Fproduct_tag&post=28318"}],"curies":[{"name":"wp","href":"https:\/\/api.w.org\/{rel}","templated":true}]}}