{"id":28314,"date":"2020-09-09T09:27:37","date_gmt":"2020-09-09T09:27:37","guid":{"rendered":"https:\/\/basakcilastik.com.tr\/?post_type=product&#038;p=28314"},"modified":"2020-09-09T09:27:38","modified_gmt":"2020-09-09T09:27:38","slug":"1005-havali-ince-yag-transfer-pompasi","status":"publish","type":"product","link":"http:\/\/basakcilastik.com.tr\/?product=1005-havali-ince-yag-transfer-pompasi","title":{"rendered":"1005 Haval\u0131 \u0130nce Ya\u011f Transfer Pompas\u0131"},"content":{"rendered":"<p><strong>Neden Bu Alet ?<\/strong><\/p>\n<p>Bu pompalar d\u00fc\u015f\u00fck ve orta viskoziteli ya\u011flar\u0131n k\u0131sa s\u00fcre i\u00e7erisinde transferi i\u00e7in kullan\u0131lmaktad\u0131r. Pompalar\u0131n verimi belirli uygulamalara ve kombinasyonlara g\u00f6re de\u011fi\u015fir sa\u011flanan havan\u0131n bas\u0131nc\u0131; S\u0131v\u0131n\u0131n viskozitesi ve s\u0131cakl\u0131\u011f\u0131; hortumunun boyutlar\u0131; Ba\u011flant\u0131lar\u0131n boyutlar\u0131. \u00c7al\u0131\u015fma bas\u0131nc\u0131 minimum 6 bar ile maksimum 8 bar aras\u0131nda de\u011fi\u015febilir Hava ile \u00e7al\u0131\u015fan pompalar\u0131n performans\u0131n\u0131 ve \u00f6mr\u00fcn\u00fc en iyi duruma getirmek i\u00e7in filtrelenmi\u015f ve ya\u011flanm\u0131\u015f hava kullanman\u0131z \u00f6nerilir. Piston \u00e7ap\u0131 \u00d858 mm dir. Pompa varillere kolayca monte edilebilmektedir Bu pompalar\u0131n tam rand\u0131manl\u0131 \u00e7al\u0131\u015fabilmesi i\u00e7in baz\u0131 aksesuarlar ile birlikte kullan\u0131lmas\u0131 gerekmektedir. Sistemin ihtiyac\u0131 olan aksesuarlar opsiyonel b\u00f6l\u00fcm\u00fcnde bulunmaktad\u0131r.<\/p>\n<p><strong>Teknik \u00d6zellikler<\/strong><\/p>\n<ul>\n<li>\u00c7al\u0131\u015fma Tipi : Haval\u0131<\/li>\n<li>\u00c7al\u0131\u015fma Bas\u0131nc\u0131 : 6-8 Bar<\/li>\n<li>S\u0131k\u0131\u015ft\u0131rma Oran\u0131 : 1 : 1<\/li>\n<li>Verim : 20 Lt \/ Dk<\/li>\n<li>Kapasite : 208 Lt (Standart ya\u011f varili i\u00e7in)<\/li>\n<li>Hortum Ebad\u0131 : 3\/4\u2033<\/li>\n<\/ul>\n<p>&nbsp;<\/p>\n","protected":false},"excerpt":{"rendered":"<p>Neden Bu Alet ? Bu pompalar d\u00fc\u015f\u00fck ve orta viskoziteli ya\u011flar\u0131n k\u0131sa s\u00fcre i\u00e7erisinde transferi i\u00e7in kullan\u0131lmaktad\u0131r. Pompalar\u0131n verimi belirli uygulamalara ve kombinasyonlara g\u00f6re de\u011fi\u015fir sa\u011flanan havan\u0131n bas\u0131nc\u0131; S\u0131v\u0131n\u0131n viskozitesi ve s\u0131cakl\u0131\u011f\u0131; hortumunun boyutlar\u0131; Ba\u011flant\u0131lar\u0131n boyutlar\u0131. \u00c7al\u0131\u015fma bas\u0131nc\u0131 minimum 6 bar ile maksimum 8 bar aras\u0131nda de\u011fi\u015febilir Hava ile \u00e7al\u0131\u015fan pompalar\u0131n performans\u0131n\u0131 ve \u00f6mr\u00fcn\u00fc en iyi duruma getirmek i\u00e7in filtrelenmi\u015f [&hellip;]<\/p>\n","protected":false},"featured_media":28317,"comment_status":"open","ping_status":"closed","template":"","meta":[],"product_brand":[],"product_cat":[15,174,169],"product_tag":[],"class_list":{"0":"post-28314","1":"product","2":"type-product","3":"status-publish","4":"has-post-thumbnail","6":"product_cat-genel","7":"product_cat-karterden-yag-emme-hunili","8":"product_cat-yaglama-makinalari","10":"first","11":"instock","12":"shipping-taxable","13":"product-type-simple"},"_links":{"self":[{"href":"http:\/\/basakcilastik.com.tr\/index.php?rest_route=\/wp\/v2\/product\/28314","targetHints":{"allow":["GET"]}}],"collection":[{"href":"http:\/\/basakcilastik.com.tr\/index.php?rest_route=\/wp\/v2\/product"}],"about":[{"href":"http:\/\/basakcilastik.com.tr\/index.php?rest_route=\/wp\/v2\/types\/product"}],"replies":[{"embeddable":true,"href":"http:\/\/basakcilastik.com.tr\/index.php?rest_route=%2Fwp%2Fv2%2Fcomments&post=28314"}],"wp:featuredmedia":[{"embeddable":true,"href":"http:\/\/basakcilastik.com.tr\/index.php?rest_route=\/wp\/v2\/media\/28317"}],"wp:attachment":[{"href":"http:\/\/basakcilastik.com.tr\/index.php?rest_route=%2Fwp%2Fv2%2Fmedia&parent=28314"}],"wp:term":[{"taxonomy":"product_brand","embeddable":true,"href":"http:\/\/basakcilastik.com.tr\/index.php?rest_route=%2Fwp%2Fv2%2Fproduct_brand&post=28314"},{"taxonomy":"product_cat","embeddable":true,"href":"http:\/\/basakcilastik.com.tr\/index.php?rest_route=%2Fwp%2Fv2%2Fproduct_cat&post=28314"},{"taxonomy":"product_tag","embeddable":true,"href":"http:\/\/basakcilastik.com.tr\/index.php?rest_route=%2Fwp%2Fv2%2Fproduct_tag&post=28314"}],"curies":[{"name":"wp","href":"https:\/\/api.w.org\/{rel}","templated":true}]}}