{"id":28242,"date":"2020-09-08T22:07:59","date_gmt":"2020-09-08T22:07:59","guid":{"rendered":"https:\/\/basakcilastik.com.tr\/?post_type=product&#038;p=28242"},"modified":"2020-09-08T22:08:00","modified_gmt":"2020-09-08T22:08:00","slug":"2400-havali-gres-pompasi-varil-tipi-701","status":"publish","type":"product","link":"http:\/\/basakcilastik.com.tr\/?product=2400-havali-gres-pompasi-varil-tipi-701","title":{"rendered":"2400 Haval\u0131 Gres Pompas\u0131 Varil Tipi 701"},"content":{"rendered":"<p><strong>Neden Bu Alet ?<\/strong><\/p>\n<p>70:1 Bas\u0131n\u00e7 oran\u0131na sahip hava ile \u00e7al\u0131\u015fan bu pompa 185 Kg standart gres varillerine varil kapa\u011f\u0131 yard\u0131m\u0131 ile kolayca monte edilmektedir. Uzun mesafeli y\u00fcksek bas\u0131n\u00e7l\u0131 ya\u011flama yapabilmek i\u00e7in idealdir. Pompa ile birlikte hortum verilmemektedir, Piston \u00e7ap\u0131 \u00d875 mm\u2019dir. Ya\u011f bask\u0131 tablas\u0131 ve a\u011f\u0131rl\u0131\u011f\u0131 kullan\u0131lmas\u0131 tavsiye edilmektedir bu ekipmanlar sayesinde varil i\u00e7erisindeki ya\u011f s\u0131k\u0131la\u015ft\u0131r\u0131larak y\u00fcksek vizkoziteli ya\u011flarda ve so\u011fuk b\u00f6lgelerde pompa beslemesi kolay sa\u011flanmaktad\u0131r, \u00c7al\u0131\u015fma bas\u0131nc\u0131 minimum 6 bar ile maksimum 8 bar aras\u0131nda de\u011fi\u015febilir Hava ile \u00e7al\u0131\u015fan pompalar\u0131n performans\u0131n\u0131 ve \u00f6mr\u00fcn\u00fc en iyi duruma getirmek i\u00e7in filtrelenmi\u015f ve ya\u011flanm\u0131\u015f hava kullanman\u0131z \u00f6nerilir. Opsiyonel aksesuarlar\u0131 ile i\u015flevselli\u011fi artt\u0131r\u0131lm\u0131\u015ft\u0131r. Bu modellerde sistemin ihtiyac\u0131 olan aksesuarlar ayr\u0131ca se\u00e7ilmektedir Genellikle at\u00f6lyelerde, servis istasyonlar\u0131nda, filo bak\u0131m\u0131nda, madencilikte, tar\u0131mda, silahl\u0131 kuvvetlerde, in\u015faatlarda, trenlerde vs kullan\u0131l\u0131r.<\/p>\n<p><strong>Teknik \u00d6zellikler<\/strong><\/p>\n<ul>\n<li>\u00c7al\u0131\u015fma Tipi : Haval\u0131<\/li>\n<li>\u00c7al\u0131\u015fma Bas\u0131nc\u0131 : 6-8 Bar<\/li>\n<li>S\u0131k\u0131\u015ft\u0131rma Oran\u0131 : 70:1<\/li>\n<li>Verim : 1.100 Gr\/Dk<\/li>\n<li>Kapasite : 185 Kg (Standart Ya\u011f Tenekesi i\u00e7in)<\/li>\n<li>Hortum Ebad\u0131 : R2 1\/4\u2033<\/li>\n<\/ul>\n<p><strong>Ambalaj<\/strong><\/p>\n<ul>\n<li>Koli \u00d6l\u00e7\u00fcs\u00fc : 14x16x126 Cm<\/li>\n<li>A\u011f\u0131rl\u0131k : 7,30 Kg<\/li>\n<\/ul>\n<p>&nbsp;<\/p>\n","protected":false},"excerpt":{"rendered":"<p>Neden Bu Alet ? 70:1 Bas\u0131n\u00e7 oran\u0131na sahip hava ile \u00e7al\u0131\u015fan bu pompa 185 Kg standart gres varillerine varil kapa\u011f\u0131 yard\u0131m\u0131 ile kolayca monte edilmektedir. Uzun mesafeli y\u00fcksek bas\u0131n\u00e7l\u0131 ya\u011flama yapabilmek i\u00e7in idealdir. Pompa ile birlikte hortum verilmemektedir, Piston \u00e7ap\u0131 \u00d875 mm\u2019dir. Ya\u011f bask\u0131 tablas\u0131 ve a\u011f\u0131rl\u0131\u011f\u0131 kullan\u0131lmas\u0131 tavsiye edilmektedir bu ekipmanlar sayesinde varil i\u00e7erisindeki ya\u011f s\u0131k\u0131la\u015ft\u0131r\u0131larak y\u00fcksek vizkoziteli ya\u011flarda [&hellip;]<\/p>\n","protected":false},"featured_media":28245,"comment_status":"open","ping_status":"closed","template":"","meta":[],"product_brand":[],"product_cat":[15,173,169],"product_tag":[],"class_list":{"0":"post-28242","1":"product","2":"type-product","3":"status-publish","4":"has-post-thumbnail","6":"product_cat-genel","7":"product_cat-gres-pompasi","8":"product_cat-yaglama-makinalari","10":"first","11":"instock","12":"shipping-taxable","13":"product-type-simple"},"_links":{"self":[{"href":"http:\/\/basakcilastik.com.tr\/index.php?rest_route=\/wp\/v2\/product\/28242","targetHints":{"allow":["GET"]}}],"collection":[{"href":"http:\/\/basakcilastik.com.tr\/index.php?rest_route=\/wp\/v2\/product"}],"about":[{"href":"http:\/\/basakcilastik.com.tr\/index.php?rest_route=\/wp\/v2\/types\/product"}],"replies":[{"embeddable":true,"href":"http:\/\/basakcilastik.com.tr\/index.php?rest_route=%2Fwp%2Fv2%2Fcomments&post=28242"}],"wp:featuredmedia":[{"embeddable":true,"href":"http:\/\/basakcilastik.com.tr\/index.php?rest_route=\/wp\/v2\/media\/28245"}],"wp:attachment":[{"href":"http:\/\/basakcilastik.com.tr\/index.php?rest_route=%2Fwp%2Fv2%2Fmedia&parent=28242"}],"wp:term":[{"taxonomy":"product_brand","embeddable":true,"href":"http:\/\/basakcilastik.com.tr\/index.php?rest_route=%2Fwp%2Fv2%2Fproduct_brand&post=28242"},{"taxonomy":"product_cat","embeddable":true,"href":"http:\/\/basakcilastik.com.tr\/index.php?rest_route=%2Fwp%2Fv2%2Fproduct_cat&post=28242"},{"taxonomy":"product_tag","embeddable":true,"href":"http:\/\/basakcilastik.com.tr\/index.php?rest_route=%2Fwp%2Fv2%2Fproduct_tag&post=28242"}],"curies":[{"name":"wp","href":"https:\/\/api.w.org\/{rel}","templated":true}]}}