{"id":28240,"date":"2020-09-08T22:07:15","date_gmt":"2020-09-08T22:07:15","guid":{"rendered":"https:\/\/basakcilastik.com.tr\/?post_type=product&#038;p=28240"},"modified":"2020-09-08T22:07:16","modified_gmt":"2020-09-08T22:07:16","slug":"2330n-havali-gres-pompasi-701","status":"publish","type":"product","link":"http:\/\/basakcilastik.com.tr\/?product=2330n-havali-gres-pompasi-701","title":{"rendered":"2330N Haval\u0131 Gres Pompas\u0131 701"},"content":{"rendered":"<p><strong>Neden Bu Alet ?<\/strong><\/p>\n<p>Farkl\u0131 kapasite ve farkl\u0131 boylarda imal edilmi\u015f olan bu pompalar farkl\u0131 kullan\u0131m alanlar\u0131na sahiptir. End\u00fcstriyel proje bazl\u0131 uygulamalarda sizlere farkl\u0131 opsiyonlar sunmaktad\u0131r.<\/p>\n<p><strong>Teknik \u00d6zellikler<\/strong><\/p>\n<ul>\n<li>\u00c7al\u0131\u015fma Tipi : Haval\u0131<\/li>\n<li>\u00c7al\u0131\u015fma Bas\u0131nc\u0131 : 6-8 Bar<\/li>\n<li>S\u0131k\u0131\u015ft\u0131rma Oran\u0131 : 70:1<\/li>\n<li>Verim : 1100 Gr\/Dk<\/li>\n<li>Boru Uzunlu\u011fu : 572 Mm<\/li>\n<\/ul>\n<p><strong>Ambalaj<\/strong><\/p>\n<ul>\n<li>Koli \u00d6l\u00e7\u00fcs\u00fc : 14x16x88 Cm<\/li>\n<li>A\u011f\u0131rl\u0131k : 5,8 Kg<\/li>\n<\/ul>\n<p>&nbsp;<\/p>\n","protected":false},"excerpt":{"rendered":"<p>Neden Bu Alet ? Farkl\u0131 kapasite ve farkl\u0131 boylarda imal edilmi\u015f olan bu pompalar farkl\u0131 kullan\u0131m alanlar\u0131na sahiptir. End\u00fcstriyel proje bazl\u0131 uygulamalarda sizlere farkl\u0131 opsiyonlar sunmaktad\u0131r. Teknik \u00d6zellikler \u00c7al\u0131\u015fma Tipi : Haval\u0131 \u00c7al\u0131\u015fma Bas\u0131nc\u0131 : 6-8 Bar S\u0131k\u0131\u015ft\u0131rma Oran\u0131 : 70:1 Verim : 1100 Gr\/Dk Boru Uzunlu\u011fu : 572 Mm Ambalaj Koli \u00d6l\u00e7\u00fcs\u00fc : 14x16x88 Cm A\u011f\u0131rl\u0131k : 5,8 Kg [&hellip;]<\/p>\n","protected":false},"featured_media":28243,"comment_status":"open","ping_status":"closed","template":"","meta":[],"product_brand":[],"product_cat":[15,173,169],"product_tag":[],"class_list":{"0":"post-28240","1":"product","2":"type-product","3":"status-publish","4":"has-post-thumbnail","6":"product_cat-genel","7":"product_cat-gres-pompasi","8":"product_cat-yaglama-makinalari","10":"first","11":"instock","12":"shipping-taxable","13":"product-type-simple"},"_links":{"self":[{"href":"http:\/\/basakcilastik.com.tr\/index.php?rest_route=\/wp\/v2\/product\/28240","targetHints":{"allow":["GET"]}}],"collection":[{"href":"http:\/\/basakcilastik.com.tr\/index.php?rest_route=\/wp\/v2\/product"}],"about":[{"href":"http:\/\/basakcilastik.com.tr\/index.php?rest_route=\/wp\/v2\/types\/product"}],"replies":[{"embeddable":true,"href":"http:\/\/basakcilastik.com.tr\/index.php?rest_route=%2Fwp%2Fv2%2Fcomments&post=28240"}],"wp:featuredmedia":[{"embeddable":true,"href":"http:\/\/basakcilastik.com.tr\/index.php?rest_route=\/wp\/v2\/media\/28243"}],"wp:attachment":[{"href":"http:\/\/basakcilastik.com.tr\/index.php?rest_route=%2Fwp%2Fv2%2Fmedia&parent=28240"}],"wp:term":[{"taxonomy":"product_brand","embeddable":true,"href":"http:\/\/basakcilastik.com.tr\/index.php?rest_route=%2Fwp%2Fv2%2Fproduct_brand&post=28240"},{"taxonomy":"product_cat","embeddable":true,"href":"http:\/\/basakcilastik.com.tr\/index.php?rest_route=%2Fwp%2Fv2%2Fproduct_cat&post=28240"},{"taxonomy":"product_tag","embeddable":true,"href":"http:\/\/basakcilastik.com.tr\/index.php?rest_route=%2Fwp%2Fv2%2Fproduct_tag&post=28240"}],"curies":[{"name":"wp","href":"https:\/\/api.w.org\/{rel}","templated":true}]}}