{"id":28117,"date":"2020-09-08T15:20:29","date_gmt":"2020-09-08T15:20:29","guid":{"rendered":"https:\/\/basakcilastik.com.tr\/?post_type=product&#038;p=28117"},"modified":"2020-09-08T15:20:31","modified_gmt":"2020-09-08T15:20:31","slug":"l-calisma-tezgahi-a-15","status":"publish","type":"product","link":"http:\/\/basakcilastik.com.tr\/?product=l-calisma-tezgahi-a-15","title":{"rendered":"L \u00c7al\u0131\u015fma tezgah\u0131 A-15"},"content":{"rendered":"<table width=\"825\">\n<thead>\n<tr>\n<td><strong>Teknik \u00d6zellikler<\/strong><\/td>\n<td><strong>\u00a0<\/strong><\/td>\n<td><strong>\u00a0<\/strong><\/td>\n<td><strong>\u00a0<\/strong><\/td>\n<\/tr>\n<\/thead>\n<tbody>\n<tr>\n<td>En<\/td>\n<td>2200 x 2200 mm<\/td>\n<td>Raf Sistemi<\/td>\n<td>S\u00fcrg\u00fcl\u00fc<\/td>\n<\/tr>\n<tr>\n<td>Derinlik<\/td>\n<td>720 mm<\/td>\n<td>Raf Ta\u015f\u0131ma Kapasitesi<\/td>\n<td>95 kg.<\/td>\n<\/tr>\n<tr>\n<td>Tezgah Y\u00fcksekli\u011fi<\/td>\n<td>920 mm<\/td>\n<td>Kilitleme Sistemi<\/td>\n<td>Merkezi Kilit<\/td>\n<\/tr>\n<tr>\n<td>Pano Y\u00fcksekli\u011fi<\/td>\n<td>1080 mm<\/td>\n<td>Tezgah Ayaklar\u0131<\/td>\n<td>Ayarlanabilir<\/td>\n<\/tr>\n<tr>\n<td>Tezgah \u00dcst\u00fc<\/td>\n<td>30 mm MDF<\/td>\n<td>Di\u011fer \u00d6zellikler<\/td>\n<td>4 Adet Priz<\/td>\n<\/tr>\n<tr>\n<td>\u00c7ekmece Adet ve \u00d6l\u00e7\u00fcs\u00fc<\/td>\n<td>4 x 100 + 2 x 125 + 2 x 150 + 2 x 175 mm<\/td>\n<td>&nbsp;<\/td>\n<td>Ayd\u0131nlatma<\/td>\n<\/tr>\n<tr>\n<td>G\u00f6vde Rengi<\/td>\n<td>RAL 7035 \/ P\u00fct\u00fcrl\u00fc<\/td>\n<td>&nbsp;<\/td>\n<td>Avadanl\u0131k Raf\u0131<\/td>\n<\/tr>\n<tr>\n<td>\u00c7ekmece ve Dolap Rengi<\/td>\n<td>RAL 5015 \/ P\u00fct\u00fcrl\u00fc<\/td>\n<td>&nbsp;<\/td>\n<td>Mengene Takma Aparat\u0131<\/td>\n<\/tr>\n<tr>\n<td>\u00c7ekmece Sistemi<\/td>\n<td>Mandall\u0131 \/ Teleskopik<\/td>\n<td>&nbsp;<\/td>\n<td>33 Adet Ask\u0131 Aparat\u0131<\/td>\n<\/tr>\n<tr>\n<td>\u00c7ekmece Ta\u015f\u0131ma Kapasitesi<\/td>\n<td>95 kg.<\/td>\n<td>&nbsp;<\/td>\n<td>&nbsp;<\/td>\n<\/tr>\n<\/tbody>\n<\/table>\n<p><strong>A-15.752 MODEL PROF\u0130L \u00c7ALI\u015eMA TEZGAHI \u00d6ZELL\u0130KLER\u0130<\/strong><strong><\/p>\n<p><\/strong><\/p>\n<p><strong>\u00a0<\/strong><\/p>\n<p><strong>Ayd\u0131nlatma<\/strong><\/p>\n<p><strong>\u00c7al\u0131\u015fma tezgah\u0131<\/strong><strong>\u00a0boyutlar\u0131na uygun projelendirme , krom sacdan mam\u00fcl LED armat\u00fcr ile daha ayd\u0131nl\u0131k\u00a0tezgah \u00fcst\u00fc \u00e7al\u0131\u015fma ortam\u0131 sa\u011flar.<\/strong><\/p>\n<p><strong>Tak\u0131m Asma Panosu<\/strong><\/p>\n<p><strong>Genel olarak kulland\u0131\u011f\u0131n\u0131z el aletlerinizi tak\u0131m asma panosunda d\u00fczenleyerek daha verimli \u00e7al\u0131\u015fma ortam\u0131 sa\u011flar, zaman kayb\u0131n\u0131 \u00f6nler.<\/strong><\/p>\n<p><strong>Avadanl\u0131k Raf\u0131<\/strong><\/p>\n<p><strong>Avadanl\u0131k kutular\u0131, sprey kutular\u0131 gibi h\u0131rdavat malzemelerinin d\u00fczenlenmesi ve kullan\u0131m kolayl\u0131\u011f\u0131 sa\u011flar.<\/strong><\/p>\n<p><strong>Prizlik<\/strong><\/p>\n<p><strong>Elektrikli malzemelerinizin kullan\u0131m\u0131nda rahatl\u0131k sa\u011flayan krom sacdan mam\u00fcl ve ka\u00e7ak ak\u0131m \u015falterli 220V prizler , opsiyonel\u00a0380V priz \u00a0se\u00e7ene\u011fi.<\/strong><\/p>\n<p><strong>\u00a0<\/strong><\/p>\n<p><strong>Tezgah \u00dcst\u00fc \u00c7al\u0131\u015fma Alan\u0131<\/strong><\/p>\n<p><strong>Tezgah \u00fcst\u00fc \u00e7al\u0131\u015fma alan\u0131 farkl\u0131 sekt\u00f6rlere farkl\u0131 \u00e7\u00f6z\u00fcmler sunmaktay\u0131z. Standart tezgah \u00fcst\u00fc modeli 30 mm Darbelere dayan\u0131kl\u0131 MDF, di\u011fer opsiyonlar i\u00e7in \u00a0tezgah \u00fcst\u00fc \u00e7al\u0131\u015fma alan\u0131 y\u00fczeylerini inceleyebilirsiniz.<\/strong><\/p>\n<p><strong>Mengene Ba\u011flant\u0131 Aparat\u0131<\/strong><\/p>\n<p><strong>Tezgah \u00fcst\u00fc kullan\u0131m alan\u0131n\u0131 maksimuma \u00e7\u0131karmak i\u00e7in geli\u015ftirilen, tezgah modellerimizde tezgah sa\u011f veya sol yanlar\u0131na mengene ba\u011flant\u0131 aparatlar\u0131 tak\u0131labilmektedir. Standart modellerde 1 adet olarak tezgah\u0131n sol taraf\u0131na montaj\u0131 yap\u0131labilecek \u015fekildedir.<\/strong><\/p>\n<p><strong>Merkezi Kilit Sistemi<\/strong><strong><\/p>\n<p><\/strong><\/p>\n<p><strong>Ayn\u0131 \u00e7ekmece blo\u011funda bulunan \u00e7ekmecelerin ayn\u0131 anda kilitlenmesini sa\u011flayan merkezi kilitleme sistemi.<\/strong><\/p>\n<p><strong>Mandall\u0131 Kilit Sistemi<\/strong><strong><\/p>\n<p><\/strong><\/p>\n<p><strong>Her bir \u00e7ekmecede bulunan mandall\u0131 kilit sistemi sayesinde \u00e7ekmecelerde istem d\u0131\u015f\u0131 a\u00e7\u0131lmalar\u0131n engeller.<\/strong><\/p>\n<p><strong>\u00a0<\/strong><\/p>\n<p><strong>\u00a0<\/strong><\/p>\n<p><strong>Rulmanl\u0131 Ray Sistemi<\/strong><\/p>\n<p><strong>\u00c7al\u0131\u015fma tegzah\u0131 modellerinde \u00e7ekmecelerde %95 a\u00e7\u0131l\u0131ml\u0131 rulmanl\u0131 ray sistemi kullan\u0131lmaktad\u0131r.<\/strong><\/p>\n<p><strong>\u00c7ekmece Ta\u015f\u0131ma Kapasitesi<\/strong><\/p>\n<p><strong>Rulmanl\u0131 ray sistemine sahip her bir \u00e7ekmecenin ta\u015f\u0131ma kapasitesi 95 kg.&#8217;d\u0131r.<\/strong><\/p>\n<p><strong>\u00c7ekmece B\u00f6lme Sistemi\u00a0<\/strong><strong><\/p>\n<p><\/strong><\/p>\n<p><strong>Metal b\u00f6lme sistemi ile malzemeleriniz daha d\u00fczenli! Her bir \u00e7ekmece blo\u011funun birinci \u00e7ekmecelerinde 441 farkl\u0131 \u015fekilde b\u00f6l\u00fcnebilen metal b\u00f6lme sistemi mevcuttur.<\/strong><\/p>\n<p><strong>Opsiyonel B\u00f6lme Se\u00e7ene\u011fi<\/strong><strong><\/p>\n<p><\/strong><\/p>\n<p><strong>\u00c7ekmece blo\u011funun birinci \u00e7ekmece hari\u00e7 di\u011fer \u00e7ekmecelerde iste\u011fe g\u00f6re b\u00f6lme sistemi opsiyonel se\u00e7enek olarak sunulmaktad\u0131r.<\/strong><\/p>\n<p><strong>\u00a0<\/strong><\/p>\n<p><strong>\u00a0<\/strong><\/p>\n<p><strong>Kapak Sistemi<\/strong><\/p>\n<p><strong>\u00c7al\u0131\u015fma tegzah\u0131ndaki dolaplar 135\u00ba\u00a0 a\u00e7\u0131labilir sisteme sahiptir, dolap kapaklar\u0131 \u00e7ift cidarl\u0131d\u0131r.<\/strong><\/p>\n<p><strong>Kilit Sistemi<\/strong><\/p>\n<p><strong>\u00c7al\u0131\u015fma tezgahlar\u0131nda bulunan dolaplar birbirinden ba\u011f\u0131ms\u0131z olarak kilitlenebilir \u00f6zelli\u011fe sahiptir.<\/strong><\/p>\n<p><strong>S\u00fcrg\u00fcl\u00fc Raf Sistemi<\/strong><strong><\/p>\n<p><\/strong><\/p>\n<p><strong>Profil \u00e7al\u0131\u015fma tezgahlar\u0131nda bulunan dolaplarda rulmanl\u0131 ray sistemine sahip 2 adet s\u00fcrg\u00fcl\u00fc raf mevcuttur.<\/strong><\/p>\n<p><strong>Raf Ta\u015f\u0131ma Kapasitesi<\/strong><strong><\/p>\n<p><\/strong><\/p>\n<p><strong>Rulmanl\u0131 ray sistemine sahip s\u00fcrg\u00fcl\u00fc raf sisteminde bir raf\u0131n ta\u015f\u0131ma kapasitesi 95 kg.&#8217;d\u0131r.<\/strong><\/p>\n<p><strong>\u00a0<\/strong><\/p>\n<p><strong>\u00a0<\/strong><\/p>\n<p><strong>Ayarlanabilir Ayaklar<\/strong><\/p>\n<p><strong>\u00c7al\u0131\u015fma tezgah\u0131<\/strong><strong>n\u0131n duru\u015f dengesinin zemin bozukluklar\u0131ndan etkilenmemesi i\u00e7in birbirinden ba\u011f\u0131ms\u0131z ayarlanabilen krom kapl\u0131 ayaklar.<\/strong><\/p>\n<p><strong>D\u00fcz Boya<\/strong><\/p>\n<p><strong>\u00dcr\u00fcnlerimizde elektrostatik toz boya teknoloji kullan\u0131lmaktad\u0131r. Elektrostatik d\u00fcz boya \u00fcr\u00fcn \u00fczerinde d\u00fcz ve parlak bir g\u00f6r\u00fcnt\u00fc olu\u015fturarak bulundu\u011fu ortam\u0131 canland\u0131r\u0131r.<\/strong><\/p>\n<p><strong>P\u00fct\u00fcrl\u00fc Boya<\/strong><strong><\/p>\n<p><\/strong><\/p>\n<p><strong>\u00dcr\u00fcnlerimizde elektrostatik toz boya teknoloji kullan\u0131lmaktad\u0131r. Elektrostatik p\u00fct\u00fcrl\u00fc boya ile \u00fcr\u00fcn \u00fczerinde \u00e7izik, ezilme gibi deformasyonlar\u0131 daha az belli eder. \u00dcr\u00fcn \u00fczerinde renk daha a\u011f\u0131r ve mat durur.<\/strong><\/p>\n<p><strong>Geni\u015f Renk Se\u00e7enekleri<\/strong><strong><\/p>\n<p><\/strong><\/p>\n<p><strong>Geni\u015f standart renk se\u00e7enekleri ve kurumsal renk se\u00e7enekleri.<\/strong><\/p>\n<p>&nbsp;<\/p>\n","protected":false},"excerpt":{"rendered":"<p>Teknik \u00d6zellikler \u00a0 \u00a0 \u00a0 En 2200 x 2200 mm Raf Sistemi S\u00fcrg\u00fcl\u00fc Derinlik 720 mm Raf Ta\u015f\u0131ma Kapasitesi 95 kg. Tezgah Y\u00fcksekli\u011fi 920 mm Kilitleme Sistemi Merkezi Kilit Pano Y\u00fcksekli\u011fi 1080 mm Tezgah Ayaklar\u0131 Ayarlanabilir Tezgah \u00dcst\u00fc 30 mm MDF Di\u011fer \u00d6zellikler 4 Adet Priz \u00c7ekmece Adet ve \u00d6l\u00e7\u00fcs\u00fc 4 x 100 + 2 x 125 + 2 x [&hellip;]<\/p>\n","protected":false},"featured_media":28120,"comment_status":"open","ping_status":"closed","template":"","meta":[],"product_brand":[],"product_cat":[15,51,44],"product_tag":[],"class_list":{"0":"post-28117","1":"product","2":"type-product","3":"status-publish","4":"has-post-thumbnail","6":"product_cat-genel","7":"product_cat-takim-dolaplari","8":"product_cat-takim-dolaplari-takim-cantalari-calisma-tezgahlari","10":"first","11":"instock","12":"shipping-taxable","13":"product-type-simple"},"_links":{"self":[{"href":"http:\/\/basakcilastik.com.tr\/index.php?rest_route=\/wp\/v2\/product\/28117","targetHints":{"allow":["GET"]}}],"collection":[{"href":"http:\/\/basakcilastik.com.tr\/index.php?rest_route=\/wp\/v2\/product"}],"about":[{"href":"http:\/\/basakcilastik.com.tr\/index.php?rest_route=\/wp\/v2\/types\/product"}],"replies":[{"embeddable":true,"href":"http:\/\/basakcilastik.com.tr\/index.php?rest_route=%2Fwp%2Fv2%2Fcomments&post=28117"}],"wp:featuredmedia":[{"embeddable":true,"href":"http:\/\/basakcilastik.com.tr\/index.php?rest_route=\/wp\/v2\/media\/28120"}],"wp:attachment":[{"href":"http:\/\/basakcilastik.com.tr\/index.php?rest_route=%2Fwp%2Fv2%2Fmedia&parent=28117"}],"wp:term":[{"taxonomy":"product_brand","embeddable":true,"href":"http:\/\/basakcilastik.com.tr\/index.php?rest_route=%2Fwp%2Fv2%2Fproduct_brand&post=28117"},{"taxonomy":"product_cat","embeddable":true,"href":"http:\/\/basakcilastik.com.tr\/index.php?rest_route=%2Fwp%2Fv2%2Fproduct_cat&post=28117"},{"taxonomy":"product_tag","embeddable":true,"href":"http:\/\/basakcilastik.com.tr\/index.php?rest_route=%2Fwp%2Fv2%2Fproduct_tag&post=28117"}],"curies":[{"name":"wp","href":"https:\/\/api.w.org\/{rel}","templated":true}]}}