{"id":28090,"date":"2020-09-08T13:16:24","date_gmt":"2020-09-08T13:16:24","guid":{"rendered":"https:\/\/basakcilastik.com.tr\/?post_type=product&#038;p=28090"},"modified":"2020-09-08T13:16:25","modified_gmt":"2020-09-08T13:16:25","slug":"metal-takim-cantasi-42-x-5","status":"publish","type":"product","link":"http:\/\/basakcilastik.com.tr\/?product=metal-takim-cantasi-42-x-5","title":{"rendered":"Metal Tak\u0131m \u00c7antas\u0131 42 x 5"},"content":{"rendered":"<p><strong>Metal Tak\u0131m \u00c7antas\u0131 42 x 5<\/strong><\/p>\n<p>Kod: EMC 425<\/p>\n<p>GEN\u0130\u015eL\u0130K 20 CM<\/p>\n<p>UZUNLUK 42 CM<\/p>\n<p>Y\u00dcKSEKL\u0130K 20 CM<\/p>\n","protected":false},"excerpt":{"rendered":"<p>Metal Tak\u0131m \u00c7antas\u0131 42 x 5 Kod: EMC 425 GEN\u0130\u015eL\u0130K 20 CM UZUNLUK 42 CM Y\u00dcKSEKL\u0130K 20 CM<\/p>\n","protected":false},"featured_media":28093,"comment_status":"open","ping_status":"closed","template":"","meta":[],"product_brand":[],"product_cat":[15,50,44],"product_tag":[],"class_list":{"0":"post-28090","1":"product","2":"type-product","3":"status-publish","4":"has-post-thumbnail","6":"product_cat-genel","7":"product_cat-takim-cantalari","8":"product_cat-takim-dolaplari-takim-cantalari-calisma-tezgahlari","10":"first","11":"instock","12":"shipping-taxable","13":"product-type-simple"},"_links":{"self":[{"href":"http:\/\/basakcilastik.com.tr\/index.php?rest_route=\/wp\/v2\/product\/28090","targetHints":{"allow":["GET"]}}],"collection":[{"href":"http:\/\/basakcilastik.com.tr\/index.php?rest_route=\/wp\/v2\/product"}],"about":[{"href":"http:\/\/basakcilastik.com.tr\/index.php?rest_route=\/wp\/v2\/types\/product"}],"replies":[{"embeddable":true,"href":"http:\/\/basakcilastik.com.tr\/index.php?rest_route=%2Fwp%2Fv2%2Fcomments&post=28090"}],"wp:featuredmedia":[{"embeddable":true,"href":"http:\/\/basakcilastik.com.tr\/index.php?rest_route=\/wp\/v2\/media\/28093"}],"wp:attachment":[{"href":"http:\/\/basakcilastik.com.tr\/index.php?rest_route=%2Fwp%2Fv2%2Fmedia&parent=28090"}],"wp:term":[{"taxonomy":"product_brand","embeddable":true,"href":"http:\/\/basakcilastik.com.tr\/index.php?rest_route=%2Fwp%2Fv2%2Fproduct_brand&post=28090"},{"taxonomy":"product_cat","embeddable":true,"href":"http:\/\/basakcilastik.com.tr\/index.php?rest_route=%2Fwp%2Fv2%2Fproduct_cat&post=28090"},{"taxonomy":"product_tag","embeddable":true,"href":"http:\/\/basakcilastik.com.tr\/index.php?rest_route=%2Fwp%2Fv2%2Fproduct_tag&post=28090"}],"curies":[{"name":"wp","href":"https:\/\/api.w.org\/{rel}","templated":true}]}}