{"id":28073,"date":"2020-09-08T13:10:18","date_gmt":"2020-09-08T13:10:18","guid":{"rendered":"https:\/\/basakcilastik.com.tr\/?post_type=product&#038;p=28073"},"modified":"2020-09-08T13:10:20","modified_gmt":"2020-09-08T13:10:20","slug":"mano-metal-kilitli-takim-cantas","status":"publish","type":"product","link":"http:\/\/basakcilastik.com.tr\/?product=mano-metal-kilitli-takim-cantas","title":{"rendered":"MANO METAL K\u0130L\u0130TL\u0130 TAKIM \u00c7ANTAS"},"content":{"rendered":"<p>MANO METAL K\u0130L\u0130TL\u0130 TAKIM \u00c7ANTAS<\/p>\n","protected":false},"excerpt":{"rendered":"<p>MANO METAL K\u0130L\u0130TL\u0130 TAKIM \u00c7ANTAS<\/p>\n","protected":false},"featured_media":28076,"comment_status":"open","ping_status":"closed","template":"","meta":[],"product_brand":[],"product_cat":[15,50,44],"product_tag":[],"class_list":{"0":"post-28073","1":"product","2":"type-product","3":"status-publish","4":"has-post-thumbnail","6":"product_cat-genel","7":"product_cat-takim-cantalari","8":"product_cat-takim-dolaplari-takim-cantalari-calisma-tezgahlari","10":"first","11":"instock","12":"shipping-taxable","13":"product-type-simple"},"_links":{"self":[{"href":"http:\/\/basakcilastik.com.tr\/index.php?rest_route=\/wp\/v2\/product\/28073","targetHints":{"allow":["GET"]}}],"collection":[{"href":"http:\/\/basakcilastik.com.tr\/index.php?rest_route=\/wp\/v2\/product"}],"about":[{"href":"http:\/\/basakcilastik.com.tr\/index.php?rest_route=\/wp\/v2\/types\/product"}],"replies":[{"embeddable":true,"href":"http:\/\/basakcilastik.com.tr\/index.php?rest_route=%2Fwp%2Fv2%2Fcomments&post=28073"}],"wp:featuredmedia":[{"embeddable":true,"href":"http:\/\/basakcilastik.com.tr\/index.php?rest_route=\/wp\/v2\/media\/28076"}],"wp:attachment":[{"href":"http:\/\/basakcilastik.com.tr\/index.php?rest_route=%2Fwp%2Fv2%2Fmedia&parent=28073"}],"wp:term":[{"taxonomy":"product_brand","embeddable":true,"href":"http:\/\/basakcilastik.com.tr\/index.php?rest_route=%2Fwp%2Fv2%2Fproduct_brand&post=28073"},{"taxonomy":"product_cat","embeddable":true,"href":"http:\/\/basakcilastik.com.tr\/index.php?rest_route=%2Fwp%2Fv2%2Fproduct_cat&post=28073"},{"taxonomy":"product_tag","embeddable":true,"href":"http:\/\/basakcilastik.com.tr\/index.php?rest_route=%2Fwp%2Fv2%2Fproduct_tag&post=28073"}],"curies":[{"name":"wp","href":"https:\/\/api.w.org\/{rel}","templated":true}]}}