{"id":28059,"date":"2020-09-08T13:02:48","date_gmt":"2020-09-08T13:02:48","guid":{"rendered":"https:\/\/basakcilastik.com.tr\/?post_type=product&#038;p=28059"},"modified":"2020-09-08T13:02:49","modified_gmt":"2020-09-08T13:02:49","slug":"l-boxx-136-professional-takim-cantasi-sistemi","status":"publish","type":"product","link":"http:\/\/basakcilastik.com.tr\/?product=l-boxx-136-professional-takim-cantasi-sistemi","title":{"rendered":"L-BOXX 136 Professional Tak\u0131m \u00c7antas\u0131 Sistemi"},"content":{"rendered":"<p>Tak\u0131m \u00c7antas\u0131 SistemiL-BOXX 136 Professional<\/p>\n<p>Bosch Ta\u015f\u0131ma ve Saklama Ekipmanlar\u0131 dahilinde geli\u015fmi\u015f depolama ve nakliye \u00e7\u00f6z\u00fcm\u00fc<\/p>\n<p>Teknik veriler<\/p>\n<table width=\"750\">\n<thead>\n<tr>\n<td colspan=\"2\">Ek veriler<\/td>\n<\/tr>\n<\/thead>\n<tbody>\n<tr>\n<td><strong>\u00dcst y\u00fcklenebilirlik*<\/strong><\/td>\n<td><strong>100<\/strong>\u00a0<strong>kg<\/strong><\/td>\n<\/tr>\n<tr>\n<td><strong>Kutu i\u00e7i y\u00fcklenebilirlik*<\/strong><\/td>\n<td><strong>25<\/strong>\u00a0<strong>kg<\/strong><\/td>\n<\/tr>\n<tr>\n<td><strong>\u00c7ekme direnci*<\/strong><\/td>\n<td><strong>50<\/strong>\u00a0<strong>kg<\/strong><\/td>\n<\/tr>\n<tr>\n<td>Malzeme t\u00fcr\u00fc<\/td>\n<td>ABS<\/td>\n<\/tr>\n<tr>\n<td>Uygunlu\u011fu<\/td>\n<td>T\u00fcm elektrikli el aleti \u00e7e\u015fitleri<\/td>\n<\/tr>\n<tr>\n<td>A\u011f\u0131rl\u0131k<\/td>\n<td>1,9\u00a0kg<\/td>\n<\/tr>\n<\/tbody>\n<\/table>\n<p>&nbsp;<\/p>\n<table width=\"750\">\n<thead>\n<tr>\n<td colspan=\"2\">D\u0131\u015f \u00f6l\u00e7\u00fcler<\/td>\n<\/tr>\n<\/thead>\n<tbody>\n<tr>\n<td>D\u0131\u015f \u00f6l\u00e7\u00fcler (geni\u015flik x uzunluk x y\u00fckseklik)<\/td>\n<td>442 x 357 x 151\u00a0mm<\/td>\n<\/tr>\n<\/tbody>\n<\/table>\n<p>* Vurgulanan Veriler<\/p>\n<p>Avantajlar<\/p>\n<p>Bosch Ta\u015f\u0131ma ve Saklama Ekipmanlar\u0131 dahilinde geli\u015fmi\u015f depolama ve nakliye \u00e7\u00f6z\u00fcm\u00fc<\/p>\n<ul>\n<li>Y\u0131\u011f\u0131l\u0131 duran kutular\u0131 kolayca a\u00e7abilme ve pratik ta\u015f\u0131ma i\u00e7in geli\u015fmi\u015f L-BOXX klik mekanizmas\u0131<\/li>\n<li>T\u00fcm L-BOXX s\u00fcr\u00fcmleriyle, tak\u0131m eklentileriyle ve sortimo ara\u00e7 i\u00e7i sistemiyle uyumlu olarak tam esneklik sa\u011flar<\/li>\n<li>G\u00fcvenilir L-BOXX malzeme ve geli\u015fmi\u015f kapatma kilitlerinin sa\u011flad\u0131\u011f\u0131 sa\u011flam tasar\u0131m<\/li>\n<\/ul>\n<p>Fonksiyonlar<\/p>\n<p>Bu paketin i\u00e7indekiler<\/p>\n<p>L-BOXX 136 Professional<\/p>\n<p>Sipari\u015f numaras\u0131:\u00a01\u00a0600\u00a0A01\u00a02G0<\/p>\n<p>&nbsp;<\/p>\n","protected":false},"excerpt":{"rendered":"<p>Tak\u0131m \u00c7antas\u0131 SistemiL-BOXX 136 Professional Bosch Ta\u015f\u0131ma ve Saklama Ekipmanlar\u0131 dahilinde geli\u015fmi\u015f depolama ve nakliye \u00e7\u00f6z\u00fcm\u00fc Teknik veriler Ek veriler \u00dcst y\u00fcklenebilirlik* 100\u00a0kg Kutu i\u00e7i y\u00fcklenebilirlik* 25\u00a0kg \u00c7ekme direnci* 50\u00a0kg Malzeme t\u00fcr\u00fc ABS Uygunlu\u011fu T\u00fcm elektrikli el aleti \u00e7e\u015fitleri A\u011f\u0131rl\u0131k 1,9\u00a0kg &nbsp; D\u0131\u015f \u00f6l\u00e7\u00fcler D\u0131\u015f \u00f6l\u00e7\u00fcler (geni\u015flik x uzunluk x y\u00fckseklik) 442 x 357 x 151\u00a0mm * Vurgulanan Veriler Avantajlar [&hellip;]<\/p>\n","protected":false},"featured_media":28062,"comment_status":"open","ping_status":"closed","template":"","meta":[],"product_brand":[],"product_cat":[15,50,44],"product_tag":[],"class_list":{"0":"post-28059","1":"product","2":"type-product","3":"status-publish","4":"has-post-thumbnail","6":"product_cat-genel","7":"product_cat-takim-cantalari","8":"product_cat-takim-dolaplari-takim-cantalari-calisma-tezgahlari","10":"first","11":"instock","12":"shipping-taxable","13":"product-type-simple"},"_links":{"self":[{"href":"http:\/\/basakcilastik.com.tr\/index.php?rest_route=\/wp\/v2\/product\/28059","targetHints":{"allow":["GET"]}}],"collection":[{"href":"http:\/\/basakcilastik.com.tr\/index.php?rest_route=\/wp\/v2\/product"}],"about":[{"href":"http:\/\/basakcilastik.com.tr\/index.php?rest_route=\/wp\/v2\/types\/product"}],"replies":[{"embeddable":true,"href":"http:\/\/basakcilastik.com.tr\/index.php?rest_route=%2Fwp%2Fv2%2Fcomments&post=28059"}],"wp:featuredmedia":[{"embeddable":true,"href":"http:\/\/basakcilastik.com.tr\/index.php?rest_route=\/wp\/v2\/media\/28062"}],"wp:attachment":[{"href":"http:\/\/basakcilastik.com.tr\/index.php?rest_route=%2Fwp%2Fv2%2Fmedia&parent=28059"}],"wp:term":[{"taxonomy":"product_brand","embeddable":true,"href":"http:\/\/basakcilastik.com.tr\/index.php?rest_route=%2Fwp%2Fv2%2Fproduct_brand&post=28059"},{"taxonomy":"product_cat","embeddable":true,"href":"http:\/\/basakcilastik.com.tr\/index.php?rest_route=%2Fwp%2Fv2%2Fproduct_cat&post=28059"},{"taxonomy":"product_tag","embeddable":true,"href":"http:\/\/basakcilastik.com.tr\/index.php?rest_route=%2Fwp%2Fv2%2Fproduct_tag&post=28059"}],"curies":[{"name":"wp","href":"https:\/\/api.w.org\/{rel}","templated":true}]}}